{"id":411,"date":"2021-02-01T17:29:16","date_gmt":"2021-02-01T09:29:16","guid":{"rendered":"https:\/\/avecobaggie.com\/?post_type=product&#038;p=411"},"modified":"2025-04-25T15:16:55","modified_gmt":"2025-04-25T07:16:55","slug":"heavy-duty-canvas-yoga-mat-bag","status":"publish","type":"product","link":"https:\/\/avecobaggie.com\/es\/producto\/heavy-duty-canvas-yoga-mat-bag\/","title":{"rendered":"Bolsa de lona para esterilla de yoga"},"content":{"rendered":"<p>Aveco proporciona principalmente bolsas ecol\u00f3gicas personalizadas con un servicio de soluci\u00f3n de ventanilla \u00fanica, pero tambi\u00e9n tenemos algunos dise\u00f1os b\u00e1sicos de bolsas en stock para que pueda empezar f\u00e1cilmente: <strong><em><a href=\"https:\/\/avecobaggie.com\/es\/producto\/\">categor\u00eda bolsas a medida.<\/a><\/em><\/strong><\/p>\n<p>La bolsa para esterilla de yoga est\u00e1 fabricada con material de lona resistente, ecol\u00f3gico y sostenible.<\/p>\n<h4 class=\"p1\">\u00a0 \u00a0 Caracter\u00edsticas del producto<\/h4>\n<ul>\n<li><strong>Estilo Bolsa<\/strong>: bolsa para esterilla de yoga<\/li>\n<li><strong>Tipo de material<\/strong>: Lienzo<\/li>\n<li><strong>Material Peso<\/strong>: 12oz<\/li>\n<li><strong>Material Color<\/strong>: Beige natural<\/li>\n<li><strong>Tama\u00f1o de la bolsa<\/strong>: 69X16CM<\/li>\n<li><strong>\u00c1rea de impresi\u00f3n<\/strong>: no imprimir<\/li>\n<li><strong>Cierre<\/strong>: cierre de cord\u00f3n\uff0c Es f\u00e1cil poner tu esterilla en la bolsa y mantenerla limpia y organizada.<\/li>\n<li><strong>Instrucciones de cuidado<\/strong>: Se recomienda lavar a mano, tambi\u00e9n se puede lavar a m\u00e1quina y secar colgado.<\/li>\n<\/ul>\n<p><strong>\u00a0 \u00a0 Notas:En el caso de los tejidos de algod\u00f3n o lona, se producir\u00e1 un ligero encogimiento despu\u00e9s del lavado.<\/strong><\/p>","protected":false},"excerpt":{"rendered":"<p>La bolsa para esterilla de yoga est\u00e1 fabricada con material de lona resistente, respetuoso con el medio ambiente, sostenible y f\u00e1cil de transportar.<\/p>","protected":false},"featured_media":414,"comment_status":"closed","ping_status":"closed","template":"","meta":{"_seopress_robots_primary_cat":"none","_seopress_titles_title":"","_seopress_titles_desc":"","_seopress_robots_index":""},"product_brand":[185],"product_cat":[188,100,102,112],"product_tag":[],"class_list":{"0":"post-411","1":"product","2":"type-product","3":"status-publish","4":"has-post-thumbnail","6":"product_brand-avecobaggie","7":"product_cat-custom-canvas-bag","8":"product_cat-other-creative-bag","9":"product_cat-cotton-canvas-bag","10":"product_cat-sports","12":"first","13":"instock","14":"taxable","15":"shipping-taxable","16":"product-type-simple"},"_links":{"self":[{"href":"https:\/\/avecobaggie.com\/es\/wp-json\/wp\/v2\/product\/411","targetHints":{"allow":["GET"]}}],"collection":[{"href":"https:\/\/avecobaggie.com\/es\/wp-json\/wp\/v2\/product"}],"about":[{"href":"https:\/\/avecobaggie.com\/es\/wp-json\/wp\/v2\/types\/product"}],"replies":[{"embeddable":true,"href":"https:\/\/avecobaggie.com\/es\/wp-json\/wp\/v2\/comments?post=411"}],"wp:featuredmedia":[{"embeddable":true,"href":"https:\/\/avecobaggie.com\/es\/wp-json\/wp\/v2\/media\/414"}],"wp:attachment":[{"href":"https:\/\/avecobaggie.com\/es\/wp-json\/wp\/v2\/media?parent=411"}],"wp:term":[{"taxonomy":"product_brand","embeddable":true,"href":"https:\/\/avecobaggie.com\/es\/wp-json\/wp\/v2\/product_brand?post=411"},{"taxonomy":"product_cat","embeddable":true,"href":"https:\/\/avecobaggie.com\/es\/wp-json\/wp\/v2\/product_cat?post=411"},{"taxonomy":"product_tag","embeddable":true,"href":"https:\/\/avecobaggie.com\/es\/wp-json\/wp\/v2\/product_tag?post=411"}],"curies":[{"name":"wp","href":"https:\/\/api.w.org\/{rel}","templated":true}]}}