{"id":4679,"date":"2021-10-09T16:52:47","date_gmt":"2021-10-09T08:52:47","guid":{"rendered":"https:\/\/avecobaggie.com\/?post_type=product&#038;p=4679"},"modified":"2021-10-13T15:37:12","modified_gmt":"2021-10-13T07:37:12","slug":"wholesale-d-cut-shape-shopping-non-woven-bag","status":"publish","type":"product","link":"https:\/\/avecobaggie.com\/es\/producto\/wholesale-d-cut-shape-shopping-non-woven-bag\/","title":{"rendered":"Bolsa de tela no tejida para compras al por mayor con forma de corte en D"},"content":{"rendered":"<p>Aveco Company se especializ\u00f3 en bolsos reutilizables de alta calidad, diversa personalizaci\u00f3n satisface su petici\u00f3n personalizada: 1. Tela del color del pantone 2. Logotipo de la marca impreso en bolso 3. A\u00f1ada el bolsillo dentro o fuera 4. A\u00f1adir bolsillo interior o exterior 4. diferentes formas de cuerda,<\/p>\n<p>Adem\u00e1s, Aveco ofrece m\u00e1s de 10 materiales para que usted elija. Tales como bolsa de algod\u00f3n 100%, bolsa de lona pesada, bolsa de lino natural, bolsa de yute ecol\u00f3gico, bolsa no tejida barata...<\/p>\n<p>CARACTER\u00cdSTICAS DEL PRODUCTO<\/p>\n<ul>\n<li><strong>Estilo Bolsa<\/strong>: Bolsa de compras no tejida<\/li>\n<li><strong>Tipo de material<\/strong>Tejido sin tejer de 65 g\/m\u00b2.<\/li>\n<li><strong>Material Color<\/strong>: Amarillo, verde, naranja, azul u otros colores personalizados<\/li>\n<li><strong>Tama\u00f1o de la bolsa<\/strong>: 30X23CM ( lista con tama\u00f1o est\u00e1ndar, aceptamos bolsa de tama\u00f1o personalizado \uff09<\/li>\n<li><strong>\u00c1rea de impresi\u00f3n<\/strong>: 1 color | 2 colores | m\u00e1s colores| Impresi\u00f3n completa, impresi\u00f3n a una o dos caras<\/li>\n<li><strong>Instrucciones de cuidado<\/strong>: S\u00f3lo se puede lavar a mano.<\/li>\n<\/ul>","protected":false},"excerpt":{"rendered":"<p>La bolsa no tejida para compras con corte en D es adecuada para proyectos promocionales, puede personalizar el color Pantone de la tela o el patr\u00f3n impreso,<br \/>\nbaratas y ligeras, si busca regalos para nuevos negocios o celebraciones, las bolsas no tejidas para compras ser\u00e1n su mejor elecci\u00f3n.<\/p>\n<p>&nbsp;<\/p>","protected":false},"featured_media":4680,"comment_status":"open","ping_status":"closed","template":"","meta":{"_seopress_robots_primary_cat":"none","_seopress_titles_title":"Wholesale D-cut shape shopping non-woven bag","_seopress_titles_desc":"","_seopress_robots_index":""},"product_brand":[],"product_cat":[29,105,111],"product_tag":[139],"class_list":{"0":"post-4679","1":"product","2":"type-product","3":"status-publish","4":"has-post-thumbnail","6":"product_cat-tote-bag","7":"product_cat-non-woven-bag","8":"product_cat-promotional-events","9":"product_tag-non-woven-bag","11":"first","12":"instock","13":"taxable","14":"shipping-taxable","15":"product-type-simple"},"_links":{"self":[{"href":"https:\/\/avecobaggie.com\/es\/wp-json\/wp\/v2\/product\/4679","targetHints":{"allow":["GET"]}}],"collection":[{"href":"https:\/\/avecobaggie.com\/es\/wp-json\/wp\/v2\/product"}],"about":[{"href":"https:\/\/avecobaggie.com\/es\/wp-json\/wp\/v2\/types\/product"}],"replies":[{"embeddable":true,"href":"https:\/\/avecobaggie.com\/es\/wp-json\/wp\/v2\/comments?post=4679"}],"wp:featuredmedia":[{"embeddable":true,"href":"https:\/\/avecobaggie.com\/es\/wp-json\/wp\/v2\/media\/4680"}],"wp:attachment":[{"href":"https:\/\/avecobaggie.com\/es\/wp-json\/wp\/v2\/media?parent=4679"}],"wp:term":[{"taxonomy":"product_brand","embeddable":true,"href":"https:\/\/avecobaggie.com\/es\/wp-json\/wp\/v2\/product_brand?post=4679"},{"taxonomy":"product_cat","embeddable":true,"href":"https:\/\/avecobaggie.com\/es\/wp-json\/wp\/v2\/product_cat?post=4679"},{"taxonomy":"product_tag","embeddable":true,"href":"https:\/\/avecobaggie.com\/es\/wp-json\/wp\/v2\/product_tag?post=4679"}],"curies":[{"name":"wp","href":"https:\/\/api.w.org\/{rel}","templated":true}]}}