{"id":4727,"date":"2021-10-15T14:43:58","date_gmt":"2021-10-15T06:43:58","guid":{"rendered":"https:\/\/avecobaggie.com\/?post_type=product&#038;p=4727"},"modified":"2022-09-05T11:02:32","modified_gmt":"2022-09-05T03:02:32","slug":"black-nylon-non-woven-bag","status":"publish","type":"product","link":"https:\/\/avecobaggie.com\/es\/producto\/black-nylon-non-woven-bag\/","title":{"rendered":"Bolsa negra de nailon no tejido"},"content":{"rendered":"<p>\u00bfSe ha sentido molesto cuando ha salido a comprar cosas peque\u00f1as pero no tiene una bolsa adecuada para cogerlas?<br \/>\nLa bolsa de mano est\u00e1ndar es demasiado grande para 2 patatas, pero no hay bolsa que no pueda contener patatas a mano.<br \/>\n\u00bfPor qu\u00e9 no poner bolsas de nailon no tejido en su bolsa diaria?<br \/>\nEs plegable y ligera, lo que permite guardarla en la bolsa de transporte si no es necesario.<br \/>\nDebido al material y al proceso de producci\u00f3n, el precio de las bolsas no tejidas ser\u00e1 inferior al de las bolsas de algod\u00f3n natural, lino o yute.<br \/>\nComo bolsa de supermercado, se puede vender como una combinaci\u00f3n, por ejemplo, 10pcs o 20 pcs con informaci\u00f3n diferente ayudar\u00e1 a los usuarios a reconocer.<\/p>\n<p>&nbsp;<\/p>\n<p>&nbsp;<\/p>\n<p>CARACTER\u00cdSTICAS DEL PRODUCTO<\/p>\n<ul>\n<li><strong>Estilo Bolsa<\/strong>: Bolsa de nylon no tejido<\/li>\n<li><strong>Tipo de material<\/strong>Tejido sin tejer de 65 g\/m\u00b2.<\/li>\n<li><strong>Material Color<\/strong>: Negro, podemos personalizar otros colores Pantone<\/li>\n<li><strong>Tama\u00f1o de la bolsa<\/strong>: 30X20CM ( lista con tama\u00f1o est\u00e1ndar, aceptamos bolsa de tama\u00f1o personalizado \uff09<\/li>\n<li><strong>\u00c1rea de impresi\u00f3n<\/strong>: 1 color | 2 colores | m\u00e1s colores| Impresi\u00f3n completa, impresi\u00f3n a una o dos caras<\/li>\n<li><strong>Instrucciones de cuidado<\/strong>: S\u00f3lo se puede lavar a mano.<\/li>\n<\/ul>","protected":false},"excerpt":{"rendered":"<p>La bolsa de nailon no tejido plegable tiene la misma forma que la bolsa de nailon de pl\u00e1stico,<br \/>\npero es reutilizable, reciclable y degradable.<\/p>","protected":false},"featured_media":4728,"comment_status":"open","ping_status":"closed","template":"","meta":{"_seopress_robots_primary_cat":"none","_seopress_titles_title":"Black nylon non-woven bag","_seopress_titles_desc":"","_seopress_robots_index":""},"product_brand":[],"product_cat":[29,105,109],"product_tag":[139],"class_list":{"0":"post-4727","1":"product","2":"type-product","3":"status-publish","4":"has-post-thumbnail","6":"product_cat-tote-bag","7":"product_cat-non-woven-bag","8":"product_cat-everyday","9":"product_tag-non-woven-bag","11":"first","12":"instock","13":"taxable","14":"shipping-taxable","15":"product-type-simple"},"_links":{"self":[{"href":"https:\/\/avecobaggie.com\/es\/wp-json\/wp\/v2\/product\/4727","targetHints":{"allow":["GET"]}}],"collection":[{"href":"https:\/\/avecobaggie.com\/es\/wp-json\/wp\/v2\/product"}],"about":[{"href":"https:\/\/avecobaggie.com\/es\/wp-json\/wp\/v2\/types\/product"}],"replies":[{"embeddable":true,"href":"https:\/\/avecobaggie.com\/es\/wp-json\/wp\/v2\/comments?post=4727"}],"wp:featuredmedia":[{"embeddable":true,"href":"https:\/\/avecobaggie.com\/es\/wp-json\/wp\/v2\/media\/4728"}],"wp:attachment":[{"href":"https:\/\/avecobaggie.com\/es\/wp-json\/wp\/v2\/media?parent=4727"}],"wp:term":[{"taxonomy":"product_brand","embeddable":true,"href":"https:\/\/avecobaggie.com\/es\/wp-json\/wp\/v2\/product_brand?post=4727"},{"taxonomy":"product_cat","embeddable":true,"href":"https:\/\/avecobaggie.com\/es\/wp-json\/wp\/v2\/product_cat?post=4727"},{"taxonomy":"product_tag","embeddable":true,"href":"https:\/\/avecobaggie.com\/es\/wp-json\/wp\/v2\/product_tag?post=4727"}],"curies":[{"name":"wp","href":"https:\/\/api.w.org\/{rel}","templated":true}]}}