{"id":7496,"date":"2022-11-07T10:45:05","date_gmt":"2022-11-07T02:45:05","guid":{"rendered":"https:\/\/avecobaggie.com\/?post_type=product&#038;p=7496"},"modified":"2022-11-07T10:59:22","modified_gmt":"2022-11-07T02:59:22","slug":"solid-color-patterned-tote-bag","status":"publish","type":"product","link":"https:\/\/avecobaggie.com\/es\/producto\/solid-color-patterned-tote-bag\/","title":{"rendered":"Bolso de mano estampado de color s\u00f3lido"},"content":{"rendered":"<h4 class=\"p1\">\u00a0Caracter\u00edsticas del producto<\/h4>\n<ul>\n<li><strong>Estilo Bolsa<\/strong>: Totes<\/li>\n<li><strong>Tipo de material<\/strong>: Lienzo<\/li>\n<li><strong>Material Color<\/strong>: Color personalizado<\/li>\n<li><strong>Tama\u00f1o de la bolsa<\/strong>: 40*35cm,45*40cm,37*35*10cm,45*35*10cm,Customize Size<\/li>\n<li><strong>\u00c1rea de impresi\u00f3n<\/strong>Sin impresi\u00f3n o con impresi\u00f3n personalizada<\/li>\n<li><strong>Instrucciones de cuidado<\/strong>: Se recomienda lavar a mano. Tambi\u00e9n se puede lavar a m\u00e1quina y secar colgado.<\/li>\n<\/ul>","protected":false},"excerpt":{"rendered":"<p>Elegante bolsa de lona con un bolsillo exterior, f\u00e1cil de poner las cosas peque\u00f1as.cierre de cremallera superior para que sea seguro.la parte inferior es con fuelle para que sea espacioso, popular en la forma y exquisita en la mano de obra.f\u00e1cil de logotipo personalizado, as\u00ed como impresiones patr\u00f3n.<\/p>","protected":false},"featured_media":7500,"comment_status":"open","ping_status":"closed","template":"","meta":{"_seopress_robots_primary_cat":"none","_seopress_titles_title":"","_seopress_titles_desc":"","_seopress_robots_index":""},"product_brand":[],"product_cat":[29,100,102],"product_tag":[],"class_list":{"0":"post-7496","1":"product","2":"type-product","3":"status-publish","4":"has-post-thumbnail","6":"product_cat-tote-bag","7":"product_cat-other-creative-bag","8":"product_cat-cotton-canvas-bag","10":"first","11":"instock","12":"taxable","13":"shipping-taxable","14":"product-type-simple"},"_links":{"self":[{"href":"https:\/\/avecobaggie.com\/es\/wp-json\/wp\/v2\/product\/7496","targetHints":{"allow":["GET"]}}],"collection":[{"href":"https:\/\/avecobaggie.com\/es\/wp-json\/wp\/v2\/product"}],"about":[{"href":"https:\/\/avecobaggie.com\/es\/wp-json\/wp\/v2\/types\/product"}],"replies":[{"embeddable":true,"href":"https:\/\/avecobaggie.com\/es\/wp-json\/wp\/v2\/comments?post=7496"}],"wp:featuredmedia":[{"embeddable":true,"href":"https:\/\/avecobaggie.com\/es\/wp-json\/wp\/v2\/media\/7500"}],"wp:attachment":[{"href":"https:\/\/avecobaggie.com\/es\/wp-json\/wp\/v2\/media?parent=7496"}],"wp:term":[{"taxonomy":"product_brand","embeddable":true,"href":"https:\/\/avecobaggie.com\/es\/wp-json\/wp\/v2\/product_brand?post=7496"},{"taxonomy":"product_cat","embeddable":true,"href":"https:\/\/avecobaggie.com\/es\/wp-json\/wp\/v2\/product_cat?post=7496"},{"taxonomy":"product_tag","embeddable":true,"href":"https:\/\/avecobaggie.com\/es\/wp-json\/wp\/v2\/product_tag?post=7496"}],"curies":[{"name":"wp","href":"https:\/\/api.w.org\/{rel}","templated":true}]}}