{"id":7518,"date":"2022-11-07T17:35:51","date_gmt":"2022-11-07T09:35:51","guid":{"rendered":"https:\/\/avecobaggie.com\/?post_type=product&#038;p=7518"},"modified":"2022-11-16T11:47:25","modified_gmt":"2022-11-16T03:47:25","slug":"folding-portable-shopping-bag-reusable-bag-waterproof-storage-oxford-cloth-bag-can-be-printed-with-logo","status":"publish","type":"product","link":"https:\/\/avecobaggie.com\/es\/producto\/folding-portable-shopping-bag-reusable-bag-waterproof-storage-oxford-cloth-bag-can-be-printed-with-logo\/","title":{"rendered":"Plegable bolsa de la compra port\u00e1til bolsa reutilizable de almacenamiento a prueba de agua Oxford bolsa de tela se puede imprimir con LOGO"},"content":{"rendered":"<p>CARACTER\u00cdSTICAS DEL PRODUCTO<\/p>\n<ul>\n<li><strong>Estilo Bolsa<\/strong>: Bolsa de la compra plegable y port\u00e1til<\/li>\n<li><strong>Tipo de material<\/strong>: <a class=\"color_pc_blue_text\" data-keyword=\"oxford cloth\">tela oxford<\/a><\/li>\n<li><strong>Material Color<\/strong>: Amarillo, morado, naranja, negro u otros colores personalizados<\/li>\n<li><strong>Tama\u00f1o de la bolsa<\/strong>: 35X30CM ( lista con tama\u00f1o est\u00e1ndar, aceptamos bolsa de tama\u00f1o personalizado \uff09<\/li>\n<li><strong>\u00c1rea de impresi\u00f3n<\/strong>: 1 color | 2 colores | m\u00e1s colores| Impresi\u00f3n completa, impresi\u00f3n a una o dos caras<\/li>\n<li><strong>Instrucciones de cuidado<\/strong>: S\u00f3lo se puede lavar a mano.<\/li>\n<\/ul>","protected":false},"excerpt":{"rendered":"<p>La bolsa no tejida de Halloween con motivos y elementos de dibujos animados har\u00e1 que las bolsas de regalo parezcan bonitas pero no asusten, el paquete creativo con el juguete de caramelo parece lujoso.<br \/>\nSi desea crear su propia bolsa no tejida de Halloween, env\u00ede el archivo de dise\u00f1o y recibir\u00e1 los regalos de Halloween en 15 d\u00edas.<\/p>","protected":false},"featured_media":7519,"comment_status":"open","ping_status":"closed","template":"","meta":{"_seopress_robots_primary_cat":"none","_seopress_titles_title":"","_seopress_titles_desc":"","_seopress_robots_index":""},"product_brand":[],"product_cat":[29,105,111],"product_tag":[139],"class_list":{"0":"post-7518","1":"product","2":"type-product","3":"status-publish","4":"has-post-thumbnail","6":"product_cat-tote-bag","7":"product_cat-non-woven-bag","8":"product_cat-promotional-events","9":"product_tag-non-woven-bag","11":"first","12":"instock","13":"taxable","14":"shipping-taxable","15":"product-type-simple"},"_links":{"self":[{"href":"https:\/\/avecobaggie.com\/es\/wp-json\/wp\/v2\/product\/7518","targetHints":{"allow":["GET"]}}],"collection":[{"href":"https:\/\/avecobaggie.com\/es\/wp-json\/wp\/v2\/product"}],"about":[{"href":"https:\/\/avecobaggie.com\/es\/wp-json\/wp\/v2\/types\/product"}],"replies":[{"embeddable":true,"href":"https:\/\/avecobaggie.com\/es\/wp-json\/wp\/v2\/comments?post=7518"}],"wp:featuredmedia":[{"embeddable":true,"href":"https:\/\/avecobaggie.com\/es\/wp-json\/wp\/v2\/media\/7519"}],"wp:attachment":[{"href":"https:\/\/avecobaggie.com\/es\/wp-json\/wp\/v2\/media?parent=7518"}],"wp:term":[{"taxonomy":"product_brand","embeddable":true,"href":"https:\/\/avecobaggie.com\/es\/wp-json\/wp\/v2\/product_brand?post=7518"},{"taxonomy":"product_cat","embeddable":true,"href":"https:\/\/avecobaggie.com\/es\/wp-json\/wp\/v2\/product_cat?post=7518"},{"taxonomy":"product_tag","embeddable":true,"href":"https:\/\/avecobaggie.com\/es\/wp-json\/wp\/v2\/product_tag?post=7518"}],"curies":[{"name":"wp","href":"https:\/\/api.w.org\/{rel}","templated":true}]}}