{"id":7652,"date":"2023-02-14T15:19:02","date_gmt":"2023-02-14T07:19:02","guid":{"rendered":"https:\/\/avecobaggie.com\/?post_type=product&#038;p=7652"},"modified":"2023-02-14T15:52:57","modified_gmt":"2023-02-14T07:52:57","slug":"wholesale-classic-jute-burlap-bag-supermarket-shopping-bag-gift-tote-bag","status":"publish","type":"product","link":"https:\/\/avecobaggie.com\/es\/producto\/wholesale-classic-jute-burlap-bag-supermarket-shopping-bag-gift-tote-bag\/","title":{"rendered":"Wholesale classic  Jute burlap bag supermarket shopping bag gift tote bag"},"content":{"rendered":"<p>Aveco ofrece principalmente bolsas ecol\u00f3gicas personalizadas con un servicio de soluci\u00f3n integral. Tambi\u00e9n tenemos algunas formas b\u00e1sicas de bolsas para un comienzo f\u00e1cil como aparece en el sitio web de\u00a0\u00a0<a href=\"https:\/\/avecobaggie.com\/es\/categoria-producto\/bags-in-stock\/\"> Bolsas en stock <\/a>. la mayor\u00eda de las bolsas en stock est\u00e1n en blanco sin ninguna impresi\u00f3n, por lo que es m\u00e1s f\u00e1cil para usted hacer un logotipo privado o etiqueta para sus clientes sin un m\u00ednimo.<\/p>\n<p><span class=\"Apple-converted-space\">\u00a0 \u00a0 Si quieres personalizar estas bolsas ecol\u00f3gicas, tambi\u00e9n es f\u00e1cil, algunas de las bolsas son incluso con muy bajo <\/span>MOQ para superficies personalizadas. Especialmente algod\u00f3n o bolsa de lona es extremadamente bajo en 100pieces o incluso menos para apoyar a los principiantes, vaya a <a href=\"https:\/\/avecobaggie.com\/es\/custom-solutions\/\"><strong>SOLUCIONES PERSONALIZADAS<\/strong><\/a> para saber m\u00e1s sobre los pasos de las bolsas a medida.<\/p>\n<p>Las bolsas de yute enumerados est\u00e1n hechos de yute, marr\u00f3n natural de la vendimia, y forrado con PVC, que es resistente al agua, resistente a la suciedad, tambi\u00e9n derramamiento es m\u00ednima.costura lateral reforzada, y amplia fuelle inferior son \u00fatiles para mantener la bolsa en forma elegante.correas de asas est\u00e1n llenas de algod\u00f3n y firmemente cosido a bolsas de yute, suave, resistente y c\u00f3modo.con en stock para 4 tama\u00f1os, entrega r\u00e1pida.<\/p>\n<h3 class=\"p1\"><span style=\"color: #333333;\">\u00a0Caracter\u00edsticas del producto Bolsa de yute al por mayor<\/span><\/h3>\n<ul>\n<li><strong>Estilo Bolsa<\/strong>Bolsa de yute con fondo y fuelle lateral<\/li>\n<li><strong>Tipo de material<\/strong>: Yute<\/li>\n<li><strong>Tama\u00f1o de la bolsa<\/strong>para la acci\u00f3n, tenemos 4 tama\u00f1o como 26X27X10CM| 30X39X15CM| 31X25X10CM| 39X31X15CM| 45X35X18CM<\/li>\n<li><strong>\u00c1rea de impresi\u00f3n<\/strong>: blanco en stock<\/li>\n<li><strong>Cierre<\/strong>: Abrir<\/li>\n<li><strong>Instrucciones de cuidado<\/strong>: Se recomienda lavar a mano, <strong>no se recomienda lavar a m\u00e1quina.<\/strong><\/li>\n<\/ul>\n<p><span class=\"a-list-item\">Aplicaci\u00f3n - bolsas de regalo de yute con asas perfectas para bodas, damas de honor, hoteles, cumplea\u00f1os, celebraciones como regalos, bolsas para fiestas; para mujeres como bolsas de la compra, para manualidades de bricolaje como ganchillo estampado, escritura bordado.<\/span><\/p>","protected":false},"excerpt":{"rendered":"<p><span class=\"a-list-item\">Made of natural burlap fabric and waterproof PE film material.<\/span>The jute bag is made of high density jute and lined with waterproof PVC film, high stiffness which is not easy to shrink,Splice canvas, make diy tote bag more convenient, create your own unique gift.<\/p>","protected":false},"featured_media":7657,"comment_status":"open","ping_status":"closed","template":"","meta":{"_seopress_robots_primary_cat":"none","_seopress_titles_title":"Wholesale DIY Jute burlap bag - Free Sample -Get Quote ","_seopress_titles_desc":"Low MOQ and ready to ship help you start business right away. OEM\/ODM \u00b7 Free Sample \u00b7 Flexible Shipping Ways \u00b7 7X24hours Available","_seopress_robots_index":""},"product_brand":[],"product_cat":[104,109],"product_tag":[],"class_list":{"0":"post-7652","1":"product","2":"type-product","3":"status-publish","4":"has-post-thumbnail","6":"product_cat-jute-burlap-bag","7":"product_cat-everyday","9":"first","10":"instock","11":"taxable","12":"shipping-taxable","13":"product-type-simple"},"_links":{"self":[{"href":"https:\/\/avecobaggie.com\/es\/wp-json\/wp\/v2\/product\/7652","targetHints":{"allow":["GET"]}}],"collection":[{"href":"https:\/\/avecobaggie.com\/es\/wp-json\/wp\/v2\/product"}],"about":[{"href":"https:\/\/avecobaggie.com\/es\/wp-json\/wp\/v2\/types\/product"}],"replies":[{"embeddable":true,"href":"https:\/\/avecobaggie.com\/es\/wp-json\/wp\/v2\/comments?post=7652"}],"wp:featuredmedia":[{"embeddable":true,"href":"https:\/\/avecobaggie.com\/es\/wp-json\/wp\/v2\/media\/7657"}],"wp:attachment":[{"href":"https:\/\/avecobaggie.com\/es\/wp-json\/wp\/v2\/media?parent=7652"}],"wp:term":[{"taxonomy":"product_brand","embeddable":true,"href":"https:\/\/avecobaggie.com\/es\/wp-json\/wp\/v2\/product_brand?post=7652"},{"taxonomy":"product_cat","embeddable":true,"href":"https:\/\/avecobaggie.com\/es\/wp-json\/wp\/v2\/product_cat?post=7652"},{"taxonomy":"product_tag","embeddable":true,"href":"https:\/\/avecobaggie.com\/es\/wp-json\/wp\/v2\/product_tag?post=7652"}],"curies":[{"name":"wp","href":"https:\/\/api.w.org\/{rel}","templated":true}]}}