{"id":7665,"date":"2023-02-14T16:44:09","date_gmt":"2023-02-14T08:44:09","guid":{"rendered":"https:\/\/avecobaggie.com\/?post_type=product&#038;p=7665"},"modified":"2025-10-13T13:37:05","modified_gmt":"2025-10-13T05:37:05","slug":"leather-bag-soft-protective-bag-suede-pull-rope-strap-pocket-wholesale","status":"publish","type":"product","link":"https:\/\/avecobaggie.com\/es\/producto\/leather-bag-soft-protective-bag-suede-pull-rope-strap-pocket-wholesale\/","title":{"rendered":"Bolsa de cuero suave bolsa de protecci\u00f3n de gamuza tirar de la correa de cuerda de bolsillo al por mayor"},"content":{"rendered":"<p>Aveco ofrece principalmente bolsas ecol\u00f3gicas personalizadas con un servicio de soluci\u00f3n integral. Tambi\u00e9n tenemos algunas formas b\u00e1sicas de bolsas para un comienzo f\u00e1cil como aparece en el sitio web de\u00a0\u00a0<a href=\"https:\/\/avecobaggie.com\/es\/categoria-producto\/bags-in-stock\/\"> Bolsas en stock <\/a>. la mayor\u00eda de las bolsas en stock est\u00e1n en blanco sin ninguna impresi\u00f3n, por lo que es m\u00e1s f\u00e1cil para usted hacer un logotipo privado o etiqueta para sus clientes sin un m\u00ednimo.<\/p>\n<p><span class=\"Apple-converted-space\">\u00a0 \u00a0 Si quieres personalizar estas bolsas ecol\u00f3gicas, tambi\u00e9n es f\u00e1cil, algunas de las bolsas son incluso con muy bajo <\/span>MOQ para superficies personalizadas. Especialmente algod\u00f3n o bolsa de lona es extremadamente bajo en 100pieces o incluso menos para apoyar a los principiantes, vaya a <a href=\"https:\/\/avecobaggie.com\/es\/custom-solutions\/\"><strong>SOLUCIONES PERSONALIZADAS<\/strong><\/a> para saber m\u00e1s sobre los pasos de las bolsas a medida.<\/p>\n<h3 class=\"p1\"><span style=\"color: #333333;\">\u00a0Caracter\u00edsticas de la bolsa de algod\u00f3n con cord\u00f3n personalizada<\/span><\/h3>\n<ul>\n<li><strong>Estilo Bolsa<\/strong>: Bolsa con cord\u00f3n<\/li>\n<li><strong>Tipo de material<\/strong>: <a class=\"color_pc_blue_text\" data-keyword=\"suede fabric\">suede fabric<\/a><\/li>\n<li><strong>Material Color<\/strong>: Light beige,<a class=\"color_pc_blue_text\" data-keyword=\"khaki\">Khaki<\/a><\/li>\n<li><strong>Tama\u00f1o de la bolsa<\/strong>:30*30cm\/40*40cm\/50*45cm\uff08 list with popular size, we accept customized size bag \uff09<\/li>\n<li><strong>\u00c1rea de impresi\u00f3n<\/strong>: 1 color | 2 colores | m\u00e1s colores| Impresi\u00f3n completa, impresi\u00f3n a una o dos caras<\/li>\n<li><strong>Cierre<\/strong>: Cord\u00f3n<\/li>\n<li><strong>Instrucciones de cuidado<\/strong>: Se recomienda lavar a mano, tambi\u00e9n se puede lavar a m\u00e1quina y secar colgado.<\/li>\n<\/ul>\n<p><strong>Notas:Para el tejido de algod\u00f3n, habr\u00e1 un ligero encogimiento despu\u00e9s del lavado<\/strong><\/p>\n\n\n<p><\/p>","protected":false},"excerpt":{"rendered":"<p>Perfect for gifts with purchase programs and giveaways,Get customized with your logo on the the cotton drawstring bag and expand your brand awareness. Soft bags can better protect expensive bags, making them perfect as new.<\/p>","protected":false},"featured_media":7669,"comment_status":"open","ping_status":"closed","template":"","meta":{"_seopress_robots_primary_cat":"none","_seopress_titles_title":"Customize drawstring bag the %%term_title%% wholesale %%sep%% %%sitetitle%%","_seopress_titles_desc":"Various shapes, thickness and Sizes give you more choices on Custom cotton drawstring bag.Sample proofing in 3 days,Fast turn around,0 Claim quality","_seopress_robots_index":""},"product_brand":[],"product_cat":[147,113],"product_tag":[],"class_list":{"0":"post-7665","1":"product","2":"type-product","3":"status-publish","4":"has-post-thumbnail","6":"product_cat-test","7":"product_cat-bags-in-stock","9":"first","10":"instock","11":"taxable","12":"shipping-taxable","13":"product-type-simple"},"_links":{"self":[{"href":"https:\/\/avecobaggie.com\/es\/wp-json\/wp\/v2\/product\/7665","targetHints":{"allow":["GET"]}}],"collection":[{"href":"https:\/\/avecobaggie.com\/es\/wp-json\/wp\/v2\/product"}],"about":[{"href":"https:\/\/avecobaggie.com\/es\/wp-json\/wp\/v2\/types\/product"}],"replies":[{"embeddable":true,"href":"https:\/\/avecobaggie.com\/es\/wp-json\/wp\/v2\/comments?post=7665"}],"wp:featuredmedia":[{"embeddable":true,"href":"https:\/\/avecobaggie.com\/es\/wp-json\/wp\/v2\/media\/7669"}],"wp:attachment":[{"href":"https:\/\/avecobaggie.com\/es\/wp-json\/wp\/v2\/media?parent=7665"}],"wp:term":[{"taxonomy":"product_brand","embeddable":true,"href":"https:\/\/avecobaggie.com\/es\/wp-json\/wp\/v2\/product_brand?post=7665"},{"taxonomy":"product_cat","embeddable":true,"href":"https:\/\/avecobaggie.com\/es\/wp-json\/wp\/v2\/product_cat?post=7665"},{"taxonomy":"product_tag","embeddable":true,"href":"https:\/\/avecobaggie.com\/es\/wp-json\/wp\/v2\/product_tag?post=7665"}],"curies":[{"name":"wp","href":"https:\/\/api.w.org\/{rel}","templated":true}]}}