{"id":7671,"date":"2023-02-14T16:58:29","date_gmt":"2023-02-14T08:58:29","guid":{"rendered":"https:\/\/avecobaggie.com\/?post_type=product&#038;p=7671"},"modified":"2023-03-20T10:29:36","modified_gmt":"2023-03-20T02:29:36","slug":"solid-color-can-be-customized-size-logo-environmental-friendly-canvas-bag","status":"publish","type":"product","link":"https:\/\/avecobaggie.com\/es\/producto\/solid-color-can-be-customized-size-logo-environmental-friendly-canvas-bag\/","title":{"rendered":"Color s\u00f3lido se puede personalizar tama\u00f1o logotipo bolsa de lona respetuoso del medio ambiente"},"content":{"rendered":"<p>Aveco empresa puede personalizar y bolsas de lona al por mayor con un servicio de soluci\u00f3n de ventanilla \u00fanica. Tambi\u00e9n tenemos algunas formas b\u00e1sicas de bolsas para un comienzo f\u00e1cil como aparece en el sitio web de\u00a0\u00a0<a href=\"https:\/\/avecobaggie.com\/es\/categoria-producto\/bags-in-stock\/\"> Bolsas en stock <\/a>. la mayor\u00eda de las bolsas en stock est\u00e1n en blanco sin ninguna impresi\u00f3n, por lo que es m\u00e1s f\u00e1cil para usted hacer un logotipo privado o etiqueta para sus clientes sin un m\u00ednimo.<\/p>\n<p><span class=\"Apple-converted-space\">\u00a0 \u00a0 Si quieres personalizar estas bolsas ecol\u00f3gicas, tambi\u00e9n es f\u00e1cil, algunas de las bolsas son incluso con muy bajo <\/span>MOQ para superficies personalizadas. Especialmente algod\u00f3n o bolsa de lona es extremadamente bajo en 100pieces o incluso menos para apoyar a los principiantes, vaya a <a href=\"https:\/\/avecobaggie.com\/es\/custom-solutions\/\"><strong>SOLUCIONES PERSONALIZADAS<\/strong><\/a> para saber m\u00e1s sobre los pasos de las bolsas a medida.<\/p>\n<h4 class=\"p1\"><span style=\"color: #333333;\">Caracter\u00edsticas del producto<\/span><\/h4>\n<ul>\n<li><strong>Estilo Bolsa<\/strong>: Totes<\/li>\n<li><strong>Tipo de material<\/strong>: Lienzo<\/li>\n<li><strong>Material Peso<\/strong>:5oz\/6oz\/8oz\/10oz\/12oz \/14oz\/16oz tambi\u00e9n podemos hacer otros espesores seg\u00fan su petici\u00f3n, <a href=\"https:\/\/avecobaggie.com\/es\/custom-solutions\/\">Haga clic para ver la tabla de pesos de los tejidos , <\/a>hilo grueso, incluido punto de cruz en el mango para una m\u00e1xima firmeza.<\/li>\n<li><strong>Material Color<\/strong>: Beige natural<\/li>\n<li><strong>Tama\u00f1o de la bolsa<\/strong>:34*40*10CM \/45*35*10CM( lista con tama\u00f1o est\u00e1ndar, aceptamos bolsa de tama\u00f1o personalizado \uff09<\/li>\n<li><strong>\u00c1rea de impresi\u00f3n<\/strong>: 1 color | 2 colores | m\u00e1s colores| Impresi\u00f3n completa, impresi\u00f3n a una o dos caras<\/li>\n<\/ul>\n<h4 class=\"a-spacing-mini\">Multiusos<\/h4>\n<p>La bolsa puede ser totalmente en blanco sin ning\u00fan tipo de impresiones o logotipos si usted quiere vender bolsa de lona en blanco en el prop\u00f3sito de bricolaje, es ideal para la pintura y la decoraci\u00f3n de proyectos en el hogar, escuela, campamento o algunas actividades de caridad. Tambi\u00e9n puede agrupar la bolsa con herramientas de pintura como un paquete para vender.<\/p>\n<p>Otra manera de DIY prop\u00f3sito es vender al por mayor un paquete de transferencia de calor de papel de vinilo para planchar, por lo que puede transferir bien en el bag.it regalo perfecto.<\/p>\n<p>Adem\u00e1s de los prop\u00f3sitos de bricolaje, tambi\u00e9n puede personalizar un logotipo o patr\u00f3n con el fabricante directamente para ampliar su conocimiento de la marca, la bolsa es ideal para llevar todos los d\u00edas, la escuela, el trabajo, la playa, picnic, fiesta, gimnasio, biblioteca, regalos de cumplea\u00f1os, ferias, conferencias, regalos de Navidad, bodas y diversos eventos de llevar.<\/p>\n<h4 class=\"a-spacing-mini\">Gran capacidad<\/h4>\n<p>La bolsa puede contener unos 20 litros y soporta m\u00e1s de 50 libras. El mango largo y ancho es una gran manera de aliviar el dolor muscular, y usted se sentir\u00e1 c\u00f3modo sosteni\u00e9ndolo en la mano o en el hombro.Las correas se pueden personalizar con sus propias peticiones, el tama\u00f1o normal es de 75CM de largo.<\/p>\n<h4 class=\"a-spacing-mini\">Excelente producci\u00f3n<\/h4>\n<p>Con m\u00e1s de 10 a\u00f1os de experiencia de costura para los trabajadores, podemos controlar la tolerancia de tama\u00f1o de +\/-1\u2033, El excelente equipo de gesti\u00f3n tendr\u00e1 un estricto control y seguimiento a lo largo de todo el process.Each bolsa ser\u00e1 estrictamente inspeccionado antes del env\u00edo, independientemente peque\u00f1o o grande.Estamos comprometidos a llevar los mejores bolsos de lona valiosa a nuestros clientes.<\/p>\n<h4 class=\"a-spacing-mini\">Aviso de lavado<\/h4>\n<p>se recomienda lavar a mano en agua fr\u00eda o a m\u00e1quina, y planchar a alta temperatura despu\u00e9s de secar de forma natural.<\/p>\n<p><strong>Notas:Para el tejido de algod\u00f3n, habr\u00e1 un ligero encogimiento despu\u00e9s del lavado<\/strong><\/p>\n<p>&nbsp;<\/p>","protected":false},"excerpt":{"rendered":"<p>Introducing our customizable solid color canvas bag, designed with both style and sustainability in mind. Made from environmentally friendly materials, this canvas bag is perfect for carrying your essentials while reducing your carbon footprint.<\/p>\n<p>With its solid color design, this canvas bag is versatile enough to match any outfit and can be<em class=\"Highlight\"> personalizado <\/em>with your own unique logo. Plus, the bag is available in a range of sizes to fit all your needs.<em class=\"Highlight\"> personalizado <\/em>with your own unique logo.<\/p>","protected":false},"featured_media":7677,"comment_status":"open","ping_status":"closed","template":"","meta":{"_seopress_robots_primary_cat":"none","_seopress_titles_title":"Custom Canvas Tote Bag With Pockets - Fast Proof-Free Sample  ","_seopress_titles_desc":"Canvas Tote Bag with pockets outside and reinforced straps,Durable and eco friendly.10+ years experience make the neat sewing and reputed quality.","_seopress_robots_index":""},"product_brand":[],"product_cat":[29,102,108,110],"product_tag":[],"class_list":{"0":"post-7671","1":"product","2":"type-product","3":"status-publish","4":"has-post-thumbnail","6":"product_cat-tote-bag","7":"product_cat-cotton-canvas-bag","8":"product_cat-work-school","9":"product_cat-travel","11":"first","12":"instock","13":"taxable","14":"shipping-taxable","15":"product-type-simple"},"_links":{"self":[{"href":"https:\/\/avecobaggie.com\/es\/wp-json\/wp\/v2\/product\/7671","targetHints":{"allow":["GET"]}}],"collection":[{"href":"https:\/\/avecobaggie.com\/es\/wp-json\/wp\/v2\/product"}],"about":[{"href":"https:\/\/avecobaggie.com\/es\/wp-json\/wp\/v2\/types\/product"}],"replies":[{"embeddable":true,"href":"https:\/\/avecobaggie.com\/es\/wp-json\/wp\/v2\/comments?post=7671"}],"wp:featuredmedia":[{"embeddable":true,"href":"https:\/\/avecobaggie.com\/es\/wp-json\/wp\/v2\/media\/7677"}],"wp:attachment":[{"href":"https:\/\/avecobaggie.com\/es\/wp-json\/wp\/v2\/media?parent=7671"}],"wp:term":[{"taxonomy":"product_brand","embeddable":true,"href":"https:\/\/avecobaggie.com\/es\/wp-json\/wp\/v2\/product_brand?post=7671"},{"taxonomy":"product_cat","embeddable":true,"href":"https:\/\/avecobaggie.com\/es\/wp-json\/wp\/v2\/product_cat?post=7671"},{"taxonomy":"product_tag","embeddable":true,"href":"https:\/\/avecobaggie.com\/es\/wp-json\/wp\/v2\/product_tag?post=7671"}],"curies":[{"name":"wp","href":"https:\/\/api.w.org\/{rel}","templated":true}]}}