{"id":8982,"date":"2025-03-17T17:30:21","date_gmt":"2025-03-17T09:30:21","guid":{"rendered":"https:\/\/avecobaggie.com\/?post_type=product&#038;p=8982"},"modified":"2025-03-18T14:37:51","modified_gmt":"2025-03-18T06:37:51","slug":"jute-totes-with-woven-handle","status":"publish","type":"product","link":"https:\/\/avecobaggie.com\/es\/producto\/jute-totes-with-woven-handle\/","title":{"rendered":"Jute Totes with Woven handle"},"content":{"rendered":"<h2 class=\"wp-block-heading has-text-align-center\">Product Features for Jute totes with Woven handle<\/h2>\n\n\n\n<ul class=\"wp-block-list\">\n<li>Large Size: 42\u00d730\u00d710cm. This Jute Shopping Bag is large enough to hold food vegatables, fruits, etc.<\/li>\n\n\n\n<li>High Quality &#8211; The jute tote bag is made of 100% natural jute fiber with a clear coating of PE, it&#8217;s waterproof.<\/li>\n\n\n\n<li>Professional Design &#8211; thickened canvas trim + double-stitched handles with foam inside (15kg static\/8kg dynamic load)<\/li>\n\n\n\n<li>Multiple Occasions &#8211; The jute tote bag for women brings nature, unique and chic, perfect for beach, party, shopping, camping, and dating.<\/li>\n<\/ul>\n\n\n\n<p>Easy to Customize with logo,pattern , size,a nd shape.<\/p>\n\n\n\n<h3 class=\"wp-block-heading has-text-align-center\">Soluciones a medida<\/h3>\n\n\n\n<figure class=\"wp-block-image size-large\"><img fetchpriority=\"high\" width=\"1024\" height=\"816\" src=\"https:\/\/avecobaggie.com\/wp-content\/uploads\/2025\/03\/Handle-Style-1024x816.jpg\" alt=\"\" class=\"wp-image-8939\" srcset=\"https:\/\/avecobaggie.com\/wp-content\/uploads\/2025\/03\/Handle-Style-1024x816.jpg 1024w, https:\/\/avecobaggie.com\/wp-content\/uploads\/2025\/03\/Handle-Style-300x239.jpg 300w, https:\/\/avecobaggie.com\/wp-content\/uploads\/2025\/03\/Handle-Style-768x612.jpg 768w, https:\/\/avecobaggie.com\/wp-content\/uploads\/2025\/03\/Handle-Style-600x478.jpg 600w, https:\/\/avecobaggie.com\/wp-content\/uploads\/2025\/03\/Handle-Style.jpg 1444w\" sizes=\"(max-width: 1024px) 100vw, 1024px\" \/><\/figure>\n\n\n\n<figure class=\"wp-block-table\"><table><tbody><tr><td>Material<\/td><td>Yute, lino, falso yute<\/td><\/tr><tr><td>Color<\/td><td>Elija entre nuestro stock de tejidos disponibles o personal\u00edcelos mediante te\u00f1ido para que coincidan con colores Pantone espec\u00edficos.<\/td><\/tr><tr><td>Grosor del tejido<\/td><td>200-450 g\/m\u00b2.<\/td><\/tr><tr><td>Impresi\u00f3n<\/td><td>Serigraf\u00eda, impresi\u00f3n por transferencia t\u00e9rmica, impresi\u00f3n digital, gofrado<\/td><\/tr><tr><td>Tipo de asa<\/td><td>Yute, lino, algod\u00f3n, cuero, cintas, bamb\u00fa<\/td><\/tr><tr><td>Accesorios<\/td><td>Bolsillo interior, bolsillo exterior, cremallera, bot\u00f3n a presi\u00f3n, cierre magn\u00e9tico, velcro, cord\u00f3n, fuelle inferior, fuelle lateral, anilla en D, hebillas, ojal, separadores, etiqueta, etiqueta<\/td><\/tr><tr><td>Utilizaci\u00f3n<\/td><td>Compras, regalos, promociones, embalajes, bolsas de playa, transporte personal diario<\/td><\/tr><tr><td rowspan=\"4\">Producci\u00f3n de muestras<\/td><td>Plazo de entrega: 3-7 d\u00edas.<\/td><\/tr><tr><td>Coste: 30USD-80USD Var\u00eda en funci\u00f3n de los detalles del producto.<\/td><\/tr><tr><td>Pol\u00edtica de reembolso: Totalmente reembolsable con un pedido de 1000 uds o m\u00e1s.<\/td><\/tr><tr><td>Las muestras est\u00e1ndar son gratuitas. Solo tendr\u00e1s que cubrir los gastos de env\u00edo.<\/td><\/tr><tr><td>Embalaje<\/td><td>Bolsa PE + Cart\u00f3n (Personalizable)<\/td><\/tr><tr><td>Producci\u00f3n en serie<\/td><td>7-30 d\u00edas, dependiendo de la cantidad<\/td><\/tr><tr><td>Env\u00edo<\/td><td>Por expreso (DHL, UPS, FedEx, TNT, EMS), Por aire, Por mar<\/td><\/tr><\/tbody><\/table><\/figure>","protected":false},"excerpt":{"rendered":"<p>Logo Print | Low MOQ | Eco Friendly | Water resist<\/p>","protected":false},"featured_media":8990,"comment_status":"open","ping_status":"closed","template":"","meta":{"_seopress_robots_primary_cat":"none","_seopress_titles_title":"%%post_title%% %%sep%% Get Customized Now","_seopress_titles_desc":"The jute tote bag is made of 100% natural jute fiber,Large Size: 42\u00d730\u00d710cm,Easy to Customize at low MOQ with logo,pattern , size,a nd shape.","_seopress_robots_index":""},"product_brand":[],"product_cat":[187,29],"product_tag":[],"class_list":{"0":"post-8982","1":"product","2":"type-product","3":"status-publish","4":"has-post-thumbnail","6":"product_cat-custom-jute-bag","7":"product_cat-tote-bag","9":"first","10":"instock","11":"taxable","12":"shipping-taxable","13":"product-type-simple"},"_links":{"self":[{"href":"https:\/\/avecobaggie.com\/es\/wp-json\/wp\/v2\/product\/8982","targetHints":{"allow":["GET"]}}],"collection":[{"href":"https:\/\/avecobaggie.com\/es\/wp-json\/wp\/v2\/product"}],"about":[{"href":"https:\/\/avecobaggie.com\/es\/wp-json\/wp\/v2\/types\/product"}],"replies":[{"embeddable":true,"href":"https:\/\/avecobaggie.com\/es\/wp-json\/wp\/v2\/comments?post=8982"}],"wp:featuredmedia":[{"embeddable":true,"href":"https:\/\/avecobaggie.com\/es\/wp-json\/wp\/v2\/media\/8990"}],"wp:attachment":[{"href":"https:\/\/avecobaggie.com\/es\/wp-json\/wp\/v2\/media?parent=8982"}],"wp:term":[{"taxonomy":"product_brand","embeddable":true,"href":"https:\/\/avecobaggie.com\/es\/wp-json\/wp\/v2\/product_brand?post=8982"},{"taxonomy":"product_cat","embeddable":true,"href":"https:\/\/avecobaggie.com\/es\/wp-json\/wp\/v2\/product_cat?post=8982"},{"taxonomy":"product_tag","embeddable":true,"href":"https:\/\/avecobaggie.com\/es\/wp-json\/wp\/v2\/product_tag?post=8982"}],"curies":[{"name":"wp","href":"https:\/\/api.w.org\/{rel}","templated":true}]}}