{"id":8994,"date":"2025-03-18T13:49:00","date_gmt":"2025-03-18T05:49:00","guid":{"rendered":"https:\/\/avecobaggie.com\/?post_type=product&#038;p=8994"},"modified":"2025-03-19T09:54:17","modified_gmt":"2025-03-19T01:54:17","slug":"synthetic-hemp-tote-with-silk-ribbon-bow","status":"publish","type":"product","link":"https:\/\/avecobaggie.com\/es\/producto\/synthetic-hemp-tote-with-silk-ribbon-bow\/","title":{"rendered":"Tote de c\u00e1\u00f1amo sint\u00e9tico con lazo de seda"},"content":{"rendered":"<h4 class=\"wp-block-heading has-text-align-center\">Caracter\u00edsticas del producto Tote de c\u00e1\u00f1amo sint\u00e9tico con lazo de seda <\/h4>\n\n\n\n<ol class=\"wp-block-list\">\n<li><strong>Material de alta calidad:<\/strong> Fabricado en <strong>fibra sint\u00e9tica de yute<\/strong>Este bolso de mano ofrece<strong> un aspecto natural y ecol\u00f3gico<\/strong> con un toque de durabilidad moderna. El color amarillo del yute desprende un encanto r\u00fastico, perfecto para la personalizaci\u00f3n de la marca.<\/li>\n\n\n\n<li><strong>Dise\u00f1o llamativo: <\/strong>Adornado con <strong>un estampado de girasoles monocolor<\/strong>esta bolsa combina <strong>sencillez con elegancia<\/strong>. El vibrante dise\u00f1o es ideal para las marcas que buscan <strong>hacer una declaraci\u00f3n <\/strong>con sus art\u00edculos promocionales.<\/li>\n\n\n\n<li><strong>Funcional y pr\u00e1ctico: <\/strong>Dise\u00f1ado con <strong>una base y unos laterales, <\/strong>esta bolsa proporciona <strong>amplio espacio <\/strong>para los objetos de uso diario. El interior incluye<strong> un forro<\/strong> y un <strong>bolsillo con cremallera<\/strong>El almacenamiento seguro y organizado de sus pertenencias.<\/li>\n\n\n\n<li><strong>Reforzado para mayor durabilidad:<\/strong> En <strong>asas de n\u00facleo tejido<\/strong> est\u00e1n reforzadas con doble costura, capaces de soportar <strong>hasta 15 kg<\/strong>. Esto hace que la bolsa no s\u00f3lo sea elegante, sino tambi\u00e9n muy funcional para diversos usos.<\/li>\n\n\n\n<li><strong>Elegante toque final:<\/strong> Las asas son <strong>adornado con un lazo de seda<\/strong>para a\u00f1adir un toque de sofisticaci\u00f3n a su <strong>promocional de la marca <\/strong>o producto al por menor.<\/li>\n<\/ol>\n\n\n\n<p>Opciones de personalizaci\u00f3n disponibles:<\/p>\n\n\n\n<p>Aunque este <strong>Bolsa de yute de c\u00e1\u00f1amo sint\u00e9tico<\/strong> con un estampado de girasol es un producto destacado, entendemos que cada marca tiene necesidades \u00fanicas. Ofrecemos <strong>opciones de dise\u00f1o personalizadas <\/strong>para diferentes estilos, materiales y modelos de bolsas. Tanto si necesita <strong>bolsas de algod\u00f3n, lona, tela sin tejer o papel lavable, bolsas de rPET<\/strong>podemos crear la soluci\u00f3n perfecta que se adapte a la identidad y los requisitos de su marca. P\u00f3ngase en contacto con nosotros hoy mismo para <strong>bolsas ecol\u00f3gicas personalizables adaptadas a sus<\/strong> necesidades empresariales.<\/p>\n\n\n\n<p class=\"has-text-align-center\"><strong>Soluciones a medida<\/strong><\/p>\n\n\n\n<figure class=\"wp-block-image size-large\"><img fetchpriority=\"high\" width=\"1024\" height=\"816\" src=\"https:\/\/avecobaggie.com\/wp-content\/uploads\/2025\/03\/Handle-Style-1024x816.jpg\" alt=\"\" class=\"wp-image-8939\" srcset=\"https:\/\/avecobaggie.com\/wp-content\/uploads\/2025\/03\/Handle-Style-1024x816.jpg 1024w, https:\/\/avecobaggie.com\/wp-content\/uploads\/2025\/03\/Handle-Style-300x239.jpg 300w, https:\/\/avecobaggie.com\/wp-content\/uploads\/2025\/03\/Handle-Style-768x612.jpg 768w, https:\/\/avecobaggie.com\/wp-content\/uploads\/2025\/03\/Handle-Style-600x478.jpg 600w, https:\/\/avecobaggie.com\/wp-content\/uploads\/2025\/03\/Handle-Style.jpg 1444w\" sizes=\"(max-width: 1024px) 100vw, 1024px\" \/><\/figure>\n\n\n\n<figure class=\"wp-block-table\"><table><tbody><tr><td>Material<\/td><td>Yute, lino, c\u00e1\u00f1amo sint\u00e9tico y yute<\/td><\/tr><tr><td>Color<\/td><td>Elija entre nuestro stock de tejidos disponibles o personal\u00edcelos mediante te\u00f1ido para que coincidan con colores Pantone espec\u00edficos.<\/td><\/tr><tr><td>Grosor del tejido<\/td><td>200-450 g\/m\u00b2.<\/td><\/tr><tr><td>Impresi\u00f3n<\/td><td>Serigraf\u00eda, impresi\u00f3n por transferencia t\u00e9rmica, impresi\u00f3n digital, gofrado<\/td><\/tr><tr><td>Tipo de asa<\/td><td>Yute, lino, algod\u00f3n, cuero, cintas, bamb\u00fa<\/td><\/tr><tr><td>Accesorios<\/td><td>Bolsillo interior, bolsillo exterior, cremallera, bot\u00f3n a presi\u00f3n, cierre magn\u00e9tico, velcro, cord\u00f3n, fuelle inferior, fuelle lateral, anilla en D, hebillas, ojal, separadores, etiqueta, etiqueta<\/td><\/tr><tr><td>Utilizaci\u00f3n<\/td><td>Compras, regalos, promociones, embalajes, bolsas de playa, transporte personal diario<\/td><\/tr><tr><td rowspan=\"4\">Producci\u00f3n de muestras<\/td><td>Plazo de entrega: 3-7 d\u00edas.<\/td><\/tr><tr><td>Coste: 30USD-80USD Var\u00eda en funci\u00f3n de los detalles del producto.<\/td><\/tr><tr><td>Pol\u00edtica de reembolso: Totalmente reembolsable con un pedido de 1000 uds o m\u00e1s.<\/td><\/tr><tr><td>Las muestras est\u00e1ndar son gratuitas. Solo tendr\u00e1s que cubrir los gastos de env\u00edo.<\/td><\/tr><tr><td>Embalaje<\/td><td>Bolsa PE + Cart\u00f3n (Personalizable)<\/td><\/tr><tr><td>Producci\u00f3n en serie<\/td><td>7-30 d\u00edas, dependiendo de la cantidad<\/td><\/tr><tr><td>Env\u00edo<\/td><td>Por expreso (DHL, UPS, FedEx, TNT, EMS), Por aire, Por mar<\/td><\/tr><\/tbody><\/table><\/figure>\n\n\n\n<p><\/p>","protected":false},"excerpt":{"rendered":"<p>Dise\u00f1o de moda | Lazo de seda | Bolsillo con cremallera | Asas reforzadas\u00a0<\/p>","protected":false},"featured_media":8996,"comment_status":"open","ping_status":"closed","template":"","meta":{"_seopress_robots_primary_cat":"none","_seopress_titles_title":"%%post_title%% %%sep%% %%sitetitle%%","_seopress_titles_desc":"Various shapes, thickness and Sizes give you more choices on Custom Jute Tote bags.Sample proofing in 3 days,Fast turn around,0 Claim quality","_seopress_robots_index":""},"product_brand":[],"product_cat":[187,29],"product_tag":[],"class_list":{"0":"post-8994","1":"product","2":"type-product","3":"status-publish","4":"has-post-thumbnail","6":"product_cat-custom-jute-bag","7":"product_cat-tote-bag","9":"first","10":"instock","11":"taxable","12":"shipping-taxable","13":"product-type-simple"},"_links":{"self":[{"href":"https:\/\/avecobaggie.com\/es\/wp-json\/wp\/v2\/product\/8994","targetHints":{"allow":["GET"]}}],"collection":[{"href":"https:\/\/avecobaggie.com\/es\/wp-json\/wp\/v2\/product"}],"about":[{"href":"https:\/\/avecobaggie.com\/es\/wp-json\/wp\/v2\/types\/product"}],"replies":[{"embeddable":true,"href":"https:\/\/avecobaggie.com\/es\/wp-json\/wp\/v2\/comments?post=8994"}],"wp:featuredmedia":[{"embeddable":true,"href":"https:\/\/avecobaggie.com\/es\/wp-json\/wp\/v2\/media\/8996"}],"wp:attachment":[{"href":"https:\/\/avecobaggie.com\/es\/wp-json\/wp\/v2\/media?parent=8994"}],"wp:term":[{"taxonomy":"product_brand","embeddable":true,"href":"https:\/\/avecobaggie.com\/es\/wp-json\/wp\/v2\/product_brand?post=8994"},{"taxonomy":"product_cat","embeddable":true,"href":"https:\/\/avecobaggie.com\/es\/wp-json\/wp\/v2\/product_cat?post=8994"},{"taxonomy":"product_tag","embeddable":true,"href":"https:\/\/avecobaggie.com\/es\/wp-json\/wp\/v2\/product_tag?post=8994"}],"curies":[{"name":"wp","href":"https:\/\/api.w.org\/{rel}","templated":true}]}}