{"id":9026,"date":"2025-03-18T16:08:23","date_gmt":"2025-03-18T08:08:23","guid":{"rendered":"https:\/\/avecobaggie.com\/?post_type=product&#038;p=9026"},"modified":"2025-03-19T11:48:32","modified_gmt":"2025-03-19T03:48:32","slug":"blue-jute-patchwork-tote-with-a-elastic-closure","status":"publish","type":"product","link":"https:\/\/avecobaggie.com\/es\/producto\/blue-jute-patchwork-tote-with-a-elastic-closure\/","title":{"rendered":"Tote Patchwork de yute azul con cierre el\u00e1stico"},"content":{"rendered":"<h2 class=\"wp-block-heading has-text-align-center\">Caracter\u00edsticas del producto Tote Patchwork de yute azul<\/h2>\n\n\n\n<p><strong>1. Llamativo dise\u00f1o de patchwork:<\/strong><br>Combina <strong>tejidos de yute azul y natural<\/strong> para un <strong>look \u00fanico y eco-chic<\/strong>. En <strong>delante y detr\u00e1s<\/strong> son <strong>yute natural<\/strong>mientras que el <strong>laterales y base<\/strong> son <strong>yute azul<\/strong>.<\/p>\n\n\n\n<p><strong>2. Asas azules duraderas:<\/strong><br>Caracter\u00edsticas <strong>asas azules entretejidas<\/strong> para <strong>comodidad y fuerza<\/strong>ideal para cargas pesadas.<\/p>\n\n\n\n<p><strong>3. Forro impermeable:<\/strong><br>Incluye un <strong>Revestimiento de pel\u00edcula de PE<\/strong> para <strong>protecci\u00f3n contra la humedad<\/strong>Perfecto para la compra, los art\u00edculos de playa o para usar al aire libre.<\/p>\n\n\n\n<p><strong>4. Cierre a presi\u00f3n el\u00e1stico:<\/strong><br>Equipado con un <strong>bot\u00f3n el\u00e1stico azul<\/strong> para <strong>cierre seguro y elegante<\/strong>.<\/p>\n\n\n\n<p><strong>5. Espacioso y pr\u00e1ctico:<\/strong><br>Medidas <strong>35x32x15cm<\/strong>, ofreciendo <strong>amplio espacio<\/strong> para ir de compras, de viaje o para el d\u00eda a d\u00eda.<\/p>\n\n\n\n<p><strong>6. Ecol\u00f3gico y de marca:<\/strong><br>Hecho de <strong>yute natural y azul<\/strong>es <strong>biodegradables, reutilizables y personalizables<\/strong> para la marca.<\/p>\n\n\n\n<p><strong>7. Casos de uso vers\u00e1tiles:<\/strong><br>Este bolso de mano es perfecto para:<\/p>\n\n\n\n<ul class=\"wp-block-list\">\n<li><strong>Marca minorista:<\/strong>\u00a0A\u00a0<strong>soluci\u00f3n de envasado \u00fanica y ecol\u00f3gica<\/strong>\u00a0para\u00a0<strong>boutiques, tiendas de regalos o marcas de moda sostenible<\/strong>.<\/li>\n\n\n\n<li><strong>Eventos promocionales:<\/strong>\u00a0Ideal para\u00a0<strong>regalos, ferias comerciales<\/strong>o\u00a0<strong>eventos de empresa<\/strong>\u00a0donde quiera causar una impresi\u00f3n duradera.<\/li>\n\n\n\n<li><strong>B\u00e1sicos cotidianos:<\/strong>\u00a0Ideal para\u00a0<strong>compras, viajes a la playa o trabajo<\/strong>ofreciendo un\u00a0<strong>elegante y pr\u00e1ctica bolsa reutilizable<\/strong>.<\/li>\n<\/ul>\n\n\n\n<hr class=\"wp-block-separator has-alpha-channel-opacity\"\/>\n\n\n\n<p><\/p>\n\n\n\n<h4 class=\"wp-block-heading has-text-align-center\"><strong>Opciones de personalizaci\u00f3n:<\/strong><\/h4>\n\n\n\n<p>Aunque este <strong>Tote patchwork azul y yute<\/strong> es una opci\u00f3n destacada, ofrecemos <strong>dise\u00f1os personalizados<\/strong> en <strong>tama\u00f1os, colores y marca<\/strong> a la medida de sus necesidades.<\/p>\n\n\n\n<p><strong>P\u00f3ngase en contacto con nosotros<\/strong> para crear <strong>bolsas de mano ecol\u00f3gicas de marca<\/strong> que elevan su marca.<\/p>\n\n\n\n<p><\/p>\n\n\n\n<figure class=\"wp-block-image size-large\"><img fetchpriority=\"high\" width=\"1024\" height=\"816\" src=\"https:\/\/avecobaggie.com\/wp-content\/uploads\/2025\/03\/Handle-Style-1024x816.jpg\" alt=\"\" class=\"wp-image-8939\" srcset=\"https:\/\/avecobaggie.com\/wp-content\/uploads\/2025\/03\/Handle-Style-1024x816.jpg 1024w, https:\/\/avecobaggie.com\/wp-content\/uploads\/2025\/03\/Handle-Style-300x239.jpg 300w, https:\/\/avecobaggie.com\/wp-content\/uploads\/2025\/03\/Handle-Style-768x612.jpg 768w, https:\/\/avecobaggie.com\/wp-content\/uploads\/2025\/03\/Handle-Style-600x478.jpg 600w, https:\/\/avecobaggie.com\/wp-content\/uploads\/2025\/03\/Handle-Style.jpg 1444w\" sizes=\"(max-width: 1024px) 100vw, 1024px\" \/><\/figure>\n\n\n\n<figure class=\"wp-block-table\"><table><tbody><tr><td>Material<\/td><td>Yute, lino, falso yute<\/td><\/tr><tr><td>Color<\/td><td>Elija entre nuestro stock de tejidos disponibles o personal\u00edcelos mediante te\u00f1ido para que coincidan con colores Pantone espec\u00edficos.<\/td><\/tr><tr><td>Grosor del tejido<\/td><td>200-450 g\/m\u00b2.<\/td><\/tr><tr><td>Impresi\u00f3n<\/td><td>Serigraf\u00eda, impresi\u00f3n por transferencia t\u00e9rmica, impresi\u00f3n digital, gofrado<\/td><\/tr><tr><td>Tipo de asa<\/td><td>Yute, lino, algod\u00f3n, cuero, cintas, bamb\u00fa<\/td><\/tr><tr><td>Accesorios<\/td><td>Bolsillo interior, bolsillo exterior, cremallera, bot\u00f3n a presi\u00f3n, cierre magn\u00e9tico, velcro, cord\u00f3n, fuelle inferior, fuelle lateral, anilla en D, hebillas, ojal, separadores, etiqueta, etiqueta<\/td><\/tr><tr><td>Utilizaci\u00f3n<\/td><td>Compras, regalos, promociones, embalajes, bolsas de playa, transporte personal diario<\/td><\/tr><tr><td rowspan=\"4\">Producci\u00f3n de muestras<\/td><td>Plazo de entrega: 3-7 d\u00edas.<\/td><\/tr><tr><td>Coste: 30USD-80USD Var\u00eda en funci\u00f3n de los detalles del producto.<\/td><\/tr><tr><td>Pol\u00edtica de reembolso: Totalmente reembolsable con un pedido de 1000 uds o m\u00e1s.<\/td><\/tr><tr><td>Las muestras est\u00e1ndar son gratuitas. Solo tendr\u00e1s que cubrir los gastos de env\u00edo.<\/td><\/tr><tr><td>Embalaje<\/td><td>Bolsa PE + Cart\u00f3n (Personalizable)<\/td><\/tr><tr><td>Producci\u00f3n en serie<\/td><td>7-30 d\u00edas, dependiendo de la cantidad<\/td><\/tr><tr><td>Env\u00edo<\/td><td>Por expreso (DHL, UPS, FedEx, TNT, EMS), Por aire, Por mar<\/td><\/tr><\/tbody><\/table><\/figure>","protected":false},"excerpt":{"rendered":"<p>Eco-Chic | Estilo patchwork | Forro impermeable | Cierre el\u00e1stico | De marca<\/p>","protected":false},"featured_media":9027,"comment_status":"open","ping_status":"closed","template":"","meta":{"_seopress_robots_primary_cat":"none","_seopress_titles_title":"%%post_title%% %%sep%% Get Customized Now","_seopress_titles_desc":"Eco-chic, waterproof, and stylish. Features interwoven blue handles, elastic closure, and custom branding options. Custom your Jute bag Now!","_seopress_robots_index":""},"product_brand":[],"product_cat":[187,29],"product_tag":[126],"class_list":{"0":"post-9026","1":"product","2":"type-product","3":"status-publish","4":"has-post-thumbnail","6":"product_cat-custom-jute-bag","7":"product_cat-tote-bag","8":"product_tag-grocery-bag","10":"first","11":"instock","12":"taxable","13":"shipping-taxable","14":"product-type-simple"},"_links":{"self":[{"href":"https:\/\/avecobaggie.com\/es\/wp-json\/wp\/v2\/product\/9026","targetHints":{"allow":["GET"]}}],"collection":[{"href":"https:\/\/avecobaggie.com\/es\/wp-json\/wp\/v2\/product"}],"about":[{"href":"https:\/\/avecobaggie.com\/es\/wp-json\/wp\/v2\/types\/product"}],"replies":[{"embeddable":true,"href":"https:\/\/avecobaggie.com\/es\/wp-json\/wp\/v2\/comments?post=9026"}],"wp:featuredmedia":[{"embeddable":true,"href":"https:\/\/avecobaggie.com\/es\/wp-json\/wp\/v2\/media\/9027"}],"wp:attachment":[{"href":"https:\/\/avecobaggie.com\/es\/wp-json\/wp\/v2\/media?parent=9026"}],"wp:term":[{"taxonomy":"product_brand","embeddable":true,"href":"https:\/\/avecobaggie.com\/es\/wp-json\/wp\/v2\/product_brand?post=9026"},{"taxonomy":"product_cat","embeddable":true,"href":"https:\/\/avecobaggie.com\/es\/wp-json\/wp\/v2\/product_cat?post=9026"},{"taxonomy":"product_tag","embeddable":true,"href":"https:\/\/avecobaggie.com\/es\/wp-json\/wp\/v2\/product_tag?post=9026"}],"curies":[{"name":"wp","href":"https:\/\/api.w.org\/{rel}","templated":true}]}}