{"id":9038,"date":"2025-03-18T16:37:10","date_gmt":"2025-03-18T08:37:10","guid":{"rendered":"https:\/\/avecobaggie.com\/?post_type=product&#038;p=9038"},"modified":"2025-03-19T08:40:18","modified_gmt":"2025-03-19T00:40:18","slug":"promotional-cute-bear-jute-canvas-tote-bag","status":"publish","type":"product","link":"https:\/\/avecobaggie.com\/es\/producto\/promotional-cute-bear-jute-canvas-tote-bag\/","title":{"rendered":"Bolsa promocional de yute y lona con un bonito oso"},"content":{"rendered":"<h2 class=\"wp-block-heading has-text-align-center\">Caracter\u00edsticas del producto Bolsa de lona de yute promocional con un simp\u00e1tico osito<\/h2>\n\n\n\n<ul class=\"wp-block-list\">\n<li>Esta bolsa de yute natural combina el encanto r\u00fastico con la durabilidad moderna. Perfecta para hacer la compra en el supermercado, para los d\u00edas de playa o para las aventuras en el mercado agr\u00edcola, su dise\u00f1o espacioso y sus asas reforzadas aguantan el ajetreo de la vida. <\/li>\n\n\n\n<li>El revestimiento laminado resistente al agua convierte el yute tradicional en un pr\u00e1ctico h\u00e9roe de la moda. Suficientemente espaciosa para libros, material de yoga o tesoros de fin de semana (\u00a112 cm de profundidad!)<\/li>\n\n\n\n<li>Esta guerrera ecol\u00f3gica de 34 cm de altura lo hace todo, desde almuerzos hasta recados urbanos. <\/li>\n\n\n\n<li>\u00a1M\u00e1s grande, mejor! Esta gran cesta de yute (\u00a1caben 3 \u00f3 4 bolsas de la compra reutilizables!) tiene un elegante acabado laminado que repele las salpicaduras. La base de 32 cm de ancho es robusta tanto si llevas productos frescos como art\u00edculos de la biblioteca.<\/li>\n<\/ul>\n\n\n\n<p><\/p>\n\n\n\n<h3 class=\"wp-block-heading has-text-align-center\">Soluciones a medida<\/h3>\n\n\n\n<figure class=\"wp-block-image size-large\"><img fetchpriority=\"high\" width=\"1024\" height=\"816\" src=\"https:\/\/avecobaggie.com\/wp-content\/uploads\/2025\/03\/Handle-Style-1024x816.jpg\" alt=\"Estilo de asa y accesorios para personalizar la bolsa de yute\" class=\"wp-image-8939\" srcset=\"https:\/\/avecobaggie.com\/wp-content\/uploads\/2025\/03\/Handle-Style-1024x816.jpg 1024w, https:\/\/avecobaggie.com\/wp-content\/uploads\/2025\/03\/Handle-Style-300x239.jpg 300w, https:\/\/avecobaggie.com\/wp-content\/uploads\/2025\/03\/Handle-Style-768x612.jpg 768w, https:\/\/avecobaggie.com\/wp-content\/uploads\/2025\/03\/Handle-Style-600x478.jpg 600w, https:\/\/avecobaggie.com\/wp-content\/uploads\/2025\/03\/Handle-Style.jpg 1444w\" sizes=\"(max-width: 1024px) 100vw, 1024px\" \/><\/figure>\n\n\n\n<figure class=\"wp-block-table\"><table><tbody><tr><td>Material<\/td><td>7-30 d\u00edas seg\u00fan la cantidad<\/td><\/tr><tr><td>Color<\/td><td>Elija entre nuestro stock de tejidos disponibles o personal\u00edcelos mediante te\u00f1ido para que coincidan con colores Pantone espec\u00edficos.<\/td><\/tr><tr><td>Grosor del tejido<\/td><td>200-450 g\/m\u00b2.<\/td><\/tr><tr><td>Impresi\u00f3n<\/td><td>Serigraf\u00eda, impresi\u00f3n por transferencia t\u00e9rmica, impresi\u00f3n digital, gofrado<\/td><\/tr><tr><td>Tipo de asa<\/td><td>Yute, lino, algod\u00f3n, cuero, cintas, bamb\u00fa<\/td><\/tr><tr><td>Accesorios<\/td><td>Bolsillo interior, bolsillo exterior, cremallera, bot\u00f3n a presi\u00f3n, cierre magn\u00e9tico, velcro, cord\u00f3n, fuelle inferior, fuelle lateral, anilla en D, hebillas, ojal, separadores, etiqueta, etiqueta<\/td><\/tr><tr><td>Utilizaci\u00f3n<\/td><td>Compras, regalos, promociones, embalajes, bolsas de playa, transporte personal diario<\/td><\/tr><tr><td rowspan=\"4\">Producci\u00f3n de muestras<\/td><td>Plazo de entrega: 3-7 d\u00edas.<\/td><\/tr><tr><td>Coste: 30USD-80USD Var\u00eda en funci\u00f3n de los detalles del producto.<\/td><\/tr><tr><td>Pol\u00edtica de reembolso: Totalmente reembolsable con un pedido de 1000 uds o m\u00e1s.<\/td><\/tr><tr><td>Las muestras est\u00e1ndar son gratuitas. Solo tendr\u00e1s que cubrir los gastos de env\u00edo.<\/td><\/tr><tr><td>Embalaje<\/td><td>Bolsa PE + Cart\u00f3n (Personalizable)<\/td><\/tr><tr><td>Producci\u00f3n en serie<\/td><td>7-30 d\u00edas seg\u00fan la cantidad<\/td><\/tr><tr><td>Env\u00edo<\/td><td>Por expreso (DHL, UPS, FedEx, TNT, EMS), por aire, por mar, servicio DDP to Door<\/td><\/tr><\/tbody><\/table><\/figure>","protected":false},"excerpt":{"rendered":"<p>Impresi\u00f3n bajo demanda | Bajo MOQ | Natural y respetuoso con el medio ambiente\u00a0<\/p>","protected":false},"featured_media":9039,"comment_status":"open","ping_status":"closed","template":"","meta":{"_seopress_robots_primary_cat":"none","_seopress_titles_title":"%%post_title%% %%sep%% Get Customized Now","_seopress_titles_desc":"The jute tote bag is made of jute fiber and bleached canvas in front ,Large Size,Easy to Customize with brand Logo such as supermarket","_seopress_robots_index":""},"product_brand":[],"product_cat":[187,29],"product_tag":[],"class_list":{"0":"post-9038","1":"product","2":"type-product","3":"status-publish","4":"has-post-thumbnail","6":"product_cat-custom-jute-bag","7":"product_cat-tote-bag","9":"first","10":"instock","11":"taxable","12":"shipping-taxable","13":"product-type-simple"},"_links":{"self":[{"href":"https:\/\/avecobaggie.com\/es\/wp-json\/wp\/v2\/product\/9038","targetHints":{"allow":["GET"]}}],"collection":[{"href":"https:\/\/avecobaggie.com\/es\/wp-json\/wp\/v2\/product"}],"about":[{"href":"https:\/\/avecobaggie.com\/es\/wp-json\/wp\/v2\/types\/product"}],"replies":[{"embeddable":true,"href":"https:\/\/avecobaggie.com\/es\/wp-json\/wp\/v2\/comments?post=9038"}],"wp:featuredmedia":[{"embeddable":true,"href":"https:\/\/avecobaggie.com\/es\/wp-json\/wp\/v2\/media\/9039"}],"wp:attachment":[{"href":"https:\/\/avecobaggie.com\/es\/wp-json\/wp\/v2\/media?parent=9038"}],"wp:term":[{"taxonomy":"product_brand","embeddable":true,"href":"https:\/\/avecobaggie.com\/es\/wp-json\/wp\/v2\/product_brand?post=9038"},{"taxonomy":"product_cat","embeddable":true,"href":"https:\/\/avecobaggie.com\/es\/wp-json\/wp\/v2\/product_cat?post=9038"},{"taxonomy":"product_tag","embeddable":true,"href":"https:\/\/avecobaggie.com\/es\/wp-json\/wp\/v2\/product_tag?post=9038"}],"curies":[{"name":"wp","href":"https:\/\/api.w.org\/{rel}","templated":true}]}}