{"id":9078,"date":"2025-03-19T14:21:27","date_gmt":"2025-03-19T06:21:27","guid":{"rendered":"https:\/\/avecobaggie.com\/?post_type=product&#038;p=9078"},"modified":"2025-03-21T12:55:31","modified_gmt":"2025-03-21T04:55:31","slug":"jute-tote-bag-with-pvc-clear-window","status":"publish","type":"product","link":"https:\/\/avecobaggie.com\/es\/producto\/jute-tote-bag-with-pvc-clear-window\/","title":{"rendered":"Jute Tote Bag With PVC Clear Window"},"content":{"rendered":"<h2 class=\"wp-block-heading has-text-align-center\">Product Features for Jute Tote Bag With Clear PVC Window<\/h2>\n\n\n\n<ol start=\"1\" class=\"wp-block-list\">\n<li><strong>Visible PVC Window Design<\/strong>\n<ul class=\"wp-block-list\">\n<li><strong>10cm-tall transparent PVC panel<\/strong>&nbsp;\u2013 showcase products like bread, produce, or gifts&nbsp;<strong>without opening the bag<\/strong>.<\/li>\n\n\n\n<li>Ideal para&nbsp;<strong>bakery shops, farm stands, or subscription boxes<\/strong>&nbsp;\u2013 enhance unboxing experiences.<\/li>\n<\/ul>\n<\/li>\n\n\n\n<li><strong>Durable Jute &amp; Cotton Construction<\/strong>\n<ul class=\"wp-block-list\">\n<li>Made from 100% natural <strong> jute + cotton core handles<\/strong>\u00a0-\u00a0<strong>100% biodegradable<\/strong>\u00a0excluding PVC window.<\/li>\n\n\n\n<li><strong>Reinforced base + sides (32x21x13cm)<\/strong>&nbsp;\u2013 structured shape prevents sagging.<\/li>\n<\/ul>\n<\/li>\n\n\n\n<li><strong>Heavy-Duty Performance<\/strong>\n<ul class=\"wp-block-list\">\n<li><strong>Precision double-stitched seams<\/strong>&nbsp;- probado para&nbsp;<strong>15kg weight capacity<\/strong>&nbsp;(e.g., 20 wine bottles).<\/li>\n\n\n\n<li><strong>Yellow cotton handles<\/strong>&nbsp;\u2013 ergonomic grip for shoulder or hand carry.<\/li>\n<\/ul>\n<\/li>\n\n\n\n<li><strong>Branding &amp; Customization<\/strong>\n<ul class=\"wp-block-list\">\n<li><strong>Print logos on jute or PVC areas<\/strong>\u00a0\u2013 high visibility for promotions or retail branding.<\/li>\n<\/ul>\n<\/li>\n<\/ol>\n\n\n\n<p><\/p>\n\n\n\n<hr class=\"wp-block-separator has-alpha-channel-opacity\"\/>\n\n\n\n<h4 class=\"wp-block-heading has-text-align-center\"><strong>Opciones de personalizaci\u00f3n:<\/strong><\/h4>\n\n\n\n<ul class=\"wp-block-list\">\n<li><strong>Window size customization<\/strong>&nbsp;(e.g., larger panels for apparel display).<\/li>\n\n\n\n<li><strong>Alternative materials<\/strong>&nbsp;(recycled PET windows for full biodegradability).<\/li>\n\n\n\n<li><strong>Add-ons<\/strong>&nbsp;like inner pockets, magnetic snaps, or QR code tags.<br><strong>Request a quote<\/strong>&nbsp;\u2013 share your vision, get a prototype in 48hrs!<\/li>\n<\/ul>\n\n\n\n<figure class=\"wp-block-image size-large\"><img fetchpriority=\"high\" width=\"1024\" height=\"926\" src=\"https:\/\/avecobaggie.com\/wp-content\/uploads\/2025\/03\/002-1024x926.jpg\" alt=\"Estilo de asa y accesorios para la personalizaci\u00f3n de bolsas de yute\" class=\"wp-image-9083\" srcset=\"https:\/\/avecobaggie.com\/wp-content\/uploads\/2025\/03\/002-1024x926.jpg 1024w, https:\/\/avecobaggie.com\/wp-content\/uploads\/2025\/03\/002-300x271.jpg 300w, https:\/\/avecobaggie.com\/wp-content\/uploads\/2025\/03\/002-768x694.jpg 768w, https:\/\/avecobaggie.com\/wp-content\/uploads\/2025\/03\/002-600x542.jpg 600w, https:\/\/avecobaggie.com\/wp-content\/uploads\/2025\/03\/002-1536x1388.jpg 1536w, https:\/\/avecobaggie.com\/wp-content\/uploads\/2025\/03\/002.jpg 1778w\" sizes=\"(max-width: 1024px) 100vw, 1024px\" \/><\/figure>\n\n\n\n<figure class=\"wp-block-table\"><table><tbody><tr><td>Material<\/td><td>Yute, lino, falso yute<\/td><\/tr><tr><td>Color<\/td><td>Elija entre nuestro stock de tejidos disponibles o personal\u00edcelos mediante te\u00f1ido para que coincidan con colores Pantone espec\u00edficos.<\/td><\/tr><tr><td>Grosor del tejido<\/td><td>200-450 g\/m\u00b2.<\/td><\/tr><tr><td>Impresi\u00f3n<\/td><td>Serigraf\u00eda, impresi\u00f3n por transferencia t\u00e9rmica, impresi\u00f3n digital, gofrado<\/td><\/tr><tr><td>Tipo de asa<\/td><td>Yute, lino, algod\u00f3n, cuero, cintas, bamb\u00fa<\/td><\/tr><tr><td>Accesorios<\/td><td>Bolsillo interior, bolsillo exterior, cremallera, bot\u00f3n a presi\u00f3n, cierre magn\u00e9tico, velcro, cord\u00f3n, fuelle inferior, fuelle lateral, anilla en D, hebillas, ojal, separadores, etiqueta, etiqueta<\/td><\/tr><tr><td>Utilizaci\u00f3n<\/td><td>Compras, regalos, promociones, embalajes, bolsas de playa, transporte personal diario<\/td><\/tr><tr><td rowspan=\"4\">Producci\u00f3n de muestras<\/td><td>Plazo de entrega: 3-7 d\u00edas.<\/td><\/tr><tr><td>Coste: 30USD-80USD Var\u00eda en funci\u00f3n de los detalles del producto.<\/td><\/tr><tr><td>Pol\u00edtica de reembolso: Totalmente reembolsable con un pedido de 1000 uds o m\u00e1s.<\/td><\/tr><tr><td>Las muestras est\u00e1ndar son gratuitas. Solo tendr\u00e1s que cubrir los gastos de env\u00edo.<\/td><\/tr><tr><td>Embalaje<\/td><td>Bolsa PE + Cart\u00f3n (Personalizable)<\/td><\/tr><tr><td>Producci\u00f3n en serie<\/td><td>7-30 d\u00edas, dependiendo de la cantidad<\/td><\/tr><tr><td>Env\u00edo<\/td><td>Por expreso (DHL, UPS, FedEx, TNT, EMS), Por aire, Por mar<\/td><\/tr><\/tbody><\/table><\/figure>\n\n\n\n<p><\/p>","protected":false},"excerpt":{"rendered":"<p>Natural \uff5cWater Resist | Visible Window | Spacious<\/p>","protected":false},"featured_media":9080,"comment_status":"open","ping_status":"closed","template":"","meta":{"_seopress_robots_primary_cat":"none","_seopress_titles_title":"%%post_title%% %%sep%% Get Customized Now","_seopress_titles_desc":"Clear window jute tote bag \u2013 32x21x13cm, PVC visibility panel, 15kg load, Customize order is workble.","_seopress_robots_index":""},"product_brand":[],"product_cat":[187,29],"product_tag":[],"class_list":{"0":"post-9078","1":"product","2":"type-product","3":"status-publish","4":"has-post-thumbnail","6":"product_cat-custom-jute-bag","7":"product_cat-tote-bag","9":"first","10":"instock","11":"taxable","12":"shipping-taxable","13":"product-type-simple"},"_links":{"self":[{"href":"https:\/\/avecobaggie.com\/es\/wp-json\/wp\/v2\/product\/9078","targetHints":{"allow":["GET"]}}],"collection":[{"href":"https:\/\/avecobaggie.com\/es\/wp-json\/wp\/v2\/product"}],"about":[{"href":"https:\/\/avecobaggie.com\/es\/wp-json\/wp\/v2\/types\/product"}],"replies":[{"embeddable":true,"href":"https:\/\/avecobaggie.com\/es\/wp-json\/wp\/v2\/comments?post=9078"}],"wp:featuredmedia":[{"embeddable":true,"href":"https:\/\/avecobaggie.com\/es\/wp-json\/wp\/v2\/media\/9080"}],"wp:attachment":[{"href":"https:\/\/avecobaggie.com\/es\/wp-json\/wp\/v2\/media?parent=9078"}],"wp:term":[{"taxonomy":"product_brand","embeddable":true,"href":"https:\/\/avecobaggie.com\/es\/wp-json\/wp\/v2\/product_brand?post=9078"},{"taxonomy":"product_cat","embeddable":true,"href":"https:\/\/avecobaggie.com\/es\/wp-json\/wp\/v2\/product_cat?post=9078"},{"taxonomy":"product_tag","embeddable":true,"href":"https:\/\/avecobaggie.com\/es\/wp-json\/wp\/v2\/product_tag?post=9078"}],"curies":[{"name":"wp","href":"https:\/\/api.w.org\/{rel}","templated":true}]}}