{"id":9158,"date":"2025-03-21T14:47:13","date_gmt":"2025-03-21T06:47:13","guid":{"rendered":"https:\/\/avecobaggie.com\/?post_type=product&#038;p=9158"},"modified":"2025-03-21T17:16:33","modified_gmt":"2025-03-21T09:16:33","slug":"casual-jute-tote-with-multi-pockets","status":"publish","type":"product","link":"https:\/\/avecobaggie.com\/es\/producto\/casual-jute-tote-with-multi-pockets\/","title":{"rendered":"Bolsa informal de yute con varios bolsillos"},"content":{"rendered":"<h2 class=\"wp-block-heading has-text-align-center\">Caracter\u00edsticas del producto Tote de yute informal con varios bolsillos<\/h2>\n\n\n\n<p><strong>1. La funcionalidad cotidiana se combina con el estilo:<\/strong><br>Este <strong>bolso de yute sint\u00e9tico<\/strong> est\u00e1 dise\u00f1ado para <strong>uso diario<\/strong>combinando <strong>material de yute natural<\/strong> con un <strong>Base de lona de 10 cm<\/strong> y <strong>asas de cuero extendidas<\/strong>. Su <strong>dise\u00f1o desenfadado pero chic<\/strong> lo hace perfecto para <strong>compras, viajes o trabajo<\/strong>que ofrece <strong>atractivo est\u00e9tico<\/strong> y <strong>practicidad<\/strong>.<\/p>\n\n\n\n<p><strong>2. Interior espacioso y organizado:<\/strong><br>Con unas dimensiones de <strong>33x39x15cm<\/strong>este bolso es <strong>ideal para llevar lo imprescindible a diario<\/strong>. Su <strong>dos bolsillos grandes<\/strong> ofrecen un amplio espacio para <strong>botellas de agua, libros o comestibles<\/strong>mientras que a <strong>peque\u00f1o bolsillo lateral<\/strong> guarda <strong>llaves, tarjetas o peque\u00f1os accesorios<\/strong> organizado.<\/p>\n\n\n\n<p><strong>3. Detalles de construcci\u00f3n de primera calidad:<\/strong><\/p>\n\n\n\n<ul class=\"wp-block-list\">\n<li><strong>Base de yute y lona:<\/strong>\u00a0En\u00a0<strong>cuerpo de yute sint\u00e9tico<\/strong>\u00a0ofrece una\u00a0<strong>est\u00e9tica natural y ecol\u00f3gica<\/strong>mientras que el\u00a0<strong>base de lona<\/strong>\u00a0garantiza\u00a0<strong>robustez y durabilidad<\/strong>.<\/li>\n\n\n\n<li><strong>Asas de cuero extendidas:<\/strong>\u00a0En\u00a0<strong>correas de cuero<\/strong>\u00a0son\u00a0<strong>c\u00f3modo de llevar<\/strong>\u00a0y elevar la bolsa de\u00a0<strong>look casual pero premium<\/strong>.<\/li>\n\n\n\n<li><strong>Capacidad generosa:<\/strong>\u00a0El espacioso interior es perfecto para\u00a0<strong>uso diario<\/strong>que se adaptan a todo, desde\u00a0<strong>del port\u00e1til a la compra<\/strong>.<\/li>\n<\/ul>\n\n\n\n<p><strong>4. Perfecto para compradores con conciencia ecol\u00f3gica:<\/strong><br>Este bolso es <strong>soluci\u00f3n vers\u00e1til<\/strong> para:<\/p>\n\n\n\n<ul class=\"wp-block-list\">\n<li><strong>Compras:<\/strong>\u00a0A\u00a0<strong>alternativa reutilizable y con estilo<\/strong>\u00a0a las bolsas de pl\u00e1stico de un solo uso.<\/li>\n\n\n\n<li><strong>Trabajo o escuela:<\/strong>\u00a0A\u00a0<strong>bolso funcional<\/strong>\u00a0para transportar ordenadores port\u00e1tiles, cuadernos y fiambreras.<\/li>\n\n\n\n<li><strong>Salidas de fin de semana:<\/strong>\u00a0A\u00a0<strong>accesorio informal<\/strong>\u00a0para ir al parque, a la playa o al mercado.<\/li>\n<\/ul>\n\n\n\n<p><strong>5. Personalizable para su marca:<\/strong><br>En <strong>superficie de yute<\/strong> es <strong>listo para imprimir<\/strong>permitiendo <strong>personalizaci\u00f3n<\/strong> como:<\/p>\n\n\n\n<ul class=\"wp-block-list\">\n<li><strong>Logotipos de marca:<\/strong>\u00a0A\u00f1ade tu\u00a0<strong>logotipo o eslogan<\/strong>\u00a0con fines promocionales.<\/li>\n\n\n\n<li><strong>Dise\u00f1os \u00fanicos:<\/strong>\u00a0Caracter\u00edstica\u00a0<strong>motivos, citas o s\u00edmbolos culturales<\/strong>\u00a0para atraer a mercados espec\u00edficos.<\/li>\n\n\n\n<li><strong>Est\u00e9tica minimalista:<\/strong>\u00a0Simplifique las cosas con\u00a0<strong>tonos neutros o dise\u00f1os monocromos<\/strong>.<\/li>\n<\/ul>\n\n\n\n<p><strong>6. Ecol\u00f3gico y reutilizable:<\/strong><br>Hecho de <strong>yute sint\u00e9tico<\/strong>este bolso es <strong>duradero, reutilizable y respetuoso con el medio ambiente<\/strong>en consonancia con la creciente demanda de <strong>alternativas sostenibles a las bolsas de un solo uso<\/strong>.<\/p>\n\n\n\n<p><strong>7. Atraer a minoristas y consumidores:<\/strong><br>Este bolso es <strong>soluci\u00f3n vers\u00e1til<\/strong> para:<\/p>\n\n\n\n<ul class=\"wp-block-list\">\n<li><strong>Minoristas:<\/strong>\u00a0A\u00a0<strong>producto listo para la venta<\/strong>\u00a0para marcas ecol\u00f3gicas, tiendas de regalos o de estilo de vida.<\/li>\n\n\n\n<li><strong>Consumidores:<\/strong>\u00a0A\u00a0<strong>bolso elegante y pr\u00e1ctico<\/strong>\u00a0para el d\u00eda a d\u00eda o para ocasiones especiales.<\/li>\n\n\n\n<li><strong>Organizadores de eventos:<\/strong>\u00a0A\u00a0<strong>sorteo personalizable<\/strong>\u00a0para eventos o campa\u00f1as promocionales con conciencia ecol\u00f3gica.<\/li>\n<\/ul>\n\n\n\n<p><\/p>\n\n\n\n<hr class=\"wp-block-separator has-alpha-channel-opacity\"\/>\n\n\n\n<h4 class=\"wp-block-heading has-text-align-center\"><strong>Opciones de personalizaci\u00f3n:<\/strong><\/h4>\n\n\n\n<p>Aunque este <strong>Bolsa informal de yute con bolsillos<\/strong> es un <strong>soluci\u00f3n lista para usar<\/strong>Estamos especializados en <strong>dise\u00f1os personalizados<\/strong> a la medida de sus necesidades. Ya se trate de <strong>cambiar materiales, ajustar tama\u00f1os o a\u00f1adir caracter\u00edsticas \u00fanicas<\/strong>podemos crear productos que <strong>representan a la perfecci\u00f3n su visi\u00f3n<\/strong>.<\/p>\n\n\n\n<p><strong>P\u00f3ngase en contacto con nosotros<\/strong> para saber c\u00f3mo podemos ayudarle a dise\u00f1ar <strong>bolsas de mano ecol\u00f3gicas y funcionales<\/strong> que mejoran su oferta y deleitan a sus clientes.<\/p>\n\n\n\n<figure class=\"wp-block-image size-large\"><img fetchpriority=\"high\" width=\"1024\" height=\"926\" src=\"https:\/\/avecobaggie.com\/wp-content\/uploads\/2025\/03\/002-1024x926.jpg\" alt=\"Estilo de asa y accesorios para la personalizaci\u00f3n de bolsas de yute\" class=\"wp-image-9083\" srcset=\"https:\/\/avecobaggie.com\/wp-content\/uploads\/2025\/03\/002-1024x926.jpg 1024w, https:\/\/avecobaggie.com\/wp-content\/uploads\/2025\/03\/002-300x271.jpg 300w, https:\/\/avecobaggie.com\/wp-content\/uploads\/2025\/03\/002-768x694.jpg 768w, https:\/\/avecobaggie.com\/wp-content\/uploads\/2025\/03\/002-600x542.jpg 600w, https:\/\/avecobaggie.com\/wp-content\/uploads\/2025\/03\/002-1536x1388.jpg 1536w, https:\/\/avecobaggie.com\/wp-content\/uploads\/2025\/03\/002.jpg 1778w\" sizes=\"(max-width: 1024px) 100vw, 1024px\" \/><\/figure>\n\n\n\n<figure class=\"wp-block-table\"><table><tbody><tr><td>Material<\/td><td>Yute, lino, falso yute<\/td><\/tr><tr><td>Color<\/td><td>Elija entre nuestro stock de tejidos disponibles o personal\u00edcelos mediante te\u00f1ido para que coincidan con colores Pantone espec\u00edficos.<\/td><\/tr><tr><td>Grosor del tejido<\/td><td>200-450 g\/m\u00b2.<\/td><\/tr><tr><td>Impresi\u00f3n<\/td><td>Serigraf\u00eda, impresi\u00f3n por transferencia t\u00e9rmica, impresi\u00f3n digital, gofrado<\/td><\/tr><tr><td>Tipo de asa<\/td><td>Yute, lino, algod\u00f3n, cuero, cintas, bamb\u00fa<\/td><\/tr><tr><td>Accesorios<\/td><td>Bolsillo interior, bolsillo exterior, cremallera, bot\u00f3n a presi\u00f3n, cierre magn\u00e9tico, velcro, cord\u00f3n, fuelle inferior, fuelle lateral, anilla en D, hebillas, ojal, separadores, etiqueta, etiqueta<\/td><\/tr><tr><td>Utilizaci\u00f3n<\/td><td>Compras, regalos, promociones, embalajes, bolsas de playa, transporte personal diario<\/td><\/tr><tr><td rowspan=\"4\">Producci\u00f3n de muestras<\/td><td>Plazo de entrega: 3-7 d\u00edas.<\/td><\/tr><tr><td>Coste: 30USD-80USD Var\u00eda en funci\u00f3n de los detalles del producto.<\/td><\/tr><tr><td>Pol\u00edtica de reembolso: Totalmente reembolsable con un pedido de 1000 uds o m\u00e1s.<\/td><\/tr><tr><td>Las muestras est\u00e1ndar son gratuitas. Solo tendr\u00e1s que cubrir los gastos de env\u00edo.<\/td><\/tr><tr><td>Embalaje<\/td><td>Bolsa PE + Cart\u00f3n (Personalizable)<\/td><\/tr><tr><td>Producci\u00f3n en serie<\/td><td>7-30 d\u00edas, dependiendo de la cantidad<\/td><\/tr><tr><td>Env\u00edo<\/td><td>Por expreso (DHL, UPS, FedEx, TNT, EMS), Por aire, Por mar<\/td><\/tr><\/tbody><\/table><\/figure>\n\n\n\n<p><\/p>","protected":false},"excerpt":{"rendered":"<p>Mezcla de yute y lona | Bolsillo para vino | Correas reforzadas<\/p>","protected":false},"featured_media":9159,"comment_status":"open","ping_status":"closed","template":"","meta":{"_seopress_robots_primary_cat":"none","_seopress_titles_title":"%%post_title%% %%sep%% Get Customized Now","_seopress_titles_desc":"Casual Jute Tote with Pockets\u2014eco-friendly, stylish, and perfect for everyday use. Customizable for your brand.","_seopress_robots_index":""},"product_brand":[185],"product_cat":[187,29,104],"product_tag":[119],"class_list":{"0":"post-9158","1":"product","2":"type-product","3":"status-publish","4":"has-post-thumbnail","6":"product_brand-avecobaggie","7":"product_cat-custom-jute-bag","8":"product_cat-tote-bag","9":"product_cat-jute-burlap-bag","10":"product_tag-jute-bag","12":"first","13":"instock","14":"taxable","15":"shipping-taxable","16":"product-type-simple"},"_links":{"self":[{"href":"https:\/\/avecobaggie.com\/es\/wp-json\/wp\/v2\/product\/9158","targetHints":{"allow":["GET"]}}],"collection":[{"href":"https:\/\/avecobaggie.com\/es\/wp-json\/wp\/v2\/product"}],"about":[{"href":"https:\/\/avecobaggie.com\/es\/wp-json\/wp\/v2\/types\/product"}],"replies":[{"embeddable":true,"href":"https:\/\/avecobaggie.com\/es\/wp-json\/wp\/v2\/comments?post=9158"}],"wp:featuredmedia":[{"embeddable":true,"href":"https:\/\/avecobaggie.com\/es\/wp-json\/wp\/v2\/media\/9159"}],"wp:attachment":[{"href":"https:\/\/avecobaggie.com\/es\/wp-json\/wp\/v2\/media?parent=9158"}],"wp:term":[{"taxonomy":"product_brand","embeddable":true,"href":"https:\/\/avecobaggie.com\/es\/wp-json\/wp\/v2\/product_brand?post=9158"},{"taxonomy":"product_cat","embeddable":true,"href":"https:\/\/avecobaggie.com\/es\/wp-json\/wp\/v2\/product_cat?post=9158"},{"taxonomy":"product_tag","embeddable":true,"href":"https:\/\/avecobaggie.com\/es\/wp-json\/wp\/v2\/product_tag?post=9158"}],"curies":[{"name":"wp","href":"https:\/\/api.w.org\/{rel}","templated":true}]}}