{"id":9253,"date":"2025-03-25T15:56:07","date_gmt":"2025-03-25T07:56:07","guid":{"rendered":"https:\/\/avecobaggie.com\/?post_type=product&#038;p=9253"},"modified":"2025-04-03T15:57:40","modified_gmt":"2025-04-03T07:57:40","slug":"custom-white-tyvek-travel-cosmetic-pouch","status":"publish","type":"product","link":"https:\/\/avecobaggie.com\/es\/producto\/custom-white-tyvek-travel-cosmetic-pouch\/","title":{"rendered":"Custom White Tyvek Travel Cosmetic Pouch"},"content":{"rendered":"<h2 class=\"wp-block-heading has-text-align-center\">Caracter\u00edsticas del producto <\/h2>\n\n\n\n<ol start=\"1\" class=\"wp-block-list\">\n<li><strong>Luxury Material &amp; Design<\/strong>\n<ul class=\"wp-block-list\">\n<li>Hecho de&nbsp;<strong>waterproof, tear-resistant Dupont\u2122 Tyvek\u00ae<\/strong>&nbsp;-&nbsp;<strong>5x lighter than leather<\/strong>&nbsp;with a sleek white finish.<\/li>\n\n\n\n<li><strong>Gold foil pattern all-over print<\/strong>&nbsp;\u2013 adds opulence for&nbsp;<strong>high-end beauty brands or VIP gifting<\/strong>.<\/li>\n<\/ul>\n<\/li>\n\n\n\n<li><strong>Functional &amp; Organized Storage<\/strong>\n<ul class=\"wp-block-list\">\n<li><strong>21x10x15cm compact size<\/strong>&nbsp;\u2013 fits makeup brushes, skincare minis, or travel essentials.<\/li>\n\n\n\n<li><strong>Smooth white YKK zipper<\/strong>&nbsp;\u2013 protects contents from dust while ensuring easy access.<\/li>\n\n\n\n<li><strong>Polyester inner lining<\/strong>&nbsp;\u2013 prevents scratches on delicate cosmetics or jewelry.<\/li>\n<\/ul>\n<\/li>\n\n\n\n<li><strong>Premium Branding Opportunities<\/strong>\n<ul class=\"wp-block-list\">\n<li><strong>Repeat gold pattern design<\/strong>&nbsp;\u2013 creates a cohesive&nbsp;<strong>luxury unboxing experience<\/strong>.<\/li>\n\n\n\n<li>Opcional&nbsp;<strong>debossed logos<\/strong>&nbsp;o&nbsp;<strong>Pantone-matched foil accents<\/strong>&nbsp;for tactile branding.<\/li>\n<\/ul>\n<\/li>\n\n\n\n<li><strong>Eficiencia centrada en el B2B<\/strong>\n<ul class=\"wp-block-list\">\n<li><strong>MOQ 500pcs<\/strong>&nbsp;\u2013 industry-low minimum for niche beauty brands or limited editions.<\/li>\n\n\n\n<li><strong>Producci\u00f3n de 20 d\u00edas<\/strong>\u00a0+\u00a0<strong>Env\u00edo DDP<\/strong>\u00a0\u2013 hassle-free global delivery to 30+ countries.<\/li>\n\n\n\n<li><strong>Free digital proofs<\/strong>&nbsp;\u2013 approve your design within 12 hours.<\/li>\n<\/ul>\n<\/li>\n<\/ol>\n\n\n\n<hr class=\"wp-block-separator has-alpha-channel-opacity\"\/>\n\n\n\n<h4 class=\"wp-block-heading has-text-align-center\"><strong><a href=\"https:\/\/avecobaggie.com\/es\/custom-tyvek-bag-manufacturer\/\" data-type=\"page\" data-id=\"8777\"><\/a><strong><a href=\"https:\/\/avecobaggie.com\/es\/custom-tyvek-bag-manufacturer\/\" data-type=\"page\" data-id=\"8777\"><\/a><strong><strong><strong><a href=\"https:\/\/avecobaggie.com\/es\/custom-tyvek-bag-manufacturer\/\" data-type=\"page\" data-id=\"8777\"><strong><strong><strong><strong><strong><strong><strong><\/strong><\/strong><\/strong><\/strong><\/strong><\/strong><\/strong><\/a><strong><strong><strong><a href=\"https:\/\/avecobaggie.com\/es\/custom-tyvek-bag-manufacturer\/\" data-type=\"page\" data-id=\"8777\"><strong><strong><strong>Flexibilidad de personalizaci\u00f3n<\/strong><\/strong><\/strong><\/a><\/strong><\/strong><\/strong><\/strong><\/strong><\/strong><\/strong><\/strong><\/h4>\n\n\n\n<ul class=\"wp-block-list\">\n<li><strong>Metallic color variations<\/strong>&nbsp;(rose gold, silver) or&nbsp;<strong>custom pattern designs<\/strong>.<\/li>\n\n\n\n<li><strong>RFID-blocking pockets<\/strong>&nbsp;o&nbsp;<strong>mejoras de la cremallera impermeable<\/strong>.<\/li>\n\n\n\n<li><strong>Velvet liners<\/strong>\u00a0o\u00a0<strong>magnetic snap closures<\/strong>\u00a0for ultra-luxury positioning.<br><strong>Request Customized  samples<\/strong>\u00a0\u2013 test quality and brand appeal risk-free!<\/li>\n<\/ul>\n\n\n\n<figure class=\"wp-block-image size-large\"><img fetchpriority=\"high\" width=\"1024\" height=\"752\" src=\"https:\/\/avecobaggie.com\/wp-content\/uploads\/2025\/03\/Handling-process-selection-3-1024x752.jpg\" alt=\"Accesorios para bolsa tyvek\" class=\"wp-image-9131\" srcset=\"https:\/\/avecobaggie.com\/wp-content\/uploads\/2025\/03\/Handling-process-selection-3-1024x752.jpg 1024w, https:\/\/avecobaggie.com\/wp-content\/uploads\/2025\/03\/Handling-process-selection-3-300x220.jpg 300w, https:\/\/avecobaggie.com\/wp-content\/uploads\/2025\/03\/Handling-process-selection-3-768x564.jpg 768w, https:\/\/avecobaggie.com\/wp-content\/uploads\/2025\/03\/Handling-process-selection-3-600x441.jpg 600w, https:\/\/avecobaggie.com\/wp-content\/uploads\/2025\/03\/Handling-process-selection-3.jpg 1140w\" sizes=\"(max-width: 1024px) 100vw, 1024px\" \/><\/figure>\n\n\n\n<figure class=\"wp-block-image size-large\"><img width=\"929\" height=\"1024\" src=\"https:\/\/avecobaggie.com\/wp-content\/uploads\/2025\/03\/Handling-process-selection-4-929x1024.jpg\" alt=\"Asa Opci\u00f3n para fabricar bolsas de Tyvek\" class=\"wp-image-9132\" srcset=\"https:\/\/avecobaggie.com\/wp-content\/uploads\/2025\/03\/Handling-process-selection-4-929x1024.jpg 929w, https:\/\/avecobaggie.com\/wp-content\/uploads\/2025\/03\/Handling-process-selection-4-272x300.jpg 272w, https:\/\/avecobaggie.com\/wp-content\/uploads\/2025\/03\/Handling-process-selection-4-768x846.jpg 768w, https:\/\/avecobaggie.com\/wp-content\/uploads\/2025\/03\/Handling-process-selection-4-600x661.jpg 600w, https:\/\/avecobaggie.com\/wp-content\/uploads\/2025\/03\/Handling-process-selection-4.jpg 1140w\" sizes=\"(max-width: 929px) 100vw, 929px\" \/><\/figure>\n\n\n\n<figure class=\"wp-block-table\"><table><tbody><tr><td>Material<\/td><td>Papel DuPont Tyvek<\/td><\/tr><tr><td>Color<\/td><td>Elija entre nuestro stock de tejidos disponibles o personal\u00edcelos mediante te\u00f1ido para que coincidan con colores Pantone espec\u00edficos.<\/td><\/tr><tr><td>Grosor del tejido<\/td><td>35-105 g\/m<\/td><\/tr><tr><td>Talla<\/td><td>Personalizable<\/td><\/tr><tr><td>Impresi\u00f3n<\/td><td>Impresi\u00f3n digital, serigraf\u00eda, impresi\u00f3n por transferencia t\u00e9rmica, flexograf\u00eda<\/td><\/tr><tr><td>Tipo de asa<\/td><td>Tyvek, cuero, algod\u00f3n, nailon<\/td><\/tr><tr><td>Accesorios<\/td><td>Bolsillo interior, bolsillo exterior, cremallera, bot\u00f3n a presi\u00f3n, cierre magn\u00e9tico, velcro, cord\u00f3n, fuelle inferior, fuelle lateral, anilla en D, hebillas, ojal, separadores, etiqueta, etiqueta<\/td><\/tr><tr><td>Caracter\u00edsticas<\/td><td>Ligero pero duradero, Resistente al agua, Resistente al desgarro, Transpirable, Respetuoso con el medio ambiente y reciclable, Textura y aspecto \u00fanicos, F\u00e1cilmente personalizable<\/td><\/tr><tr><td>Utilizaci\u00f3n<\/td><td>Actos promocionales, Compras, Viajes, Conferencias, Exposiciones, Salidas a la playa, Picnics, Uso diario<\/td><\/tr><tr><td>Calidad<\/td><td>Materiales de primera calidad y artesan\u00eda superior garantizados<\/td><\/tr><tr><td>OEM\/ODM<\/td><td>Aceptable<\/td><\/tr><tr><td rowspan=\"4\">Producci\u00f3n de muestras<\/td><td>Plazo de entrega: 3-7 d\u00edas.<\/td><\/tr><tr><td>Coste: 30USD-80USD Var\u00eda en funci\u00f3n de los detalles del producto.<\/td><\/tr><tr><td>Pol\u00edtica de reembolso: Totalmente reembolsable con un pedido de 1000pcs o m\u00e1s.<\/td><\/tr><tr><td>Las muestras est\u00e1ndar son gratuitas. Solo tendr\u00e1s que cubrir los gastos de env\u00edo.<\/td><\/tr><tr><td>Embalaje<\/td><td>Bolsa PE + Cart\u00f3n (Personalizable)<\/td><\/tr><tr><td>Producci\u00f3n en serie<\/td><td>7-30 d\u00edas, dependiendo de la cantidad<\/td><\/tr><tr><td>Env\u00edo<\/td><td>Por expreso (DHL, UPS, FedEx, TNT, EMS), Por aire, Por mar<\/td><\/tr><\/tbody><\/table><\/figure>","protected":false},"excerpt":{"rendered":"<p>Dupont\u2122 Tyvek | Polyester Lining | White Zipper | Gold Floral<\/p>","protected":false},"featured_media":9258,"comment_status":"open","ping_status":"closed","template":"","meta":{"_seopress_robots_primary_cat":"none","_seopress_titles_title":"Custom White Tyvek Travel Cosmetic Pouch","_seopress_titles_desc":"White Tyvek cosmetic pouch \u2013 21x10x15cm, gold foil print, polyester lining, fits makeup brushes, skincare minis, or travel essentials,Send an Enquiry Now!","_seopress_robots_index":""},"product_brand":[185],"product_cat":[189],"product_tag":[136],"class_list":{"0":"post-9253","1":"product","2":"type-product","3":"status-publish","4":"has-post-thumbnail","6":"product_brand-avecobaggie","7":"product_cat-custom-tyvek-bag","8":"product_tag-dupont-bag","10":"first","11":"instock","12":"taxable","13":"shipping-taxable","14":"product-type-simple"},"_links":{"self":[{"href":"https:\/\/avecobaggie.com\/es\/wp-json\/wp\/v2\/product\/9253","targetHints":{"allow":["GET"]}}],"collection":[{"href":"https:\/\/avecobaggie.com\/es\/wp-json\/wp\/v2\/product"}],"about":[{"href":"https:\/\/avecobaggie.com\/es\/wp-json\/wp\/v2\/types\/product"}],"replies":[{"embeddable":true,"href":"https:\/\/avecobaggie.com\/es\/wp-json\/wp\/v2\/comments?post=9253"}],"wp:featuredmedia":[{"embeddable":true,"href":"https:\/\/avecobaggie.com\/es\/wp-json\/wp\/v2\/media\/9258"}],"wp:attachment":[{"href":"https:\/\/avecobaggie.com\/es\/wp-json\/wp\/v2\/media?parent=9253"}],"wp:term":[{"taxonomy":"product_brand","embeddable":true,"href":"https:\/\/avecobaggie.com\/es\/wp-json\/wp\/v2\/product_brand?post=9253"},{"taxonomy":"product_cat","embeddable":true,"href":"https:\/\/avecobaggie.com\/es\/wp-json\/wp\/v2\/product_cat?post=9253"},{"taxonomy":"product_tag","embeddable":true,"href":"https:\/\/avecobaggie.com\/es\/wp-json\/wp\/v2\/product_tag?post=9253"}],"curies":[{"name":"wp","href":"https:\/\/api.w.org\/{rel}","templated":true}]}}