{"id":9315,"date":"2025-03-26T17:50:54","date_gmt":"2025-03-26T09:50:54","guid":{"rendered":"https:\/\/avecobaggie.com\/?post_type=product&#038;p=9315"},"modified":"2025-03-27T22:01:37","modified_gmt":"2025-03-27T14:01:37","slug":"black-friday-waterproof-reusable-tyvek-shopping-totes","status":"publish","type":"product","link":"https:\/\/avecobaggie.com\/es\/producto\/black-friday-waterproof-reusable-tyvek-shopping-totes\/","title":{"rendered":"Black Friday Bolsas de la compra de Tyvek impermeables y reutilizables"},"content":{"rendered":"<h2 class=\"wp-block-heading has-text-align-center\">Caracter\u00edsticas del producto Bolsa impermeable de PVC y Tyvek 45x43x10cm a granel personalizada<\/h2>\n\n\n\n<ol start=\"1\" class=\"wp-block-list\">\n<li><strong>Dise\u00f1o impermeable h\u00edbrido de primera calidad<\/strong>\n<ul class=\"wp-block-list\">\n<li><strong>Capa exterior de PVC<\/strong>&nbsp;-&nbsp;<strong>Grado de impermeabilidad IP67<\/strong>ideal para&nbsp;<strong>eventos al aire libre, climas h\u00famedos o uso industrial<\/strong>.<\/li>\n\n\n\n<li><strong>Forro interior Tyvek\u00ae negro<\/strong>&nbsp;- resistente al desgarro y&nbsp;<strong>100% reciclable<\/strong>...a\u00f1adiendo durabilidad estructural.<\/li>\n<\/ul>\n<\/li>\n\n\n\n<li><strong>Utilidad industrial<\/strong>\n<ul class=\"wp-block-list\">\n<li><strong>Capacidad sobredimensionada de 45x43x10cm<\/strong>&nbsp;- ajustes&nbsp;<strong>M\u00e1s de 20 libros de tapa dura, material de gimnasia o existencias al por menor a granel<\/strong>.<\/li>\n\n\n\n<li><strong>Asas de nailon negro reforzado<\/strong>&nbsp;- probado para&nbsp;<strong>15 kg de capacidad de carga<\/strong>&nbsp;con empu\u00f1adura ergon\u00f3mica antideslizante.<\/li>\n<\/ul>\n<\/li>\n\n\n\n<li><strong>Impacto de la marca comercial<\/strong>\n<ul class=\"wp-block-list\">\n<li><strong>Impresi\u00f3n de logotipos en superficies de PVC o Tyvek<\/strong>&nbsp;- Las tintas resistentes a los rayos UV garantizan&nbsp;<strong>visibilidad a prueba de decoloraci\u00f3n<\/strong>&nbsp;en condiciones duras.<\/li>\n\n\n\n<li><strong>MOQ 500pcs<\/strong>&nbsp;- escalable para festivales, almacenes o pedidos masivos de empresas.<\/li>\n<\/ul>\n<\/li>\n\n\n\n<li><strong>Eficiencia centrada en el B2B<\/strong>\n<ul class=\"wp-block-list\">\n<li><strong>Producci\u00f3n en 12 d\u00edas<\/strong>&nbsp;+&nbsp;<strong>DDP env\u00edo global<\/strong>&nbsp;- sin aranceles ocultos ni retrasos aduaneros.<\/li>\n\n\n\n<li><strong>Plegado plano<\/strong>&nbsp;- reduce los gastos de env\u00edo&nbsp;<strong>40%<\/strong>&nbsp;frente a las alternativas premontadas.<\/li>\n<\/ul>\n<\/li>\n<\/ol>\n\n\n\n<p><\/p>\n\n\n\n<hr class=\"wp-block-separator has-alpha-channel-opacity\"\/>\n\n\n\n<h4 class=\"wp-block-heading has-text-align-center\"><strong><a href=\"https:\/\/avecobaggie.com\/es\/custom-tyvek-bag-manufacturer\/\" data-type=\"page\" data-id=\"8777\"><\/a><strong><a href=\"https:\/\/avecobaggie.com\/es\/custom-tyvek-bag-manufacturer\/\" data-type=\"page\" data-id=\"8777\"><\/a><strong><strong><strong><a href=\"https:\/\/avecobaggie.com\/es\/custom-tyvek-bag-manufacturer\/\" data-type=\"page\" data-id=\"8777\"><strong><strong><strong><strong><strong><strong><strong><\/strong><\/strong><\/strong><\/strong><\/strong><\/strong><\/strong><\/a><strong><strong><strong><a href=\"https:\/\/avecobaggie.com\/es\/custom-tyvek-bag-manufacturer\/\" data-type=\"page\" data-id=\"8777\"><strong><strong><strong>Flexibilidad de personalizaci\u00f3n<\/strong><\/strong><\/strong><\/a><\/strong><\/strong><\/strong><\/strong><\/strong><\/strong><\/strong><\/strong><\/h4>\n\n\n\n<ul class=\"wp-block-list\">\n<li><strong>Colores de PVC igualados por Pantone<\/strong>&nbsp;o&nbsp;<strong>acabados brillo\/mate<\/strong>.<\/li>\n\n\n\n<li><strong>Compartimentos adicionales<\/strong>&nbsp;(bolsillos con cremallera o de malla).<\/li>\n\n\n\n<li><strong>Capas de bloqueo RFID<\/strong>&nbsp;o&nbsp;<strong>mejoras ign\u00edfugas<\/strong>.<br><strong>Solicite un informe de prueba de estanqueidad gratuito<\/strong>&nbsp;- valide el rendimiento de su sector<\/li>\n<\/ul>\n\n\n\n<figure class=\"wp-block-image size-large is-resized\"><img fetchpriority=\"high\" width=\"1024\" height=\"752\" src=\"https:\/\/avecobaggie.com\/wp-content\/uploads\/2025\/03\/Handling-process-selection-3-1024x752.jpg\" alt=\"Accesorios para bolsa tyvek\" class=\"wp-image-9131\" style=\"object-fit:cover;width:1140px;height:837px\" srcset=\"https:\/\/avecobaggie.com\/wp-content\/uploads\/2025\/03\/Handling-process-selection-3-1024x752.jpg 1024w, https:\/\/avecobaggie.com\/wp-content\/uploads\/2025\/03\/Handling-process-selection-3-300x220.jpg 300w, https:\/\/avecobaggie.com\/wp-content\/uploads\/2025\/03\/Handling-process-selection-3-768x564.jpg 768w, https:\/\/avecobaggie.com\/wp-content\/uploads\/2025\/03\/Handling-process-selection-3-600x441.jpg 600w, https:\/\/avecobaggie.com\/wp-content\/uploads\/2025\/03\/Handling-process-selection-3.jpg 1140w\" sizes=\"(max-width: 1024px) 100vw, 1024px\" \/><\/figure>\n\n\n\n<figure class=\"wp-block-image size-large is-resized\"><img width=\"929\" height=\"1024\" src=\"https:\/\/avecobaggie.com\/wp-content\/uploads\/2025\/03\/Handling-process-selection-4-929x1024.jpg\" alt=\"Asa Opci\u00f3n para fabricar bolsas de Tyvek\" class=\"wp-image-9132\" style=\"object-fit:cover;width:1140px;height:1256px\" srcset=\"https:\/\/avecobaggie.com\/wp-content\/uploads\/2025\/03\/Handling-process-selection-4-929x1024.jpg 929w, https:\/\/avecobaggie.com\/wp-content\/uploads\/2025\/03\/Handling-process-selection-4-272x300.jpg 272w, https:\/\/avecobaggie.com\/wp-content\/uploads\/2025\/03\/Handling-process-selection-4-768x846.jpg 768w, https:\/\/avecobaggie.com\/wp-content\/uploads\/2025\/03\/Handling-process-selection-4-600x661.jpg 600w, https:\/\/avecobaggie.com\/wp-content\/uploads\/2025\/03\/Handling-process-selection-4.jpg 1140w\" sizes=\"(max-width: 929px) 100vw, 929px\" \/><\/figure>\n\n\n\n<figure class=\"wp-block-table\"><table><tbody><tr><td>Material<\/td><td>Papel DuPont Tyvek<\/td><\/tr><tr><td>Color<\/td><td>Elija entre nuestro stock de tejidos disponibles o personal\u00edcelos mediante te\u00f1ido para que coincidan con colores Pantone espec\u00edficos.<\/td><\/tr><tr><td>Grosor del tejido<\/td><td>35-105 g\/m<\/td><\/tr><tr><td>Talla<\/td><td>Personalizable<\/td><\/tr><tr><td>Impresi\u00f3n<\/td><td>Impresi\u00f3n digital, serigraf\u00eda, impresi\u00f3n por transferencia t\u00e9rmica, flexograf\u00eda<\/td><\/tr><tr><td>Tipo de asa<\/td><td>Tyvek, cuero, algod\u00f3n, nailon<\/td><\/tr><tr><td>Accesorios<\/td><td>Bolsillo interior, bolsillo exterior, cremallera, bot\u00f3n a presi\u00f3n, cierre magn\u00e9tico, velcro, cord\u00f3n, fuelle inferior, fuelle lateral, anilla en D, hebillas, ojal, separadores, etiqueta, etiqueta<\/td><\/tr><tr><td>Caracter\u00edsticas<\/td><td>Ligero pero duradero, Resistente al agua, Resistente al desgarro, Transpirable, Respetuoso con el medio ambiente y reciclable, Textura y aspecto \u00fanicos, F\u00e1cilmente personalizable<\/td><\/tr><tr><td>Utilizaci\u00f3n<\/td><td>Actos promocionales, Compras, Viajes, Conferencias, Exposiciones, Salidas a la playa, Picnics, Uso diario<\/td><\/tr><tr><td>Calidad<\/td><td>Materiales de primera calidad y artesan\u00eda superior garantizados<\/td><\/tr><tr><td>OEM\/ODM<\/td><td>Aceptable<\/td><\/tr><tr><td rowspan=\"4\">Producci\u00f3n de muestras<\/td><td>Plazo de entrega: 3-7 d\u00edas.<\/td><\/tr><tr><td>Coste: 30USD-80USD Var\u00eda en funci\u00f3n de los detalles del producto.<\/td><\/tr><tr><td>Pol\u00edtica de reembolso: Totalmente reembolsable con un pedido de 1000pcs o m\u00e1s.<\/td><\/tr><tr><td>Las muestras est\u00e1ndar son gratuitas. Solo tendr\u00e1s que cubrir los gastos de env\u00edo.<\/td><\/tr><tr><td>Embalaje<\/td><td>Bolsa PE + Cart\u00f3n (Personalizable)<\/td><\/tr><tr><td>Producci\u00f3n en serie<\/td><td>7-30 d\u00edas, dependiendo de la cantidad<\/td><\/tr><tr><td><a href=\"https:\/\/avecobaggie.com\/es\/what-is-the-shipping-method-for-importing-cotton-bags\/\">Env\u00edo<\/a><\/td><td>Por expreso (DHL, UPS, FedEx, TNT, EMS), Por aire, Por mar<\/td><\/tr><\/tbody><\/table><\/figure>\n\n\n\n<p><\/p>","protected":false},"excerpt":{"rendered":"<p>Exterior de PVC | Forro de Tyvek negro | Impermeable | Asas de nylon<\/p>","protected":false},"featured_media":9317,"comment_status":"open","ping_status":"closed","template":"","meta":{"_seopress_robots_primary_cat":"none","_seopress_titles_title":"Black Friday Waterproof Tyvek Totes | Bulk Discounts | OEM","_seopress_titles_desc":"Waterproof & reusable Tyvek shopping totes. Custom prints, MOQ 500pcs. DDP shipping to US\/EU. Order now!\"","_seopress_robots_index":""},"product_brand":[185],"product_cat":[189],"product_tag":[136],"class_list":{"0":"post-9315","1":"product","2":"type-product","3":"status-publish","4":"has-post-thumbnail","6":"product_brand-avecobaggie","7":"product_cat-custom-tyvek-bag","8":"product_tag-dupont-bag","10":"first","11":"instock","12":"taxable","13":"shipping-taxable","14":"product-type-simple"},"_links":{"self":[{"href":"https:\/\/avecobaggie.com\/es\/wp-json\/wp\/v2\/product\/9315","targetHints":{"allow":["GET"]}}],"collection":[{"href":"https:\/\/avecobaggie.com\/es\/wp-json\/wp\/v2\/product"}],"about":[{"href":"https:\/\/avecobaggie.com\/es\/wp-json\/wp\/v2\/types\/product"}],"replies":[{"embeddable":true,"href":"https:\/\/avecobaggie.com\/es\/wp-json\/wp\/v2\/comments?post=9315"}],"wp:featuredmedia":[{"embeddable":true,"href":"https:\/\/avecobaggie.com\/es\/wp-json\/wp\/v2\/media\/9317"}],"wp:attachment":[{"href":"https:\/\/avecobaggie.com\/es\/wp-json\/wp\/v2\/media?parent=9315"}],"wp:term":[{"taxonomy":"product_brand","embeddable":true,"href":"https:\/\/avecobaggie.com\/es\/wp-json\/wp\/v2\/product_brand?post=9315"},{"taxonomy":"product_cat","embeddable":true,"href":"https:\/\/avecobaggie.com\/es\/wp-json\/wp\/v2\/product_cat?post=9315"},{"taxonomy":"product_tag","embeddable":true,"href":"https:\/\/avecobaggie.com\/es\/wp-json\/wp\/v2\/product_tag?post=9315"}],"curies":[{"name":"wp","href":"https:\/\/api.w.org\/{rel}","templated":true}]}}