{"id":9326,"date":"2025-03-27T17:18:04","date_gmt":"2025-03-27T09:18:04","guid":{"rendered":"https:\/\/avecobaggie.com\/?post_type=product&#038;p=9326"},"modified":"2025-04-03T10:52:36","modified_gmt":"2025-04-03T02:52:36","slug":"custom-insulated-tyvek-lunch-bag-for-adults","status":"publish","type":"product","link":"https:\/\/avecobaggie.com\/es\/producto\/custom-insulated-tyvek-lunch-bag-for-adults\/","title":{"rendered":"Bolsa de almuerzo Tyvek aislante personalizada para adultos"},"content":{"rendered":"<h2 class=\"wp-block-heading has-text-align-center\">Product Features for Insulated Tyvek Lunch Tote Bag | Thermal Lining |  Office Essentials<\/h2>\n\n\n\n<ol start=\"1\" class=\"wp-block-list\">\n<li><strong>Rendimiento t\u00e9rmico superior<\/strong>\n<ul class=\"wp-block-list\">\n<li><strong>Pearl cotton + aluminum foil lining<\/strong>\u00a0\u2013 maintains temperatures for\u00a0<strong>3+ hours<\/strong>\u00a0(0\u00b0C to 60\u00b0C), perfect for\u00a0<strong>meal prep, food delivery, or outdoor adventures<\/strong>.<\/li>\n\n\n\n<li><strong>Food-grade safe materials<\/strong>&nbsp;\u2013 certified for direct contact with hot\/cold dishes.<\/li>\n<\/ul>\n<\/li>\n\n\n\n<li><strong>Weatherproof &amp; Durable Build<\/strong>\n<ul class=\"wp-block-list\">\n<li><strong>Kraft Tyvek exterior<\/strong>\u00a0-\u00a0<strong>waterproof, tear-resistant<\/strong>, and easy to wipe clean.<\/li>\n\n\n\n<li><strong>Reinforced brown nylon handles<\/strong>&nbsp;\u2013 stress-tested for&nbsp;<strong>Capacidad de carga de 8 kg<\/strong>&nbsp;(e.g., 4 meal containers + utensils).<\/li>\n<\/ul>\n<\/li>\n\n\n\n<li><strong>Secure Dual-Closure System<\/strong>\n<ul class=\"wp-block-list\">\n<li><strong>Tyvek\u00ae Velcro flap<\/strong>&nbsp;\u2013 quick access for busy professionals.<\/li>\n\n\n\n<li><strong>Side metal snap buttons<\/strong>&nbsp;\u2013 double-seal protection against spills during transport.<\/li>\n<\/ul>\n<\/li>\n\n\n\n<li><strong>Commuter-Centric Design<\/strong>\n<ul class=\"wp-block-list\">\n<li><strong>20x23x18cm compact size<\/strong>&nbsp;\u2013 fits under desks, in lockers, or bicycle baskets.<\/li>\n\n\n\n<li><strong>Ligero<\/strong>\u00a0(650g) \u2013 ideal for daily office use or gym-to-work routines for adults.<\/li>\n<\/ul>\n<\/li>\n<\/ol>\n\n\n\n<hr class=\"wp-block-separator has-alpha-channel-opacity\"\/>\n\n\n\n<h4 class=\"wp-block-heading has-text-align-center\"><strong><a href=\"https:\/\/avecobaggie.com\/es\/custom-tyvek-bag-manufacturer\/\" data-type=\"page\" data-id=\"8777\"><\/a><strong><a href=\"https:\/\/avecobaggie.com\/es\/custom-tyvek-bag-manufacturer\/\" data-type=\"page\" data-id=\"8777\"><\/a><strong><strong><strong><a href=\"https:\/\/avecobaggie.com\/es\/custom-tyvek-bag-manufacturer\/\" data-type=\"page\" data-id=\"8777\"><strong><strong><strong><strong><strong><strong><strong><\/strong><\/strong><\/strong><\/strong><\/strong><\/strong><\/strong><\/a><strong><strong><strong><a href=\"https:\/\/avecobaggie.com\/es\/custom-tyvek-bag-manufacturer\/\" data-type=\"page\" data-id=\"8777\"><strong><strong><strong>Flexibilidad de personalizaci\u00f3n<\/strong><\/strong><\/strong><\/a><\/strong><\/strong><\/strong><\/strong><\/strong><\/strong><\/strong><\/strong><\/h4>\n\n\n\n<ul class=\"wp-block-list\">\n<li><strong>Larger\/smaller sizes<\/strong>&nbsp;for family meals or kids\u2019 lunch boxes.<\/li>\n\n\n\n<li><strong>Logotipos en Pantone<\/strong>\u00a0o\u00a0<strong>full-wrap digital prints<\/strong>.<br><strong>Request  samples<\/strong>\u00a0\u2013 test thermal retention and durability!<\/li>\n<\/ul>\n\n\n\n<figure class=\"wp-block-image size-large is-resized\"><img fetchpriority=\"high\" width=\"1024\" height=\"752\" src=\"https:\/\/avecobaggie.com\/wp-content\/uploads\/2025\/03\/Handling-process-selection-3-1024x752.jpg\" alt=\"Accesorios para bolsa tyvek\" class=\"wp-image-9131\" style=\"object-fit:cover;width:1140px;height:837px\" srcset=\"https:\/\/avecobaggie.com\/wp-content\/uploads\/2025\/03\/Handling-process-selection-3-1024x752.jpg 1024w, https:\/\/avecobaggie.com\/wp-content\/uploads\/2025\/03\/Handling-process-selection-3-300x220.jpg 300w, https:\/\/avecobaggie.com\/wp-content\/uploads\/2025\/03\/Handling-process-selection-3-768x564.jpg 768w, https:\/\/avecobaggie.com\/wp-content\/uploads\/2025\/03\/Handling-process-selection-3-600x441.jpg 600w, https:\/\/avecobaggie.com\/wp-content\/uploads\/2025\/03\/Handling-process-selection-3.jpg 1140w\" sizes=\"(max-width: 1024px) 100vw, 1024px\" \/><\/figure>\n\n\n\n<figure class=\"wp-block-image size-large is-resized\"><img width=\"929\" height=\"1024\" src=\"https:\/\/avecobaggie.com\/wp-content\/uploads\/2025\/03\/Handling-process-selection-4-929x1024.jpg\" alt=\"Asa Opci\u00f3n para fabricar bolsas de Tyvek\" class=\"wp-image-9132\" style=\"object-fit:cover;width:1140px;height:1256px\" srcset=\"https:\/\/avecobaggie.com\/wp-content\/uploads\/2025\/03\/Handling-process-selection-4-929x1024.jpg 929w, https:\/\/avecobaggie.com\/wp-content\/uploads\/2025\/03\/Handling-process-selection-4-272x300.jpg 272w, https:\/\/avecobaggie.com\/wp-content\/uploads\/2025\/03\/Handling-process-selection-4-768x846.jpg 768w, https:\/\/avecobaggie.com\/wp-content\/uploads\/2025\/03\/Handling-process-selection-4-600x661.jpg 600w, https:\/\/avecobaggie.com\/wp-content\/uploads\/2025\/03\/Handling-process-selection-4.jpg 1140w\" sizes=\"(max-width: 929px) 100vw, 929px\" \/><\/figure>\n\n\n\n<figure class=\"wp-block-table\"><table><tbody><tr><td>Material<\/td><td>Papel DuPont Tyvek<\/td><\/tr><tr><td>Color<\/td><td>Elija entre nuestro stock de tejidos disponibles o personal\u00edcelos mediante te\u00f1ido para que coincidan con colores Pantone espec\u00edficos.<\/td><\/tr><tr><td>Grosor del tejido<\/td><td>35-105 g\/m<\/td><\/tr><tr><td>Talla<\/td><td>Personalizable<\/td><\/tr><tr><td>Impresi\u00f3n<\/td><td>Impresi\u00f3n digital, serigraf\u00eda, impresi\u00f3n por transferencia t\u00e9rmica, flexograf\u00eda<\/td><\/tr><tr><td>Tipo de asa<\/td><td>Tyvek, cuero, algod\u00f3n, nailon<\/td><\/tr><tr><td>Accesorios<\/td><td>Bolsillo interior, bolsillo exterior, cremallera, bot\u00f3n a presi\u00f3n, cierre magn\u00e9tico, velcro, cord\u00f3n, fuelle inferior, fuelle lateral, anilla en D, hebillas, ojal, separadores, etiqueta, etiqueta<\/td><\/tr><tr><td>Caracter\u00edsticas<\/td><td>Ligero pero duradero, Resistente al agua, Resistente al desgarro, Transpirable, Respetuoso con el medio ambiente y reciclable, Textura y aspecto \u00fanicos, F\u00e1cilmente personalizable<\/td><\/tr><tr><td>Utilizaci\u00f3n<\/td><td>Actos promocionales, Compras, Viajes, Conferencias, Exposiciones, Salidas a la playa, Picnics, Uso diario<\/td><\/tr><tr><td>Calidad<\/td><td>Materiales de primera calidad y artesan\u00eda superior garantizados<\/td><\/tr><tr><td>OEM\/ODM<\/td><td>Aceptable<\/td><\/tr><tr><td rowspan=\"4\">Producci\u00f3n de muestras<\/td><td>Plazo de entrega: 3-7 d\u00edas.<\/td><\/tr><tr><td>Coste: 30USD-80USD Var\u00eda en funci\u00f3n de los detalles del producto.<\/td><\/tr><tr><td>Pol\u00edtica de reembolso: Totalmente reembolsable con un pedido de 1000pcs o m\u00e1s.<\/td><\/tr><tr><td>Las muestras est\u00e1ndar son gratuitas. Solo tendr\u00e1s que cubrir los gastos de env\u00edo.<\/td><\/tr><tr><td>Embalaje<\/td><td>Bolsa PE + Cart\u00f3n (Personalizable)<\/td><\/tr><tr><td>Producci\u00f3n en serie<\/td><td>7-30 d\u00edas, dependiendo de la cantidad<\/td><\/tr><tr><td>Env\u00edo<\/td><td>Por expreso (DHL, UPS, FedEx, TNT, EMS), Por aire, Por mar<\/td><\/tr><\/tbody><\/table><\/figure>","protected":false},"excerpt":{"rendered":"<p>Tyvek &amp; Aluminum Foil\u00a0 | 3-Hour(0\u00b0C to 60\u00b0C) | Dual Closures | Commuter-Friendly<\/p>","protected":false},"featured_media":9327,"comment_status":"open","ping_status":"closed","template":"","meta":{"_seopress_robots_primary_cat":"none","_seopress_titles_title":"%%post_title%% %%sep%% Get Customized Now","_seopress_titles_desc":"Insulated Tyvek lunch tote Bag for Adults \u2013 20x23x18cm, 3-hour(0\u00b0C to 60\u00b0C), office-friendly, reiforced Handle,secured sealing,Get Customized Now","_seopress_robots_index":""},"product_brand":[185],"product_cat":[189],"product_tag":[136],"class_list":{"0":"post-9326","1":"product","2":"type-product","3":"status-publish","4":"has-post-thumbnail","6":"product_brand-avecobaggie","7":"product_cat-custom-tyvek-bag","8":"product_tag-dupont-bag","10":"first","11":"instock","12":"taxable","13":"shipping-taxable","14":"product-type-simple"},"_links":{"self":[{"href":"https:\/\/avecobaggie.com\/es\/wp-json\/wp\/v2\/product\/9326","targetHints":{"allow":["GET"]}}],"collection":[{"href":"https:\/\/avecobaggie.com\/es\/wp-json\/wp\/v2\/product"}],"about":[{"href":"https:\/\/avecobaggie.com\/es\/wp-json\/wp\/v2\/types\/product"}],"replies":[{"embeddable":true,"href":"https:\/\/avecobaggie.com\/es\/wp-json\/wp\/v2\/comments?post=9326"}],"wp:featuredmedia":[{"embeddable":true,"href":"https:\/\/avecobaggie.com\/es\/wp-json\/wp\/v2\/media\/9327"}],"wp:attachment":[{"href":"https:\/\/avecobaggie.com\/es\/wp-json\/wp\/v2\/media?parent=9326"}],"wp:term":[{"taxonomy":"product_brand","embeddable":true,"href":"https:\/\/avecobaggie.com\/es\/wp-json\/wp\/v2\/product_brand?post=9326"},{"taxonomy":"product_cat","embeddable":true,"href":"https:\/\/avecobaggie.com\/es\/wp-json\/wp\/v2\/product_cat?post=9326"},{"taxonomy":"product_tag","embeddable":true,"href":"https:\/\/avecobaggie.com\/es\/wp-json\/wp\/v2\/product_tag?post=9326"}],"curies":[{"name":"wp","href":"https:\/\/api.w.org\/{rel}","templated":true}]}}