{"id":9475,"date":"2025-04-03T11:26:57","date_gmt":"2025-04-03T03:26:57","guid":{"rendered":"https:\/\/avecobaggie.com\/?post_type=product&#038;p=9475"},"modified":"2025-05-08T10:34:13","modified_gmt":"2025-05-08T02:34:13","slug":"collapsible-washed-kraft-storage-organizers","status":"publish","type":"product","link":"https:\/\/avecobaggie.com\/es\/producto\/collapsible-washed-kraft-storage-organizers\/","title":{"rendered":"Mayorista Organizadores plegables de papel kraft lavado"},"content":{"rendered":"<h2 class=\"wp-block-heading has-text-align-center\">Caracter\u00edsticas del producto <\/h2>\n\n\n\n<ol start=\"1\" class=\"wp-block-list\">\n<li><strong>Dise\u00f1o plegable para ahorrar espacio<\/strong>\n<ul class=\"wp-block-list\">\n<li><strong>Cierres a presi\u00f3n met\u00e1licos laterales<\/strong>&nbsp;- se pliegan cuando est\u00e1n vac\u00edas, reduciendo el volumen de almacenamiento en&nbsp;<strong>70%<\/strong>&nbsp;para facilitar el transporte o el uso estacional.<\/li>\n\n\n\n<li><strong>Se monta en cubos cuadrados<\/strong>&nbsp;(de 9,6\u00d79,6\u00d79,2 cm a 20x20x19,8 cm): la estructura r\u00edgida mantiene la forma incluso con objetos pesados.<\/li>\n<\/ul>\n<\/li>\n\n\n\n<li><strong>Organizaci\u00f3n multiescenario<\/strong>\n<ul class=\"wp-block-list\">\n<li><strong>Cocina\/nevera<\/strong>: Guarda especias, bolsitas de t\u00e9 o verduras congeladas.<\/li>\n\n\n\n<li><strong>Cuarto de ba\u00f1o<\/strong>: Organiza art\u00edculos de aseo, maquillaje o discos de algod\u00f3n.<\/li>\n\n\n\n<li><strong>Oficina\/Hogar<\/strong>: Ordena art\u00edculos de papeler\u00eda, libros o peque\u00f1as plantas en macetas.<\/li>\n\n\n\n<li><strong>Armario<\/strong>: Calcetines de corral, accesorios o art\u00edculos de temporada.<\/li>\n<\/ul>\n<\/li>\n\n\n\n<li><strong>Construcci\u00f3n duradera y respetuosa con el medio ambiente<\/strong>\n<ul class=\"wp-block-list\">\n<li><strong>Papel kraft lavado biodegradable<\/strong>&nbsp;- envejece de forma natural para conseguir una est\u00e9tica r\u00fastica.<\/li>\n\n\n\n<li><strong>Costuras de doble capa<\/strong>&nbsp;- resistente al desgarro para&nbsp;<strong>M\u00e1s de 3 a\u00f1os de uso diario<\/strong>.<\/li>\n<\/ul>\n<\/li>\n\n\n\n<li><strong>Marca sutil y valor B2B<\/strong>\n<ul class=\"wp-block-list\">\n<li><strong>Logotipo impreso a un color<\/strong>&nbsp;- marca minimalista para hoteles, minoristas o boutiques ecol\u00f3gicas.<\/li>\n\n\n\n<li><strong>MOQ 500pcs<\/strong>&nbsp;(tama\u00f1os mixtos): ideal para nuevas empresas o cadenas de hosteler\u00eda.<\/li>\n\n\n\n<li><strong>Producci\u00f3n de 20 d\u00edas<\/strong>&nbsp;+&nbsp;<strong>Env\u00edo DDP<\/strong>&nbsp;<\/li>\n<\/ul>\n<\/li>\n<\/ol>\n\n\n\n<hr class=\"wp-block-separator has-alpha-channel-opacity\"\/>\n\n\n\n<h4 class=\"wp-block-heading has-text-align-center\"><strong><a href=\"https:\/\/avecobaggie.com\/es\/custom-tyvek-bag-manufacturer\/\" data-type=\"page\" data-id=\"8777\"><\/a><strong><a href=\"https:\/\/avecobaggie.com\/es\/custom-tyvek-bag-manufacturer\/\" data-type=\"page\" data-id=\"8777\"><\/a><strong><strong><strong><a href=\"https:\/\/avecobaggie.com\/es\/custom-tyvek-bag-manufacturer\/\" data-type=\"page\" data-id=\"8777\"><\/a><strong><strong><strong><a href=\"https:\/\/avecobaggie.com\/es\/custom-washable-paper-bag-manufactuer\/\" data-type=\"page\" data-id=\"8845\"><strong><strong><strong>Flexibilidad de personalizaci\u00f3n<\/strong><\/strong><\/strong><\/a><\/strong><\/strong><\/strong><\/strong><\/strong><\/strong><\/strong><\/strong><\/h4>\n\n\n\n<ul class=\"wp-block-list\">\n<li><strong>Revestimientos impermeables<\/strong>&nbsp;o&nbsp;<strong>paneles ventilados<\/strong>&nbsp;para las ra\u00edces de las plantas.<\/li>\n\n\n\n<li><strong>Cierres magn\u00e9ticos<\/strong>&nbsp;o&nbsp;<strong>asas de cuerda de algod\u00f3n<\/strong>&nbsp;para actualizaciones.<br><strong>Solicitar muestras personalizadas<\/strong>&nbsp;- Pruebe la funcionalidad en situaciones reales.<\/li>\n<\/ul>\n\n\n\n<figure class=\"wp-block-image size-large is-resized\"><img fetchpriority=\"high\" width=\"1024\" height=\"752\" src=\"https:\/\/avecobaggie.com\/wp-content\/uploads\/2025\/03\/Handling-process-selection-3-1024x752.jpg\" alt=\"Accesorios para bolsa tyvek\" class=\"wp-image-9131\" style=\"object-fit:cover;width:1140px;height:837px\" srcset=\"https:\/\/avecobaggie.com\/wp-content\/uploads\/2025\/03\/Handling-process-selection-3-1024x752.jpg 1024w, https:\/\/avecobaggie.com\/wp-content\/uploads\/2025\/03\/Handling-process-selection-3-300x220.jpg 300w, https:\/\/avecobaggie.com\/wp-content\/uploads\/2025\/03\/Handling-process-selection-3-768x564.jpg 768w, https:\/\/avecobaggie.com\/wp-content\/uploads\/2025\/03\/Handling-process-selection-3-600x441.jpg 600w, https:\/\/avecobaggie.com\/wp-content\/uploads\/2025\/03\/Handling-process-selection-3.jpg 1140w\" sizes=\"(max-width: 1024px) 100vw, 1024px\" \/><\/figure>\n\n\n\n<figure class=\"wp-block-image size-large is-resized\"><img width=\"929\" height=\"1024\" src=\"https:\/\/avecobaggie.com\/wp-content\/uploads\/2025\/03\/Handling-process-selection-4-929x1024.jpg\" alt=\"Asa Opci\u00f3n para fabricar bolsas de Tyvek\" class=\"wp-image-9132\" style=\"object-fit:cover;width:1140px;height:1256px\" srcset=\"https:\/\/avecobaggie.com\/wp-content\/uploads\/2025\/03\/Handling-process-selection-4-929x1024.jpg 929w, https:\/\/avecobaggie.com\/wp-content\/uploads\/2025\/03\/Handling-process-selection-4-272x300.jpg 272w, https:\/\/avecobaggie.com\/wp-content\/uploads\/2025\/03\/Handling-process-selection-4-768x846.jpg 768w, https:\/\/avecobaggie.com\/wp-content\/uploads\/2025\/03\/Handling-process-selection-4-600x661.jpg 600w, https:\/\/avecobaggie.com\/wp-content\/uploads\/2025\/03\/Handling-process-selection-4.jpg 1140w\" sizes=\"(max-width: 929px) 100vw, 929px\" \/><\/figure>\n\n\n\n<figure class=\"wp-block-table\"><table><tbody><tr><td>Descripci\u00f3n:<\/td><td><strong>Caracter\u00edstica<\/strong><\/td><\/tr><tr><td><strong>Beneficios medioambientales<\/strong><\/td><td>1.&nbsp;<strong>Reutilizable<\/strong>: Puede lavarse y reutilizarse varias veces, lo que reduce los residuos de un solo uso.<br>2.&nbsp;<strong>Material biodegradable<\/strong>: Principalmente a base de papel, se descompone m\u00e1s r\u00e1pidamente que los pl\u00e1sticos.<br>3.&nbsp;<strong>Reduce la contaminaci\u00f3n por pl\u00e1sticos<\/strong>: Sustituye a las bolsas de pl\u00e1stico tradicionales, minimizando la contaminaci\u00f3n por micropl\u00e1sticos.<\/td><\/tr><tr><td><strong>Caracter\u00edsticas funcionales<\/strong><\/td><td>1.&nbsp;<strong>Impermeable\/resistente al agua<\/strong>: Las superficies tratadas resisten los da\u00f1os durante el lavado.<br>2.&nbsp;<strong>Ligero y duradero<\/strong>: M\u00e1s resistentes que las bolsas de papel normales y con mayor capacidad de carga.<br>3.&nbsp;<strong>F\u00e1cil de limpiar<\/strong>: Se puede lavar a mano o a m\u00e1quina (seg\u00fan el dise\u00f1o) y se seca r\u00e1pidamente.<\/td><\/tr><tr><td><strong>Beneficios econ\u00f3micos<\/strong><\/td><td>1.&nbsp;<strong>Menor coste a largo plazo<\/strong>: Rentable por uso en comparaci\u00f3n con las opciones desechables.<br>2.&nbsp;<strong>Recompra reducida<\/strong>: La reutilizaci\u00f3n reduce los gastos recurrentes de las empresas y los consumidores.<\/td><\/tr><tr><td><strong>Aplicaciones pr\u00e1cticas<\/strong><\/td><td>1.&nbsp;<strong>Vers\u00e1til<\/strong>: Ideal para ir de compras, guardar cosas, viajar y mucho m\u00e1s.<br>2.&nbsp;<strong>Port\u00e1til<\/strong>: Compacto cuando est\u00e1 plegado, f\u00e1cil de transportar.<br>3.&nbsp;<strong>Altamente personalizable<\/strong>: Imprimible con dise\u00f1os o logotipos para la marca.<\/td><\/tr><tr><td><strong>Recurso de los consumidores<\/strong><\/td><td>1.&nbsp;<strong>Dise\u00f1o elegante<\/strong>: Combina la textura del papel con una est\u00e9tica moderna, en l\u00ednea con las tendencias ecol\u00f3gicas.<br>2.&nbsp;<strong>Seguro para la salud<\/strong>: Recubrimientos sin sustancias qu\u00edmicas (en algunos productos), m\u00e1s seguros para el contacto con alimentos.<\/td><\/tr><tr><td><strong>Cumplimiento de la pol\u00edtica<\/strong><\/td><td>1.&nbsp;<strong>Cumple la normativa sobre prohibici\u00f3n de pl\u00e1sticos<\/strong>: Cumple las prohibiciones mundiales de pl\u00e1sticos de un solo uso.<br>2.&nbsp;<strong>Certificaciones ecol\u00f3gicas<\/strong>: Pueden optar a etiquetas de sostenibilidad, lo que aumenta la puntuaci\u00f3n ESG.<\/td><\/tr><\/tbody><\/table><\/figure>\n\n\n\n<p><\/p>","protected":false},"excerpt":{"rendered":"<p>Ecol\u00f3gico | 4 Tama\u00f1os | Dise\u00f1o Plegable | Biodegradable<\/p>","protected":false},"featured_media":9476,"comment_status":"closed","ping_status":"closed","template":"","meta":{"_seopress_robots_primary_cat":"none","_seopress_titles_title":"Wholesale Washed Kraft Storage Organizers | 4 Sizes","_seopress_titles_desc":"Washed kraft storage cubes \u2013 4 collapsible sizes, multi-use organizers, qucik shipment and wholesale price","_seopress_robots_index":""},"product_brand":[185],"product_cat":[190,109],"product_tag":[191],"class_list":{"0":"post-9475","1":"product","2":"type-product","3":"status-publish","4":"has-post-thumbnail","6":"product_brand-avecobaggie","7":"product_cat-washable-craft-paper-bag","8":"product_cat-everyday","9":"product_tag-washable-craft-paper-bag","11":"first","12":"instock","13":"taxable","14":"shipping-taxable","15":"product-type-simple"},"_links":{"self":[{"href":"https:\/\/avecobaggie.com\/es\/wp-json\/wp\/v2\/product\/9475","targetHints":{"allow":["GET"]}}],"collection":[{"href":"https:\/\/avecobaggie.com\/es\/wp-json\/wp\/v2\/product"}],"about":[{"href":"https:\/\/avecobaggie.com\/es\/wp-json\/wp\/v2\/types\/product"}],"replies":[{"embeddable":true,"href":"https:\/\/avecobaggie.com\/es\/wp-json\/wp\/v2\/comments?post=9475"}],"wp:featuredmedia":[{"embeddable":true,"href":"https:\/\/avecobaggie.com\/es\/wp-json\/wp\/v2\/media\/9476"}],"wp:attachment":[{"href":"https:\/\/avecobaggie.com\/es\/wp-json\/wp\/v2\/media?parent=9475"}],"wp:term":[{"taxonomy":"product_brand","embeddable":true,"href":"https:\/\/avecobaggie.com\/es\/wp-json\/wp\/v2\/product_brand?post=9475"},{"taxonomy":"product_cat","embeddable":true,"href":"https:\/\/avecobaggie.com\/es\/wp-json\/wp\/v2\/product_cat?post=9475"},{"taxonomy":"product_tag","embeddable":true,"href":"https:\/\/avecobaggie.com\/es\/wp-json\/wp\/v2\/product_tag?post=9475"}],"curies":[{"name":"wp","href":"https:\/\/api.w.org\/{rel}","templated":true}]}}