{"id":9496,"date":"2025-04-03T15:25:49","date_gmt":"2025-04-03T07:25:49","guid":{"rendered":"https:\/\/avecobaggie.com\/?post_type=product&#038;p=9496"},"modified":"2025-04-03T16:04:52","modified_gmt":"2025-04-03T08:04:52","slug":"custom-reusable-washed-kraft-paper-tote-bag-with-pu-handles","status":"publish","type":"product","link":"https:\/\/avecobaggie.com\/es\/producto\/custom-reusable-washed-kraft-paper-tote-bag-with-pu-handles\/","title":{"rendered":"Bolsa de papel kraft lavado reutilizable personalizada con asas de PU"},"content":{"rendered":"<h2 class=\"wp-block-heading has-text-align-center\">Caracter\u00edsticas del producto <\/h2>\n\n\n\n<ol start=\"1\" class=\"wp-block-list\">\n<li><strong>Material sostenible y duradero<\/strong>\n<ul class=\"wp-block-list\">\n<li><strong>100% biodegradable washed kraft paper<\/strong>&nbsp;\u2013 develops a&nbsp;<strong>natural rustic patina<\/strong>&nbsp;over time, aligning with zero-waste branding.<\/li>\n\n\n\n<li><strong>Reinforced base + side gussets<\/strong>&nbsp;\u2013 holds shape for groceries, office supplies, or travel essentials.<\/li>\n<\/ul>\n<\/li>\n\n\n\n<li><strong>Functional Design for Daily Use<\/strong>\n<ul class=\"wp-block-list\">\n<li><strong>PU leather handles<\/strong>\u00a0\u2013 rivet-reinforced for\u00a0<strong>8kg+ load capacity<\/strong>\u00a0with sweat-resistant grip. Multi-Use Organizer<\/li>\n\n\n\n<li><strong>Magnetic snap closure<\/strong>&nbsp;\u2013 quick access while securing contents during commutes or shopping.<\/li>\n<\/ul>\n<\/li>\n\n\n\n<li><strong>Versatile Multi-Scenario Utility<\/strong>\n<ul class=\"wp-block-list\">\n<li><strong>Office\/Commute<\/strong>: Laptops, files, or lunch boxes.<\/li>\n\n\n\n<li><strong>Home Storage<\/strong>: Organize toys, pantry items, or laundry.<\/li>\n\n\n\n<li><strong>Retail\/Gifting<\/strong>: Reusable alternative to plastic bags for eco-conscious brands.<\/li>\n<\/ul>\n<\/li>\n\n\n\n<li><strong>B2B-Centric Value<\/strong>\n<ul class=\"wp-block-list\">\n<li><strong>MOQ 500pcs<\/strong>&nbsp;\u2013 ideal for corporate gifting, grocery chains, or boutique retailers.<\/li>\n\n\n\n<li><strong>15-day production<\/strong>\u00a0+\u00a0<strong>Env\u00edo DDP<\/strong><\/li>\n\n\n\n<li><strong>Free logo printing<\/strong>&nbsp;\u2013 UV-resistant ink for long-term branding.<\/li>\n<\/ul>\n<\/li>\n<\/ol>\n\n\n\n<hr class=\"wp-block-separator has-alpha-channel-opacity\"\/>\n\n\n\n<h4 class=\"wp-block-heading has-text-align-center\"><strong><a href=\"https:\/\/avecobaggie.com\/es\/custom-tyvek-bag-manufacturer\/\" data-type=\"page\" data-id=\"8777\"><\/a><strong><a href=\"https:\/\/avecobaggie.com\/es\/custom-tyvek-bag-manufacturer\/\" data-type=\"page\" data-id=\"8777\"><\/a><strong><strong><strong><a href=\"https:\/\/avecobaggie.com\/es\/custom-tyvek-bag-manufacturer\/\" data-type=\"page\" data-id=\"8777\"><\/a><strong><strong><strong><a href=\"https:\/\/avecobaggie.com\/es\/custom-washable-paper-bag-manufactuer\/\" data-type=\"page\" data-id=\"8845\"><strong><strong><strong>Flexibilidad de personalizaci\u00f3n<\/strong><\/strong><\/strong><\/a><\/strong><\/strong><\/strong><\/strong><\/strong><\/strong><\/strong><\/strong><\/h4>\n\n\n\n<ul class=\"wp-block-list\">\n<li><strong>Inner pockets<\/strong>&nbsp;o&nbsp;<strong>waterproof liners<\/strong>&nbsp;for delicate items.<\/li>\n\n\n\n<li><strong>Embossed logos<\/strong>\u00a0o\u00a0<strong>QR code tags<\/strong>\u00a0for interactive branding.<br><strong>Request Customized samples<\/strong>\u00a0\u2013 test durability in real-life use!<\/li>\n<\/ul>\n\n\n\n<figure class=\"wp-block-image size-large is-resized\"><img fetchpriority=\"high\" width=\"1024\" height=\"752\" src=\"https:\/\/avecobaggie.com\/wp-content\/uploads\/2025\/03\/Handling-process-selection-3-1024x752.jpg\" alt=\"Accesorios para bolsa tyvek\" class=\"wp-image-9131\" style=\"object-fit:cover;width:1140px;height:837px\" srcset=\"https:\/\/avecobaggie.com\/wp-content\/uploads\/2025\/03\/Handling-process-selection-3-1024x752.jpg 1024w, https:\/\/avecobaggie.com\/wp-content\/uploads\/2025\/03\/Handling-process-selection-3-300x220.jpg 300w, https:\/\/avecobaggie.com\/wp-content\/uploads\/2025\/03\/Handling-process-selection-3-768x564.jpg 768w, https:\/\/avecobaggie.com\/wp-content\/uploads\/2025\/03\/Handling-process-selection-3-600x441.jpg 600w, https:\/\/avecobaggie.com\/wp-content\/uploads\/2025\/03\/Handling-process-selection-3.jpg 1140w\" sizes=\"(max-width: 1024px) 100vw, 1024px\" \/><\/figure>\n\n\n\n<figure class=\"wp-block-image size-large is-resized\"><img width=\"929\" height=\"1024\" src=\"https:\/\/avecobaggie.com\/wp-content\/uploads\/2025\/03\/Handling-process-selection-4-929x1024.jpg\" alt=\"Asa Opci\u00f3n para fabricar bolsas de Tyvek\" class=\"wp-image-9132\" style=\"object-fit:cover;width:1140px;height:1256px\" srcset=\"https:\/\/avecobaggie.com\/wp-content\/uploads\/2025\/03\/Handling-process-selection-4-929x1024.jpg 929w, https:\/\/avecobaggie.com\/wp-content\/uploads\/2025\/03\/Handling-process-selection-4-272x300.jpg 272w, https:\/\/avecobaggie.com\/wp-content\/uploads\/2025\/03\/Handling-process-selection-4-768x846.jpg 768w, https:\/\/avecobaggie.com\/wp-content\/uploads\/2025\/03\/Handling-process-selection-4-600x661.jpg 600w, https:\/\/avecobaggie.com\/wp-content\/uploads\/2025\/03\/Handling-process-selection-4.jpg 1140w\" sizes=\"(max-width: 929px) 100vw, 929px\" \/><\/figure>\n\n\n\n<figure class=\"wp-block-table\"><table><tbody><tr><td>Descripci\u00f3n:<\/td><td><strong>Caracter\u00edstica<\/strong><\/td><\/tr><tr><td><strong>Beneficios medioambientales<\/strong><\/td><td>1.&nbsp;<strong>Reutilizable<\/strong>: Puede lavarse y reutilizarse varias veces, lo que reduce los residuos de un solo uso.<br>2.&nbsp;<strong>Material biodegradable<\/strong>: Principalmente a base de papel, se descompone m\u00e1s r\u00e1pidamente que los pl\u00e1sticos.<br>3.&nbsp;<strong>Reduce la contaminaci\u00f3n por pl\u00e1sticos<\/strong>: Sustituye a las bolsas de pl\u00e1stico tradicionales, minimizando la contaminaci\u00f3n por micropl\u00e1sticos.<\/td><\/tr><tr><td><strong>Caracter\u00edsticas funcionales<\/strong><\/td><td>1.&nbsp;<strong>Impermeable\/resistente al agua<\/strong>: Las superficies tratadas resisten los da\u00f1os durante el lavado.<br>2.&nbsp;<strong>Ligero y duradero<\/strong>: M\u00e1s resistentes que las bolsas de papel normales y con mayor capacidad de carga.<br>3.&nbsp;<strong>F\u00e1cil de limpiar<\/strong>: Se puede lavar a mano o a m\u00e1quina (seg\u00fan el dise\u00f1o) y se seca r\u00e1pidamente.<\/td><\/tr><tr><td><strong>Beneficios econ\u00f3micos<\/strong><\/td><td>1.&nbsp;<strong>Menor coste a largo plazo<\/strong>: Rentable por uso en comparaci\u00f3n con las opciones desechables.<br>2.&nbsp;<strong>Recompra reducida<\/strong>: La reutilizaci\u00f3n reduce los gastos recurrentes de las empresas y los consumidores.<\/td><\/tr><tr><td><strong>Aplicaciones pr\u00e1cticas<\/strong><\/td><td>1.&nbsp;<strong>Vers\u00e1til<\/strong>: Ideal para ir de compras, guardar cosas, viajar y mucho m\u00e1s.<br>2.&nbsp;<strong>Port\u00e1til<\/strong>: Compacto cuando est\u00e1 plegado, f\u00e1cil de transportar.<br>3.&nbsp;<strong>Altamente personalizable<\/strong>: Imprimible con dise\u00f1os o logotipos para la marca.<\/td><\/tr><tr><td><strong>Recurso de los consumidores<\/strong><\/td><td>1.&nbsp;<strong>Dise\u00f1o elegante<\/strong>: Combina la textura del papel con una est\u00e9tica moderna, en l\u00ednea con las tendencias ecol\u00f3gicas.<br>2.&nbsp;<strong>Seguro para la salud<\/strong>: Recubrimientos sin sustancias qu\u00edmicas (en algunos productos), m\u00e1s seguros para el contacto con alimentos.<\/td><\/tr><tr><td><strong>Cumplimiento de la pol\u00edtica<\/strong><\/td><td>1.&nbsp;<strong>Cumple la normativa sobre prohibici\u00f3n de pl\u00e1sticos<\/strong>: Cumple las prohibiciones mundiales de pl\u00e1sticos de un solo uso.<br>2.&nbsp;<strong>Certificaciones ecol\u00f3gicas<\/strong>: Pueden optar a etiquetas de sostenibilidad, lo que aumenta la puntuaci\u00f3n ESG.<\/td><\/tr><\/tbody><\/table><\/figure>","protected":false},"excerpt":{"rendered":"<p>20x26x12cm | Magnetic Seal | PU Handles | Eco-Friendly | B2B Orders<\/p>","protected":false},"featured_media":9497,"comment_status":"open","ping_status":"closed","template":"","meta":{"_seopress_robots_primary_cat":"none","_seopress_titles_title":"Custom Reusable Washed Kraft Paper Tote Bag with PU Handles","_seopress_titles_desc":"Washed kraft tote bag \u2013 20x26x12cm, magnetic closure, multi-use, bulk orders.","_seopress_robots_index":""},"product_brand":[185],"product_cat":[190,29],"product_tag":[37,191],"class_list":{"0":"post-9496","1":"product","2":"type-product","3":"status-publish","4":"has-post-thumbnail","6":"product_brand-avecobaggie","7":"product_cat-washable-craft-paper-bag","8":"product_cat-tote-bag","9":"product_tag-tote-bag","10":"product_tag-washable-craft-paper-bag","12":"first","13":"instock","14":"taxable","15":"shipping-taxable","16":"product-type-simple"},"_links":{"self":[{"href":"https:\/\/avecobaggie.com\/es\/wp-json\/wp\/v2\/product\/9496","targetHints":{"allow":["GET"]}}],"collection":[{"href":"https:\/\/avecobaggie.com\/es\/wp-json\/wp\/v2\/product"}],"about":[{"href":"https:\/\/avecobaggie.com\/es\/wp-json\/wp\/v2\/types\/product"}],"replies":[{"embeddable":true,"href":"https:\/\/avecobaggie.com\/es\/wp-json\/wp\/v2\/comments?post=9496"}],"wp:featuredmedia":[{"embeddable":true,"href":"https:\/\/avecobaggie.com\/es\/wp-json\/wp\/v2\/media\/9497"}],"wp:attachment":[{"href":"https:\/\/avecobaggie.com\/es\/wp-json\/wp\/v2\/media?parent=9496"}],"wp:term":[{"taxonomy":"product_brand","embeddable":true,"href":"https:\/\/avecobaggie.com\/es\/wp-json\/wp\/v2\/product_brand?post=9496"},{"taxonomy":"product_cat","embeddable":true,"href":"https:\/\/avecobaggie.com\/es\/wp-json\/wp\/v2\/product_cat?post=9496"},{"taxonomy":"product_tag","embeddable":true,"href":"https:\/\/avecobaggie.com\/es\/wp-json\/wp\/v2\/product_tag?post=9496"}],"curies":[{"name":"wp","href":"https:\/\/api.w.org\/{rel}","templated":true}]}}