{"id":9755,"date":"2025-04-16T16:53:29","date_gmt":"2025-04-16T08:53:29","guid":{"rendered":"https:\/\/avecobaggie.com\/?post_type=product&#038;p=9755"},"modified":"2025-05-08T11:39:11","modified_gmt":"2025-05-08T03:39:11","slug":"extra-large-xxl-reusable-shopping-bag-wholesale-with-handle","status":"publish","type":"product","link":"https:\/\/avecobaggie.com\/es\/producto\/extra-large-xxl-reusable-shopping-bag-wholesale-with-handle\/","title":{"rendered":"Bolsa de la compra reutilizable extragrande XXL al por mayor con asa"},"content":{"rendered":"<h2 class=\"wp-block-heading has-text-align-center\">Caracter\u00edsticas del producto<\/h2>\n\n\n\n<p><strong>Material sostenible y duradero<\/strong><br> &nbsp;<strong>rPET con certificaci\u00f3n GRS<\/strong>&nbsp;- Fabricada con m\u00e1s de 15 botellas de pl\u00e1stico reciclado por bolsa,&nbsp;<strong>30% m\u00e1s fuerte<\/strong>&nbsp;que el no tejido est\u00e1ndar.<br>  <strong>Tejido laminado de PE de 80 g<\/strong>&nbsp;- Superficie impermeable resistente a las manchas, perfecta para comestibles\/cosm\u00e9ticos.<\/p>\n\n\n\n<p><strong>Dise\u00f1o comercial<\/strong><br> &nbsp;<strong>Asas de nylon reforzadas<\/strong>&nbsp;- Doble costura para&nbsp;<strong>10 kg de peso din\u00e1mico<\/strong>&nbsp;(probado para m\u00e1s de 200 usos).<br> &nbsp;<strong>Base en caja<\/strong>&nbsp;- Mantiene la forma para facilitar el envasado en establecimientos minoristas y de restauraci\u00f3n.<\/p>\n\n\n\n<p><strong>Marca viva y versatilidad<\/strong><br> &nbsp;<strong>Impresi\u00f3n digital a todo color<\/strong>&nbsp;- Gr\u00e1ficos CMYK\/Pantone con&nbsp;<strong>Precisi\u00f3n de 0,2 mm<\/strong>&nbsp;(resistente a la decoloraci\u00f3n tras 50 lavados).<br> &nbsp;<strong>Uso multisectorial<\/strong>:<br>-&nbsp;<strong>Boutiques de moda<\/strong>&nbsp;- Embalaje de lujo para ropa y accesorios.<br>-&nbsp;<strong>Panader\u00edas<\/strong>&nbsp;- Interior antigrasa para cajas de pasteler\u00eda.<br>-&nbsp;<strong>Tiendas de cosm\u00e9ticos<\/strong>&nbsp;- A\u00f1ada bolsillos interiores de malla para muestras.<\/p>\n\n\n\n<p><strong>Ventajas centradas en el B2B<\/strong><br> \u00a0<strong>MOQ 2000pcs<\/strong>\u00a0- puede personalizar un tama\u00f1o a\u00fan mayor.<br> \u00a0<strong>Producci\u00f3n en 25 d\u00edas<\/strong>\u00a0- Opciones r\u00e1pidas para campa\u00f1as urgentes.<br> \u00a0<strong>Env\u00edos DDP<\/strong>\u00a0- Aranceles prepagados a los mercados de la UE, EE.UU. y la ASEAN.<br> \u00a0<strong>Prueba de dise\u00f1o gratuita<\/strong>\u00a0- Vea su logotipo en maquetas 3D en 6 horas.<\/p>\n\n\n\n<hr class=\"wp-block-separator has-alpha-channel-opacity\"\/>\n\n\n\n<h3 class=\"wp-block-heading has-text-align-center\"><strong>Comparaci\u00f3n lado a lado<\/strong><\/h3>\n\n\n\n<figure class=\"wp-block-table\"><table class=\"has-fixed-layout\"><thead><tr><th><strong>Criterios<\/strong><\/th><th><strong>No tejido tradicional<\/strong><\/th><th><strong>Mezcla rPET Lycra<\/strong><\/th><th><strong>Recomendaci\u00f3n B2B<\/strong><\/th><\/tr><\/thead><tbody><tr><td><strong>Fuente del material<\/strong><\/td><td>Fibras v\u00edrgenes de polipropileno<\/td><td>\u2705 85%+ botellas de PET reciclado (con certificado GRS)<\/td><td>Elija rPET por su ecoconformidad<\/td><\/tr><tr><td><strong>Certificaciones<\/strong><\/td><td>\u274c Ninguno<\/td><td>Disponibles certificaciones GRS\/OCS<\/td><td>Obligatorio para las exportaciones de la UE\/marcas de lujo<\/td><\/tr><tr><td><strong>Durabilidad<\/strong><\/td><td>80-120 ciclos de reutilizaci\u00f3n<\/td><td>150-200 ciclos de reutilizaci\u00f3n (resistencia al desgarro +30%)<\/td><td>Uso a largo plazo: rPET<\/td><\/tr><tr><td><strong>Calidad de impresi\u00f3n<\/strong><\/td><td>Propenso a la decoloraci\u00f3n<\/td><td>\u2705 Impresi\u00f3n de alta definici\u00f3n (precisi\u00f3n de 0,2 mm)<\/td><td>Dise\u00f1os complejos: rPET<\/td><\/tr><tr><td><strong>Coste<\/strong><\/td><td>barato<\/td><td>medio<\/td><td>Centrado en el presupuesto: No tejido<\/td><\/tr><tr><td><strong>Plazos de entrega<\/strong><\/td><td>20-25 d\u00edas <\/td><td>20-25 d\u00edas <\/td><td>Pedidos urgentes: rPET<\/td><\/tr><tr><td><strong>Huella de carbono<\/strong><\/td><td>3,2 kg CO2\/100 unidades<\/td><td>0,8kg CO2\/100pcs (-75%)<\/td><td>Marcas centradas en ESG: rPET<\/td><\/tr><tr><td><strong>Prima al usuario final<\/strong><\/td><td>+10%-15% marcado<\/td><td>+30%-50% recargo (valor ecol\u00f3gico)<\/td><td>Ediciones de lujo\/limitadas: rPET<\/td><\/tr><\/tbody><\/table><\/figure>\n\n\n\n<hr class=\"wp-block-separator has-alpha-channel-opacity\"\/>\n\n\n\n<h4 class=\"wp-block-heading has-text-align-center\"><strong><strong><strong><strong><strong><strong><strong><strong><a href=\"https:\/\/avecobaggie.com\/es\/custom-washable-paper-bag-manufactuer\/\" data-type=\"page\" data-id=\"8845\"><strong><strong><strong>Personalizaci\u00f3n <\/strong><\/strong><\/strong><\/a><strong><strong><strong><a href=\"https:\/\/avecobaggie.com\/es\/customize-rpet-bag-manufacturer\/\" data-type=\"link\" data-id=\"https:\/\/avecobaggie.com\/customize-rpet-bag-manufacturer\/\">Flexibilidad<\/a><\/strong><\/strong><\/strong><\/strong><\/strong><\/strong><\/strong><\/strong><\/strong><\/strong><\/strong><\/h4>\n\n\n\n<p>-&nbsp;<strong>Variaciones de color<\/strong>&nbsp;- Del azul marino al verde ne\u00f3n (Pantone a juego).<br>-&nbsp;<strong>Opciones de grosor<\/strong>&nbsp;- 60-150gsm para uso ligero o pesado.<br>-&nbsp;<strong>Mejoras de cierre<\/strong>&nbsp;- Cierres magn\u00e9ticos para un transporte seguro.<\/p>\n\n\n\n<p><strong>Por qu\u00e9 nos eligen los compradores internacionales:<\/strong><br>\u2705&nbsp;<strong>10 kg de capacidad de carga<\/strong>&nbsp;- Transporta con seguridad ordenadores port\u00e1tiles, comestibles o existencias al por menor.<br>\u2705&nbsp;<strong>M\u00e1s de 50 ciclos de lavado<\/strong>&nbsp;- Mantiene el color y la estructura para su reutilizaci\u00f3n a largo plazo.<br>\u2705&nbsp;<strong>Gestor de cuentas 1:1<\/strong>&nbsp;- Asistencia dedicada para pedidos al por mayor.<br>\u2705&nbsp;<strong>Producci\u00f3n neutra en carbono<\/strong>&nbsp;- Compensar las emisiones mediante programas certificados.<\/p>\n\n\n\n<figure class=\"wp-block-image size-full is-resized\"><img fetchpriority=\"high\" width=\"1530\" height=\"725\" src=\"https:\/\/avecobaggie.com\/wp-content\/uploads\/2025\/04\/Accessories-for-Non-woven-bag.jpg\" alt=\"Accesorios para bolsas no tejidas\" class=\"wp-image-9551\" style=\"width:1180px\" srcset=\"https:\/\/avecobaggie.com\/wp-content\/uploads\/2025\/04\/Accessories-for-Non-woven-bag.jpg 1530w, https:\/\/avecobaggie.com\/wp-content\/uploads\/2025\/04\/Accessories-for-Non-woven-bag-300x142.jpg 300w, https:\/\/avecobaggie.com\/wp-content\/uploads\/2025\/04\/Accessories-for-Non-woven-bag-1024x485.jpg 1024w, https:\/\/avecobaggie.com\/wp-content\/uploads\/2025\/04\/Accessories-for-Non-woven-bag-768x364.jpg 768w, https:\/\/avecobaggie.com\/wp-content\/uploads\/2025\/04\/Accessories-for-Non-woven-bag-600x284.jpg 600w\" sizes=\"(max-width: 1530px) 100vw, 1530px\" \/><\/figure>\n\n\n\n<figure class=\"wp-block-image size-full is-resized\"><img width=\"790\" height=\"871\" src=\"https:\/\/avecobaggie.com\/wp-content\/uploads\/2025\/04\/Accessories-for-Non-woven-bag-2.jpg\" alt=\"Accesorios para bolsas no tejidas\" class=\"wp-image-9552\" style=\"width:1180px\" srcset=\"https:\/\/avecobaggie.com\/wp-content\/uploads\/2025\/04\/Accessories-for-Non-woven-bag-2.jpg 790w, https:\/\/avecobaggie.com\/wp-content\/uploads\/2025\/04\/Accessories-for-Non-woven-bag-2-272x300.jpg 272w, https:\/\/avecobaggie.com\/wp-content\/uploads\/2025\/04\/Accessories-for-Non-woven-bag-2-768x847.jpg 768w, https:\/\/avecobaggie.com\/wp-content\/uploads\/2025\/04\/Accessories-for-Non-woven-bag-2-600x662.jpg 600w\" sizes=\"(max-width: 790px) 100vw, 790px\" \/><\/figure>\n\n\n\n<p><\/p>","protected":false},"excerpt":{"rendered":"<p>XXL | Azul rPET | Asas Nylon | 10kg Carga\u00a0<\/p>","protected":false},"featured_media":9756,"comment_status":"open","ping_status":"closed","template":"","meta":{"_seopress_robots_primary_cat":"none","_seopress_titles_title":"Extra Large XXL Reusable Shopping Bag with Handle Wholesale","_seopress_titles_desc":"Durable 34x34x14cm rPET tote bags with 10kg load capacity. Custom colors, prints & sizes. MOQ 2000. Ideal for retail, gifts & eco branding.","_seopress_robots_index":""},"product_brand":[185],"product_cat":[193,29],"product_tag":[],"class_list":{"0":"post-9755","1":"product","2":"type-product","3":"status-publish","4":"has-post-thumbnail","6":"product_brand-avecobaggie","7":"product_cat-custom-rpet-bag","8":"product_cat-tote-bag","10":"first","11":"instock","12":"taxable","13":"shipping-taxable","14":"product-type-simple"},"_links":{"self":[{"href":"https:\/\/avecobaggie.com\/es\/wp-json\/wp\/v2\/product\/9755","targetHints":{"allow":["GET"]}}],"collection":[{"href":"https:\/\/avecobaggie.com\/es\/wp-json\/wp\/v2\/product"}],"about":[{"href":"https:\/\/avecobaggie.com\/es\/wp-json\/wp\/v2\/types\/product"}],"replies":[{"embeddable":true,"href":"https:\/\/avecobaggie.com\/es\/wp-json\/wp\/v2\/comments?post=9755"}],"wp:featuredmedia":[{"embeddable":true,"href":"https:\/\/avecobaggie.com\/es\/wp-json\/wp\/v2\/media\/9756"}],"wp:attachment":[{"href":"https:\/\/avecobaggie.com\/es\/wp-json\/wp\/v2\/media?parent=9755"}],"wp:term":[{"taxonomy":"product_brand","embeddable":true,"href":"https:\/\/avecobaggie.com\/es\/wp-json\/wp\/v2\/product_brand?post=9755"},{"taxonomy":"product_cat","embeddable":true,"href":"https:\/\/avecobaggie.com\/es\/wp-json\/wp\/v2\/product_cat?post=9755"},{"taxonomy":"product_tag","embeddable":true,"href":"https:\/\/avecobaggie.com\/es\/wp-json\/wp\/v2\/product_tag?post=9755"}],"curies":[{"name":"wp","href":"https:\/\/api.w.org\/{rel}","templated":true}]}}