{"id":9771,"date":"2025-04-17T11:25:06","date_gmt":"2025-04-17T03:25:06","guid":{"rendered":"https:\/\/avecobaggie.com\/?post_type=product&#038;p=9771"},"modified":"2025-05-09T18:26:46","modified_gmt":"2025-05-09T10:26:46","slug":"rpet-heavy-duty-extra-large-moving-bags-with-zipper-waterproof","status":"publish","type":"product","link":"https:\/\/avecobaggie.com\/es\/producto\/rpet-heavy-duty-extra-large-moving-bags-with-zipper-waterproof\/","title":{"rendered":"rPET Heavy Duty Bolsas de Mudanza Extra Grandes con Cremallera Impermeables"},"content":{"rendered":"<h2 class=\"wp-block-heading has-text-align-center\">Caracter\u00edsticas del producto<\/h2>\n\n\n\n<p><strong>Sustainable &amp; Aesthetic Design<\/strong><\/p>\n\n\n\n<ul class=\"wp-block-list\">\n<li><strong>Premium rPET Material<\/strong>: GRS-certified fabric made from 20+ recycled plastic bottles per bag, with a smooth PE lamination for water and stain resistance.<\/li>\n\n\n\n<li><strong>Cohesive Pink Accents<\/strong>: Matching nylon handles, zippers, and base fabric create a unified aesthetic ideal for feminine brands or seasonal campaigns.<\/li>\n\n\n\n<li><strong>Large capacity: <\/strong>our bag has a huge capacity of 105L and measures 70 x 50 x 30 cm when unfolded, which can easily store multiple clothes, sheets, duvet covers and other bulky items, allowing you to easily cope with your family&#8217;s daily storage nee<\/li>\n<\/ul>\n\n\n\n<p><strong>Functional Durability<\/strong><\/p>\n\n\n\n<ul class=\"wp-block-list\">\n<li><strong>Reinforced Structure<\/strong>: Boxed base and triple-stitched seams support 10kg dynamic weight, tested over 250 reuse cycles.he carrying part of the bag is designed with reinforcements, which improves the bearing capacity and durability, and makes it easier to carry. The zipper section is designed with smooth zipper head and two-way design, which will not get stuck when using the bag.<\/li>\n\n\n\n<li><strong>Secure Zipper Closure<\/strong>: zipper ensures contents stay protected during transit or crowded commutes.<\/li>\n<\/ul>\n\n\n\n<p><strong>Custom Branding Excellence<\/strong><\/p>\n\n\n\n<ul class=\"wp-block-list\">\n<li><strong>Vibrant Striped Printing<\/strong>: Full-surface CMYK\/Pantone graphics with 0.3mm precision, compatible with gradient and metallic effects.<\/li>\n\n\n\n<li><strong>Tailored Fabric Weight<\/strong>: Choose 80gsm for lightweight promos or more 0gsm for heavy-duty retail use.<\/li>\n<\/ul>\n\n\n\n<hr class=\"wp-block-separator has-alpha-channel-opacity\"\/>\n\n\n\n<h3 class=\"wp-block-heading has-text-align-center\"><strong>B2B Operational Advantages<\/strong><\/h3>\n\n\n\n<p><strong>Garant\u00eda de calidad<\/strong>: 3-stage inspection process with a 0.5% defect rate guarantee.<\/p>\n\n\n\n<p><strong>MOQ Flexibility<\/strong>: Order 1000 units with mixed designs (e.g., 100 bags in 5 color variants).<\/p>\n\n\n\n<p><strong>Transparent Lead Times<\/strong>: 20-30 day production with weekly progress updates via our client portal.<\/p>\n\n\n\n<p><strong>Global Logistics<\/strong>: DDP shipping to 50+ countries, including customs clearance and VAT prepayment.<\/p>\n\n\n\n<hr class=\"wp-block-separator has-alpha-channel-opacity\"\/>\n\n\n\n<h3 class=\"wp-block-heading has-text-align-center\"><strong>Comparaci\u00f3n lado a lado<\/strong><\/h3>\n\n\n\n<figure class=\"wp-block-table\"><table class=\"has-fixed-layout\"><thead><tr><th><strong>Criterios<\/strong><\/th><th><strong>No tejido tradicional<\/strong><\/th><th><strong>Mezcla rPET Lycra<\/strong><\/th><th><strong>Recomendaci\u00f3n B2B<\/strong><\/th><\/tr><\/thead><tbody><tr><td><strong>Fuente del material<\/strong><\/td><td>Fibras v\u00edrgenes de polipropileno<\/td><td>\u2705 85%+ botellas de PET reciclado (con certificado GRS)<\/td><td>Elija rPET por su ecoconformidad<\/td><\/tr><tr><td><strong>Certificaciones<\/strong><\/td><td>\u274c Ninguno<\/td><td>Disponibles certificaciones GRS\/OCS<\/td><td>Obligatorio para las exportaciones de la UE\/marcas de lujo<\/td><\/tr><tr><td><strong>Durabilidad<\/strong><\/td><td>80-120 ciclos de reutilizaci\u00f3n<\/td><td>150-200 ciclos de reutilizaci\u00f3n (resistencia al desgarro +30%)<\/td><td>Uso a largo plazo: rPET<\/td><\/tr><tr><td><strong>Calidad de impresi\u00f3n<\/strong><\/td><td>Propenso a la decoloraci\u00f3n<\/td><td>\u2705 Impresi\u00f3n de alta definici\u00f3n (precisi\u00f3n de 0,2 mm)<\/td><td>Dise\u00f1os complejos: rPET<\/td><\/tr><tr><td><strong>Coste<\/strong><\/td><td>barato<\/td><td>medio<\/td><td>Centrado en el presupuesto: No tejido<\/td><\/tr><tr><td><strong>Plazos de entrega<\/strong><\/td><td>20-25 d\u00edas <\/td><td>20-25 d\u00edas <\/td><td>Pedidos urgentes: rPET<\/td><\/tr><tr><td><strong>Huella de carbono<\/strong><\/td><td>3,2 kg CO2\/100 unidades<\/td><td>0,8kg CO2\/100pcs (-75%)<\/td><td>Marcas centradas en ESG: rPET<\/td><\/tr><tr><td><strong>Prima al usuario final<\/strong><\/td><td>+10%-15% marcado<\/td><td>+30%-50% recargo (valor ecol\u00f3gico)<\/td><td>Ediciones de lujo\/limitadas: rPET<\/td><\/tr><\/tbody><\/table><\/figure>\n\n\n\n<hr class=\"wp-block-separator has-alpha-channel-opacity\"\/>\n\n\n\n<h4 class=\"wp-block-heading has-text-align-center\"><strong><strong><strong><strong><strong><strong><strong><strong><strong><strong><strong><a href=\"https:\/\/avecobaggie.com\/es\/customize-rpet-bag-manufacturer\/\" data-type=\"page\" data-id=\"9194\">Flexibilidad de personalizaci\u00f3n<\/a><\/strong><\/strong><\/strong><\/strong><\/strong><\/strong><\/strong><\/strong><\/strong><\/strong><\/strong><\/h4>\n\n\n\n<figure class=\"wp-block-table\"><table class=\"has-fixed-layout\"><thead><tr><th><strong>Caracter\u00edstica<\/strong><\/th><th><strong>Specifications<\/strong><\/th><th><strong>Industry Use Case<\/strong><\/th><\/tr><\/thead><tbody><tr><td><strong>Peso del tejido<\/strong><\/td><td>80gsm (light) to 150gsm (heavy-duty)<\/td><td>80gsm for gifts \/ 150gsm for logistics<\/td><\/tr><tr><td><strong>Print Effects<\/strong><\/td><td>Glossy\/matte finishes, foil stamping<\/td><td>Luxury branding or limited editions<\/td><\/tr><tr><td><strong>Closure Types<\/strong><\/td><td>Zipper, magnetic snap, or drawstring<\/td><td>Secure storage for high-value items<\/td><\/tr><tr><td><strong>Interior Add-Ons<\/strong><\/td><td>Pockets, dividers, or RFID shielding<\/td><td>Electronics retailers or travel brands<\/td><\/tr><\/tbody><\/table><\/figure>\n\n\n\n<hr class=\"wp-block-separator has-alpha-channel-opacity\"\/>\n\n\n\n<h4 class=\"wp-block-heading has-text-align-center\"><strong>Why Choose This Tote?<\/strong><\/h4>\n\n\n\n<p><strong>1:1 Design Support<\/strong>: Dedicated engineer for complex patterns or structural tweaks.<\/p>\n\n\n\n<p><strong>Gender-Neutral Appeal<\/strong>: Soft pink base pairs with bold stripes for unisex branding potential.<\/p>\n\n\n\n<p><strong>Washable Design<\/strong>: Retains color vibrancy after 60+ machine washes (30\u00b0C gentle cycle).<\/p>\n\n\n\n<p><strong>Carbon Transparency<\/strong>: Access a per-order CO2 reduction report linked to UN SDGs.<\/p>\n\n\n\n<figure class=\"wp-block-image size-full is-resized\"><img fetchpriority=\"high\" width=\"1530\" height=\"725\" src=\"https:\/\/avecobaggie.com\/wp-content\/uploads\/2025\/04\/Accessories-for-Non-woven-bag.jpg\" alt=\"Accesorios para bolsas no tejidas\" class=\"wp-image-9551\" style=\"width:1180px\" srcset=\"https:\/\/avecobaggie.com\/wp-content\/uploads\/2025\/04\/Accessories-for-Non-woven-bag.jpg 1530w, https:\/\/avecobaggie.com\/wp-content\/uploads\/2025\/04\/Accessories-for-Non-woven-bag-300x142.jpg 300w, https:\/\/avecobaggie.com\/wp-content\/uploads\/2025\/04\/Accessories-for-Non-woven-bag-1024x485.jpg 1024w, https:\/\/avecobaggie.com\/wp-content\/uploads\/2025\/04\/Accessories-for-Non-woven-bag-768x364.jpg 768w, https:\/\/avecobaggie.com\/wp-content\/uploads\/2025\/04\/Accessories-for-Non-woven-bag-600x284.jpg 600w\" sizes=\"(max-width: 1530px) 100vw, 1530px\" \/><\/figure>\n\n\n\n<figure class=\"wp-block-image size-full is-resized\"><img width=\"790\" height=\"871\" src=\"https:\/\/avecobaggie.com\/wp-content\/uploads\/2025\/04\/Accessories-for-Non-woven-bag-2.jpg\" alt=\"Accesorios para bolsas no tejidas\" class=\"wp-image-9552\" style=\"width:1180px\" srcset=\"https:\/\/avecobaggie.com\/wp-content\/uploads\/2025\/04\/Accessories-for-Non-woven-bag-2.jpg 790w, https:\/\/avecobaggie.com\/wp-content\/uploads\/2025\/04\/Accessories-for-Non-woven-bag-2-272x300.jpg 272w, https:\/\/avecobaggie.com\/wp-content\/uploads\/2025\/04\/Accessories-for-Non-woven-bag-2-768x847.jpg 768w, https:\/\/avecobaggie.com\/wp-content\/uploads\/2025\/04\/Accessories-for-Non-woven-bag-2-600x662.jpg 600w\" sizes=\"(max-width: 790px) 100vw, 790px\" \/><\/figure>\n\n\n\n<p><\/p>","protected":false},"excerpt":{"rendered":"<p>Extra Large | Durable | Full Customization\u00a0<\/p>","protected":false},"featured_media":9773,"comment_status":"open","ping_status":"closed","template":"","meta":{"_seopress_robots_primary_cat":"none","_seopress_titles_title":"Custom Heavy Duty Extra Large Moving Bags | 50X70X30CM|","_seopress_titles_desc":"Stylish 70 x 50 x 30 cm rPET tote bags with striped prints. 10kg load capacity, 80-150gsm fabric options. MOQ 1000 for shops, gifts & eco branding.","_seopress_robots_index":""},"product_brand":[185],"product_cat":[193,29],"product_tag":[139],"class_list":{"0":"post-9771","1":"product","2":"type-product","3":"status-publish","4":"has-post-thumbnail","6":"product_brand-avecobaggie","7":"product_cat-custom-rpet-bag","8":"product_cat-tote-bag","9":"product_tag-non-woven-bag","11":"first","12":"instock","13":"taxable","14":"shipping-taxable","15":"product-type-simple"},"_links":{"self":[{"href":"https:\/\/avecobaggie.com\/es\/wp-json\/wp\/v2\/product\/9771","targetHints":{"allow":["GET"]}}],"collection":[{"href":"https:\/\/avecobaggie.com\/es\/wp-json\/wp\/v2\/product"}],"about":[{"href":"https:\/\/avecobaggie.com\/es\/wp-json\/wp\/v2\/types\/product"}],"replies":[{"embeddable":true,"href":"https:\/\/avecobaggie.com\/es\/wp-json\/wp\/v2\/comments?post=9771"}],"wp:featuredmedia":[{"embeddable":true,"href":"https:\/\/avecobaggie.com\/es\/wp-json\/wp\/v2\/media\/9773"}],"wp:attachment":[{"href":"https:\/\/avecobaggie.com\/es\/wp-json\/wp\/v2\/media?parent=9771"}],"wp:term":[{"taxonomy":"product_brand","embeddable":true,"href":"https:\/\/avecobaggie.com\/es\/wp-json\/wp\/v2\/product_brand?post=9771"},{"taxonomy":"product_cat","embeddable":true,"href":"https:\/\/avecobaggie.com\/es\/wp-json\/wp\/v2\/product_cat?post=9771"},{"taxonomy":"product_tag","embeddable":true,"href":"https:\/\/avecobaggie.com\/es\/wp-json\/wp\/v2\/product_tag?post=9771"}],"curies":[{"name":"wp","href":"https:\/\/api.w.org\/{rel}","templated":true}]}}