{"id":2919,"date":"2021-03-25T14:13:34","date_gmt":"2021-03-25T06:13:34","guid":{"rendered":"https:\/\/avecobaggie.com\/?page_id=2919"},"modified":"2022-01-26T09:31:51","modified_gmt":"2022-01-26T01:31:51","slug":"terms-of-service","status":"publish","type":"page","link":"https:\/\/avecobaggie.com\/fr\/terms-of-service\/","title":{"rendered":"Terms of Service"},"content":{"rendered":"<div data-elementor-type=\"wp-page\" data-elementor-id=\"2919\" class=\"elementor elementor-2919\" data-elementor-post-type=\"page\">\n\t\t\t\t\t\t<section class=\"elementor-section elementor-top-section elementor-element elementor-element-dbb61f0 elementor-section-boxed elementor-section-height-default elementor-section-height-default\" data-id=\"dbb61f0\" data-element_type=\"section\">\n\t\t\t\t\t\t<div class=\"elementor-container elementor-column-gap-default\">\n\t\t\t\t\t<div class=\"elementor-column elementor-col-100 elementor-top-column elementor-element elementor-element-28acde3\" data-id=\"28acde3\" data-element_type=\"column\">\n\t\t\t<div class=\"elementor-widget-wrap elementor-element-populated\">\n\t\t\t\t\t\t<div class=\"elementor-element elementor-element-09b42ff elementor-widget elementor-widget-heading\" data-id=\"09b42ff\" data-element_type=\"widget\" data-widget_type=\"heading.default\">\n\t\t\t\t<div class=\"elementor-widget-container\">\n\t\t\t\t\t<h1 class=\"elementor-heading-title elementor-size-default\">Conditions de service<\/h1>\t\t\t\t<\/div>\n\t\t\t\t<\/div>\n\t\t\t\t\t<\/div>\n\t\t<\/div>\n\t\t\t\t\t<\/div>\n\t\t<\/section>\n\t\t\t\t<section class=\"elementor-section elementor-top-section elementor-element elementor-element-a493d90 elementor-section-boxed elementor-section-height-default elementor-section-height-default\" data-id=\"a493d90\" data-element_type=\"section\">\n\t\t\t\t\t\t<div class=\"elementor-container elementor-column-gap-default\">\n\t\t\t\t\t<div class=\"elementor-column elementor-col-100 elementor-top-column elementor-element elementor-element-0bdda54\" data-id=\"0bdda54\" data-element_type=\"column\">\n\t\t\t<div class=\"elementor-widget-wrap elementor-element-populated\">\n\t\t\t\t\t\t<div class=\"elementor-element elementor-element-c8579ac elementor-widget elementor-widget-text-editor\" data-id=\"c8579ac\" data-element_type=\"widget\" data-widget_type=\"text-editor.default\">\n\t\t\t\t<div class=\"elementor-widget-container\">\n\t\t\t\t\t\t\t\t\t<h3>1. Conditions d'utilisation<\/h3><p>En acc\u00e9dant au site web \u00e0 l'adresse suivante\u00a0<a href=\"https:\/\/avecobaggie.com\/fr\/\">https:\/\/avecobaggie.com\/<\/a>En acc\u00e9dant \u00e0 ce site, vous acceptez d'\u00eatre li\u00e9 par les pr\u00e9sentes conditions de service, par toutes les lois et r\u00e9glementations applicables, et vous acceptez d'\u00eatre responsable du respect de toutes les lois locales applicables. Si vous n'acceptez pas l'une de ces conditions, il vous est interdit d'utiliser ce site ou d'y acc\u00e9der. Le mat\u00e9riel contenu dans ce site est prot\u00e9g\u00e9 par la l\u00e9gislation applicable en mati\u00e8re de droits d'auteur et de marques d\u00e9pos\u00e9es.<\/p><h3>2. Utiliser la licence<\/h3><ol type=\"a\"><li>Il est permis de t\u00e9l\u00e9charger temporairement une copie des documents (informations ou logiciels) figurant sur le site Web d'Avecobaggie \u00e0 des fins de visualisation transitoire personnelle et non commerciale uniquement. Il s'agit d'une licence et non d'un transfert de titre, et dans le cadre de cette licence, vous ne pouvez pas :<ol type=\"i\"><li>modifier ou copier le mat\u00e9riel ;<\/li><li>utiliser le mat\u00e9riel \u00e0 des fins commerciales ou pour une pr\u00e9sentation publique (commerciale ou non) ;<\/li><li>tenter de d\u00e9compiler ou de d\u00e9sosser tout logiciel contenu dans le site Web d'Avecobaggie ;<\/li><li>supprimer toute mention de droit d'auteur ou autre mention de propri\u00e9t\u00e9 du mat\u00e9riel ; ou<\/li><li>transf\u00e9rer le mat\u00e9riel \u00e0 une autre personne ou le \"refl\u00e9ter\" sur un autre serveur.<\/li><\/ol><\/li><li>Cette licence sera automatiquement r\u00e9sili\u00e9e si vous violez l'une de ces restrictions et pourra \u00eatre r\u00e9sili\u00e9e par Avecobaggie \u00e0 tout moment. Lorsque vous cessez de consulter ces documents ou que la pr\u00e9sente licence prend fin, vous devez d\u00e9truire tous les documents t\u00e9l\u00e9charg\u00e9s en votre possession, qu'ils soient sous forme \u00e9lectronique ou imprim\u00e9e.<\/li><\/ol><h3>3. Clause de non-responsabilit\u00e9<\/h3><ol type=\"a\"><li>Les documents figurant sur le site Web d'Avecobaggie sont fournis \"en l'\u00e9tat\". Avecobaggie ne donne aucune garantie, expresse ou implicite, et rejette par la pr\u00e9sente toutes les autres garanties, y compris, mais sans s'y limiter, les garanties ou conditions implicites de qualit\u00e9 marchande, d'ad\u00e9quation \u00e0 un usage particulier ou de non-violation de la propri\u00e9t\u00e9 intellectuelle ou d'autres violations des droits.<\/li><li>En outre, Avecobaggie ne garantit pas et ne fait aucune d\u00e9claration concernant l'exactitude, les r\u00e9sultats probables ou la fiabilit\u00e9 de l'utilisation du mat\u00e9riel sur son site Web ou concernant ce mat\u00e9riel ou tout autre site li\u00e9 \u00e0 ce site.<\/li><\/ol><h3>4. Limites<\/h3><p>En aucun cas, Avecobaggie ou ses fournisseurs ne pourront \u00eatre tenus responsables des dommages (y compris, sans s'y limiter, les dommages li\u00e9s \u00e0 la perte de donn\u00e9es ou de b\u00e9n\u00e9fices, ou \u00e0 l'interruption d'activit\u00e9) r\u00e9sultant de l'utilisation ou de l'impossibilit\u00e9 d'utiliser les documents figurant sur le site Web d'Avecobaggie, m\u00eame si Avecobaggie ou un repr\u00e9sentant autoris\u00e9 d'Avecobaggie a \u00e9t\u00e9 inform\u00e9, oralement ou par \u00e9crit, de la possibilit\u00e9 de tels dommages. Dans la mesure o\u00f9 certaines juridictions n'autorisent pas la limitation des garanties implicites ou la limitation de la responsabilit\u00e9 pour les dommages cons\u00e9cutifs ou indirects, ces limitations peuvent ne pas s'appliquer \u00e0 vous.<\/p><h3>5. Pr\u00e9cision des mat\u00e9riaux<\/h3><p>Les documents figurant sur le site Web d'Avecobaggie peuvent contenir des erreurs techniques, typographiques ou photographiques. Avecobaggie ne garantit pas que les documents figurant sur son site Web sont exacts, complets ou \u00e0 jour. Avecobaggie peut apporter des modifications au contenu de son site Web \u00e0 tout moment et sans pr\u00e9avis. Toutefois, Avecobaggie ne s'engage pas \u00e0 mettre \u00e0 jour les documents.<\/p><h3>6. Liens<\/h3><p>Avecobaggie n'a pas v\u00e9rifi\u00e9 tous les sites li\u00e9s \u00e0 son site Web et n'est pas responsable de leur contenu. L'inclusion d'un lien n'implique pas l'approbation du site par Avecobaggie. L'utilisation de ces sites est aux risques et p\u00e9rils de l'utilisateur.<\/p><h3>7. Modifications<\/h3><p>Avecobaggie peut r\u00e9viser les pr\u00e9sentes conditions d'utilisation de son site Web \u00e0 tout moment et sans pr\u00e9avis. En utilisant ce site Web, vous acceptez d'\u00eatre li\u00e9 par la version la plus r\u00e9cente de ces conditions d'utilisation.<\/p><h3>8. Droit applicable<\/h3><p>Les pr\u00e9sentes conditions g\u00e9n\u00e9rales sont r\u00e9gies et interpr\u00e9t\u00e9es conform\u00e9ment aux lois de la Chine et vous vous soumettez irr\u00e9vocablement \u00e0 la comp\u00e9tence exclusive des tribunaux de cet \u00c9tat ou de ce lieu.<\/p>\t\t\t\t\t\t\t\t<\/div>\n\t\t\t\t<\/div>\n\t\t\t\t\t<\/div>\n\t\t<\/div>\n\t\t\t\t\t<\/div>\n\t\t<\/section>\n\t\t\t\t<\/div>","protected":false},"excerpt":{"rendered":"<p>Terms Of Sevice 1. Terms By accessing the website at&nbsp;https:\/\/avecobaggie.com\/, you are agreeing to be bound by these terms of service, all applicable laws and regulations, and agree that you are responsible for compliance with any applicable local laws. If you do not agree with any of these terms, you are prohibited from using or [&hellip;]<\/p>","protected":false},"author":1,"featured_media":0,"parent":0,"menu_order":0,"comment_status":"closed","ping_status":"closed","template":"","meta":{"_seopress_robots_primary_cat":"","_seopress_titles_title":"Avecobaggie - Terms Of Service","_seopress_titles_desc":"Terms of Service listed all the service we can provide you by the law.To provide you with protection","_seopress_robots_index":"","footnotes":""},"class_list":["post-2919","page","type-page","status-publish","hentry"],"_links":{"self":[{"href":"https:\/\/avecobaggie.com\/fr\/wp-json\/wp\/v2\/pages\/2919","targetHints":{"allow":["GET"]}}],"collection":[{"href":"https:\/\/avecobaggie.com\/fr\/wp-json\/wp\/v2\/pages"}],"about":[{"href":"https:\/\/avecobaggie.com\/fr\/wp-json\/wp\/v2\/types\/page"}],"author":[{"embeddable":true,"href":"https:\/\/avecobaggie.com\/fr\/wp-json\/wp\/v2\/users\/1"}],"replies":[{"embeddable":true,"href":"https:\/\/avecobaggie.com\/fr\/wp-json\/wp\/v2\/comments?post=2919"}],"version-history":[{"count":5,"href":"https:\/\/avecobaggie.com\/fr\/wp-json\/wp\/v2\/pages\/2919\/revisions"}],"predecessor-version":[{"id":5518,"href":"https:\/\/avecobaggie.com\/fr\/wp-json\/wp\/v2\/pages\/2919\/revisions\/5518"}],"wp:attachment":[{"href":"https:\/\/avecobaggie.com\/fr\/wp-json\/wp\/v2\/media?parent=2919"}],"curies":[{"name":"wp","href":"https:\/\/api.w.org\/{rel}","templated":true}]}}