{"id":3,"date":"2021-01-21T02:27:21","date_gmt":"2021-01-20T18:27:21","guid":{"rendered":"https:\/\/avecobaggie.com\/?page_id=3"},"modified":"2021-03-22T14:28:19","modified_gmt":"2021-03-22T06:28:19","slug":"privacy-policy","status":"publish","type":"page","link":"https:\/\/avecobaggie.com\/fr\/privacy-policy\/","title":{"rendered":"Politique de confidentialit\u00e9"},"content":{"rendered":"<div data-elementor-type=\"wp-page\" data-elementor-id=\"3\" class=\"elementor elementor-3\" data-elementor-post-type=\"page\">\n\t\t\t\t\t\t<section class=\"elementor-section elementor-top-section elementor-element elementor-element-6ba50808 elementor-section-boxed elementor-section-height-default elementor-section-height-default\" data-id=\"6ba50808\" data-element_type=\"section\">\n\t\t\t\t\t\t<div class=\"elementor-container elementor-column-gap-default\">\n\t\t\t\t\t<div class=\"elementor-column elementor-col-100 elementor-top-column elementor-element elementor-element-606b6e94\" data-id=\"606b6e94\" data-element_type=\"column\">\n\t\t\t<div class=\"elementor-widget-wrap elementor-element-populated\">\n\t\t\t\t\t\t<div class=\"elementor-element elementor-element-66e639b5 elementor-widget elementor-widget-text-editor\" data-id=\"66e639b5\" data-element_type=\"widget\" data-widget_type=\"text-editor.default\">\n\t\t\t\t<div class=\"elementor-widget-container\">\n\t\t\t\t\t\t\t\t\t\n<h1 id=\"headline-9-3\" class=\"ct-headline wp-block-heading\" style=\"text-align: center;\"><span id=\"span-10-3\" class=\"ct-span\">Avis de confidentialit\u00e9 d'Avecobaggie<\/span><\/h1>\n<p>\u00a0<\/p>\n<p>Votre vie priv\u00e9e est importante pour nous. AVECOBAGGIE a pour politique de respecter votre vie priv\u00e9e en ce qui concerne les informations que nous pouvons recueillir sur notre site web, <a href=\"https:\/\/avecobaggie.com\/fr\/\">https:\/\/avecobaggie.com<\/a>et d'autres sites que nous poss\u00e9dons et exploitons.<\/p>\n<p>Nous ne demandons des informations personnelles que lorsque nous en avons r\u00e9ellement besoin pour vous fournir un service. Nous les recueillons par des moyens justes et l\u00e9gaux, en toute connaissance de cause et avec votre consentement. Nous vous informons \u00e9galement des raisons pour lesquelles nous les recueillons et de l'usage qui en sera fait.<\/p>\n<p>Nous ne conservons les informations collect\u00e9es que le temps n\u00e9cessaire pour vous fournir le service demand\u00e9. Les donn\u00e9es que nous stockons sont prot\u00e9g\u00e9es par des moyens commercialement acceptables pour \u00e9viter la perte et le vol, ainsi que l'acc\u00e8s, la divulgation, la copie, l'utilisation ou la modification non autoris\u00e9s.<\/p>\n<p>Nous ne partageons aucune information d'identification personnelle avec le public ou des tiers, sauf si la loi l'exige.<\/p>\n<p>Notre site web peut renvoyer \u00e0 des sites externes que nous n'exploitons pas. Veuillez noter que nous n'avons aucun contr\u00f4le sur le contenu et les pratiques de ces sites et que nous ne pouvons \u00eatre tenus responsables de leurs politiques respectives en mati\u00e8re de protection de la vie priv\u00e9e.<\/p>\n<p>Vous \u00eates libre de refuser que nous vous demandions vos informations personnelles, \u00e9tant entendu que nous pourrions ne pas \u00eatre en mesure de vous fournir certains des services que vous souhaitez.<\/p>\n<p>En continuant \u00e0 utiliser notre site web, vous acceptez nos pratiques en mati\u00e8re de protection de la vie priv\u00e9e et des informations personnelles. Si vous avez des questions sur la mani\u00e8re dont nous traitons les donn\u00e9es des utilisateurs et les informations personnelles, n'h\u00e9sitez pas \u00e0 nous contacter.<\/p>\n<p>Cette politique entre en vigueur le 22 janvier 2021.<\/p>\n\n<h3>\u00a0<\/h3>\n\t\t\t\t\t\t\t\t<\/div>\n\t\t\t\t<\/div>\n\t\t\t\t\t<\/div>\n\t\t<\/div>\n\t\t\t\t\t<\/div>\n\t\t<\/section>\n\t\t\t\t<\/div>","protected":false},"excerpt":{"rendered":"<p>Avecobaggie Privacy Notice \u00a0 Your privacy is important to us. It is AVECOBAGGIE&#8217;s policy to respect your privacy regarding any information we may collect from you across our website, https:\/\/avecobaggie.com, and other sites we own and operate. We only ask for personal information when we truly need it to provide a service to you. We [&hellip;]<\/p>","protected":false},"author":1,"featured_media":0,"parent":0,"menu_order":0,"comment_status":"closed","ping_status":"closed","template":"","meta":{"_seopress_robots_primary_cat":"","_seopress_titles_title":"Avecobaggie-Privacy","_seopress_titles_desc":"Your privacy is more important to us .It is avecobaggie&#039;s policy to respect your privacy regarding any information we collect from you from our website","_seopress_robots_index":"","footnotes":""},"class_list":["post-3","page","type-page","status-publish","hentry"],"_links":{"self":[{"href":"https:\/\/avecobaggie.com\/fr\/wp-json\/wp\/v2\/pages\/3","targetHints":{"allow":["GET"]}}],"collection":[{"href":"https:\/\/avecobaggie.com\/fr\/wp-json\/wp\/v2\/pages"}],"about":[{"href":"https:\/\/avecobaggie.com\/fr\/wp-json\/wp\/v2\/types\/page"}],"author":[{"embeddable":true,"href":"https:\/\/avecobaggie.com\/fr\/wp-json\/wp\/v2\/users\/1"}],"replies":[{"embeddable":true,"href":"https:\/\/avecobaggie.com\/fr\/wp-json\/wp\/v2\/comments?post=3"}],"version-history":[{"count":5,"href":"https:\/\/avecobaggie.com\/fr\/wp-json\/wp\/v2\/pages\/3\/revisions"}],"predecessor-version":[{"id":2792,"href":"https:\/\/avecobaggie.com\/fr\/wp-json\/wp\/v2\/pages\/3\/revisions\/2792"}],"wp:attachment":[{"href":"https:\/\/avecobaggie.com\/fr\/wp-json\/wp\/v2\/media?parent=3"}],"curies":[{"name":"wp","href":"https:\/\/api.w.org\/{rel}","templated":true}]}}