{"id":10027,"date":"2025-04-27T16:21:15","date_gmt":"2025-04-27T08:21:15","guid":{"rendered":"https:\/\/avecobaggie.com\/?post_type=product&#038;p=10027"},"modified":"2025-04-28T11:23:04","modified_gmt":"2025-04-28T03:23:04","slug":"premium-16oz-white-canvas-tote-bag-with-adjustable-strap","status":"publish","type":"product","link":"https:\/\/avecobaggie.com\/fr\/produit\/premium-16oz-white-canvas-tote-bag-with-adjustable-strap\/","title":{"rendered":"Premium 16oz White Canvas Tote Bag with Adjustable Strap"},"content":{"rendered":"<h2 class=\"wp-block-heading has-text-align-center\">Caract\u00e9ristiques du produit<\/h2>\n\n\n\n<p><strong>Premium 16oz White Canvas Tote Bag<\/strong> designed specifically for brand owners, wholesalers, and custom buyers. Here are the main features of the product:<\/p>\n\n\n\n<ul class=\"wp-block-list\">\n<li><strong>Extra-thick 16oz canvas material<\/strong> that is durable and strong, ensuring long-term use.<\/li>\n\n\n\n<li><strong>Adjustable long strap<\/strong> for a comfortable carrying experience, suitable for various needs.<\/li>\n\n\n\n<li><strong>Embossed leather logo<\/strong> for a premium brand appearance, enhancing product quality perception.<\/li>\n\n\n\n<li><strong>Inner pocket with zipper<\/strong>, providing extra storage space and ensuring the security of your items.<\/li>\n\n\n\n<li><strong>Large capacity design<\/strong> with dimensions of 40X37X10CM, perfect for daily use or promotional purposes.<\/li>\n\n\n\n<li><strong>No side bottom structure<\/strong> for better stability, allowing you to carry heavier items with ease.<\/li>\n<\/ul>\n\n\n\n<p>This canvas tote bag is not only ideal for everyday shopping but also a top choice for brand customization and promotional gifts. Its simple yet functional design helps elevate your brand image and attract potential customers.<\/p>\n\n\n\n<p><strong><a href=\"https:\/\/avecobaggie.com\/fr\/custom-cotton-canvas-bag-manufacturer\/\" data-type=\"page\" data-id=\"8641\">Options de personnalisation<\/a><\/strong>: Even if you&#8217;re currently focused on this white canvas tote, we offer customization for other styles and designs. Whether it&#8217;s different colors, sizes, materials, or specific features, we can provide tailor-made eco-bag solutions to meet your unique needs.<\/p>\n\n\n\n<p class=\"has-text-align-center\"><a href=\"https:\/\/avecobaggie.com\/fr\/whats-the-difference-between-cotton-bag-or-canvas-bag\/\">Coton et toile<\/a><\/p>\n\n\n\n<figure class=\"wp-block-table\"><table class=\"has-fixed-layout\"><tbody><tr><td><strong><\/strong><\/td><td><strong>Coton<\/strong><strong><\/strong><\/td><td><strong>Toile<\/strong><strong><\/strong><\/td><\/tr><tr><td><strong>Mat\u00e9riau<\/strong><strong><\/strong><\/td><td>normalement 100% coton<\/td><td>normalement 35%coton ou chanvre, 65%polyester (peut aussi \u00eatre 100%coton)<\/td><\/tr><tr><td><strong>Fil \u00e0 tisser<\/strong><strong><\/strong><\/td><td>Fils de cha\u00eene et de trame simples<\/td><td>Plus de 2 fils de cha\u00eene et de trame, aspect plus \u00e9pais<\/td><\/tr><tr><td><strong>M\u00e9thode de tissage<\/strong><strong><\/strong><\/td><td>Tissage uni ou serg\u00e9<\/td><td>Essentiellement un tissage uni<\/td><\/tr><tr><td><strong>Texture du tissu<\/strong><strong><\/strong><\/td><td>des petites taches \u00e0 la surface qui sont en fait les graines naturelles<\/td><td>Pas de taches, plus rugueux que le coton<\/td><\/tr><tr><td><strong>Poids :<\/strong><strong><\/strong><\/td><td>peut \u00eatre cir\u00e9 pour \u00eatre imperm\u00e9able, peut \u00eatre semi-blanchi ou totalement blanchi<\/td><td>au-dessus de 8oz, pour la m\u00eame \u00e9paisseur, la toile est moins ch\u00e8re, et peut \u00e9galement supporter un poids plus important.<\/td><\/tr><tr><td>De 4 oz \u00e0 16 oz, l\u00e9ger, mieux vaut choisir le coton.<\/td><td>Plus durable et 100% biod\u00e9gradable<\/td><td>durable, mais pas enti\u00e8rement biod\u00e9gradable<\/td><\/tr><tr><td><strong>Imperm\u00e9able \u00e0 l'eau<\/strong><strong><\/strong><\/td><td>N'est pas imperm\u00e9able s'il n'est pas lamin\u00e9\uff0cpeut \u00eatre semi-blanchi ou enti\u00e8rement blanchi<\/td><td>Au-del\u00e0 de 8oz, pour la m\u00eame \u00e9paisseur, la toile est moins ch\u00e8re et peut \u00e9galement supporter un poids plus important.<\/td><\/tr><tr><td><strong>Respirabilit\u00e9<\/strong><strong><\/strong><\/td><td>Douceur et excellente respirabilit\u00e9<\/td><td>\u00e9pais et moins ventil\u00e9, convient aux sacs st\u00e9r\u00e9otyp\u00e9s<\/td><\/tr><tr><td><strong>Imprimabilit\u00e9<\/strong><strong><\/strong><\/td><td>pour l'impression par transfert thermique, pas aussi bien que la toile<\/td><td>Presque compatible avec toutes les m\u00e9thodes d'impression, le dessin sera magnifiquement mis en valeur.<\/td><\/tr><tr><td><strong>Lavage<\/strong><strong><\/strong><\/td><td>r\u00e9tr\u00e9cira de 2% \u00e0 5% apr\u00e8s lavage<\/td><td>R\u00e9tr\u00e9cissement inf\u00e9rieur \u00e0 100%. Le coton<\/td><\/tr><tr><td><strong>Durabilit\u00e9<\/strong><strong><\/strong><\/td><td>facile \u00e0 froisser et \u00e0 d\u00e9former, facile \u00e0 coller les cheveux<\/td><td>Facile \u00e0 salir et \u00e0 d\u00e9former,<\/td><\/tr><tr><td><strong>Application :<\/strong><strong><\/strong><\/td><td>sacs en coton \u00e0 cordon de petite taille, sacs pour produits, sacs d'emballage alimentaire, sacs fourre-tout en coton l\u00e9ger, etc.<\/td><td>sac \u00e0 provisions, sac d'\u00e9picerie, sac \u00e0 usage intensif, sac fourre-tout en toile, sac de sport, sac de tous les jours, etc.<\/td><\/tr><\/tbody><\/table><\/figure>","protected":false},"excerpt":{"rendered":"<p><strong>16oz Canvas | Adjustable Strap | Zip Closure | Custom Branding<\/strong><\/p>","protected":false},"featured_media":10033,"comment_status":"open","ping_status":"closed","template":"","meta":{"_seopress_robots_primary_cat":"none","_seopress_titles_title":"Custom 16oz Cotton Canvas Tote Bag for Bulk Orders \u2013 OEM\/ODM Branding Solutions","_seopress_titles_desc":"Heavy-duty 16oz cotton canvas tote bag with detachable strap, secure zip closure, and custom branding. Ideal for corporate gifts, retail, & promotions. Low MOQs & fast delivery.","_seopress_robots_index":""},"product_brand":[185],"product_cat":[188,29],"product_tag":[122],"class_list":{"0":"post-10027","1":"product","2":"type-product","3":"status-publish","4":"has-post-thumbnail","6":"product_brand-avecobaggie","7":"product_cat-custom-canvas-bag","8":"product_cat-tote-bag","9":"product_tag-canvas-bag","11":"first","12":"instock","13":"taxable","14":"shipping-taxable","15":"product-type-simple"},"_links":{"self":[{"href":"https:\/\/avecobaggie.com\/fr\/wp-json\/wp\/v2\/product\/10027","targetHints":{"allow":["GET"]}}],"collection":[{"href":"https:\/\/avecobaggie.com\/fr\/wp-json\/wp\/v2\/product"}],"about":[{"href":"https:\/\/avecobaggie.com\/fr\/wp-json\/wp\/v2\/types\/product"}],"replies":[{"embeddable":true,"href":"https:\/\/avecobaggie.com\/fr\/wp-json\/wp\/v2\/comments?post=10027"}],"wp:featuredmedia":[{"embeddable":true,"href":"https:\/\/avecobaggie.com\/fr\/wp-json\/wp\/v2\/media\/10033"}],"wp:attachment":[{"href":"https:\/\/avecobaggie.com\/fr\/wp-json\/wp\/v2\/media?parent=10027"}],"wp:term":[{"taxonomy":"product_brand","embeddable":true,"href":"https:\/\/avecobaggie.com\/fr\/wp-json\/wp\/v2\/product_brand?post=10027"},{"taxonomy":"product_cat","embeddable":true,"href":"https:\/\/avecobaggie.com\/fr\/wp-json\/wp\/v2\/product_cat?post=10027"},{"taxonomy":"product_tag","embeddable":true,"href":"https:\/\/avecobaggie.com\/fr\/wp-json\/wp\/v2\/product_tag?post=10027"}],"curies":[{"name":"wp","href":"https:\/\/api.w.org\/{rel}","templated":true}]}}