{"id":10088,"date":"2025-04-30T15:01:20","date_gmt":"2025-04-30T07:01:20","guid":{"rendered":"https:\/\/avecobaggie.com\/?post_type=product&#038;p=10088"},"modified":"2025-05-12T18:13:34","modified_gmt":"2025-05-12T10:13:34","slug":"compact-12oz-mini-canvas-tote-bag-cute","status":"publish","type":"product","link":"https:\/\/avecobaggie.com\/fr\/produit\/compact-12oz-mini-canvas-tote-bag-cute\/","title":{"rendered":"Mini sac fourre-tout en toile 12oz Compact Cute"},"content":{"rendered":"<p><strong> Description<\/strong>: <strong>Compact 12oz Canvas Tote Bag<\/strong>, designed for those who value style and practicality, ideal for students, office workers, and everyday use. Key features include:<\/p>\n\n\n\n<ul class=\"wp-block-list\">\n<li><strong>Durable 12oz natural canvas material<\/strong>, offering a lightweight yet strong option for carrying daily essentials.<\/li>\n\n\n\n<li><strong>Vibrant cartoon digital print<\/strong>, adding a playful and trendy design that appeals to younger audiences and makes a great conversation starter.<\/li>\n\n\n\n<li><strong>Magnetic closure<\/strong> at the top of the bag, keeping your items secure while allowing easy access.<\/li>\n\n\n\n<li><strong>3.5cm brown woven handles<\/strong>, providing a comfortable and sturdy grip, perfect for both hand-carry and shoulder-carry.<\/li>\n\n\n\n<li><strong>No side structure<\/strong> but with a <strong>bottom design<\/strong>, allowing the bag to stand upright and hold its shape even when carrying items.<\/li>\n\n\n\n<li><strong>Compact dimensions of 22x27x10CM<\/strong>, making it the perfect size for books, lunch, and small daily essentials.<\/li>\n<\/ul>\n\n\n\n<p>This versatile, compact tote bag is a great accessory for students, office workers, or anyone looking for a stylish and eco-friendly solution for everyday use. Its functional design and fun cartoon print make it the ideal go-to bag for daily activities.<\/p>\n\n\n\n<p><strong>Options de personnalisation<\/strong>: If this design doesn\u2019t meet your needs, we offer full customization options. You can choose different prints, colors, sizes, and handle designs to create a bag that perfectly represents your brand or personal style.<\/p>\n\n\n\n<p><strong>R\u00e9sum\u00e9<\/strong>: Whether you prefer this specific compact canvas tote or need a different design, we are ready to customize it to fit your requirements. Contact us today to start designing your personalized eco-friendly bags!<\/p>\n\n\n\n<p class=\"has-text-align-center\"><a href=\"https:\/\/avecobaggie.com\/fr\/whats-the-difference-between-cotton-bag-or-canvas-bag\/\">Coton et toile<\/a><\/p>\n\n\n\n<figure class=\"wp-block-table\"><table class=\"has-fixed-layout\"><tbody><tr><td><\/td><td><strong>Coton<\/strong><strong><\/strong><\/td><td><strong>Toile<\/strong><strong><\/strong><\/td><\/tr><tr><td><strong>Mat\u00e9riau<\/strong><strong><\/strong><\/td><td>normalement 100% coton<\/td><td>normalement 35%coton ou chanvre, 65%polyester (peut aussi \u00eatre 100%coton)<\/td><\/tr><tr><td><strong>Fil \u00e0 tisser<\/strong><strong><\/strong><\/td><td>Fils de cha\u00eene et de trame simples<\/td><td>Plus de 2 fils de cha\u00eene et de trame, aspect plus \u00e9pais<\/td><\/tr><tr><td><strong>M\u00e9thode de tissage<\/strong><strong><\/strong><\/td><td>Tissage uni ou serg\u00e9<\/td><td>Essentiellement un tissage uni<\/td><\/tr><tr><td><strong>Texture du tissu<\/strong><strong><\/strong><\/td><td>des petites taches \u00e0 la surface qui sont en fait les graines naturelles<\/td><td>Pas de taches, plus rugueux que le coton<\/td><\/tr><tr><td><strong>Poids :<\/strong><strong><\/strong><\/td><td>peut \u00eatre cir\u00e9 pour \u00eatre imperm\u00e9able, peut \u00eatre semi-blanchi ou totalement blanchi<\/td><td>au-dessus de 8oz, pour la m\u00eame \u00e9paisseur, la toile est moins ch\u00e8re, et peut \u00e9galement supporter un poids plus important.<\/td><\/tr><tr><td>De 4 oz \u00e0 16 oz, l\u00e9ger, mieux vaut choisir le coton.<\/td><td>Plus durable et 100% biod\u00e9gradable<\/td><td>durable, mais pas enti\u00e8rement biod\u00e9gradable<\/td><\/tr><tr><td><strong>Imperm\u00e9able \u00e0 l'eau<\/strong><strong><\/strong><\/td><td>N'est pas imperm\u00e9able s'il n'est pas lamin\u00e9\uff0cpeut \u00eatre semi-blanchi ou enti\u00e8rement blanchi<\/td><td>Au-del\u00e0 de 8oz, pour la m\u00eame \u00e9paisseur, la toile est moins ch\u00e8re et peut \u00e9galement supporter un poids plus important.<\/td><\/tr><tr><td><strong>Respirabilit\u00e9<\/strong><strong><\/strong><\/td><td>Douceur et excellente respirabilit\u00e9<\/td><td>\u00e9pais et moins ventil\u00e9, convient aux sacs st\u00e9r\u00e9otyp\u00e9s<\/td><\/tr><tr><td><strong>Imprimabilit\u00e9<\/strong><strong><\/strong><\/td><td>pour l'impression par transfert thermique, pas aussi bien que la toile<\/td><td>Presque compatible avec toutes les m\u00e9thodes d'impression, le dessin sera magnifiquement mis en valeur.<\/td><\/tr><tr><td><strong>Lavage<\/strong><strong><\/strong><\/td><td>r\u00e9tr\u00e9cira de 2% \u00e0 5% apr\u00e8s lavage<\/td><td>R\u00e9tr\u00e9cissement inf\u00e9rieur \u00e0 100%. Le coton<\/td><\/tr><tr><td><strong>Durabilit\u00e9<\/strong><strong><\/strong><\/td><td>facile \u00e0 froisser et \u00e0 d\u00e9former, facile \u00e0 coller les cheveux<\/td><td>Facile \u00e0 salir et \u00e0 d\u00e9former,<\/td><\/tr><tr><td><strong>Application :<\/strong><strong><\/strong><\/td><td>sacs en coton \u00e0 cordon de petite taille, sacs pour produits, sacs d'emballage alimentaire, sacs fourre-tout en coton l\u00e9ger, etc.<\/td><td>sac \u00e0 provisions, sac d'\u00e9picerie, sac \u00e0 usage intensif, sac fourre-tout en toile, sac de sport, sac de tous les jours, etc.<\/td><\/tr><\/tbody><\/table><\/figure>\n\n\n\n<p><\/p>","protected":false},"excerpt":{"rendered":"<p><strong>12oz natural canvas | digital print | Magnetic closure | Mini Style\u00a0<\/strong><\/p>","protected":false},"featured_media":10093,"comment_status":"open","ping_status":"closed","template":"","meta":{"_seopress_robots_primary_cat":"none","_seopress_titles_title":"Compact 12oz Mini Canvas Tote Bag Cute - Custom On Request","_seopress_titles_desc":"Stylish 12oz canvas tote with cartoon design, magnetic closure, and brown woven handles. Perfect for students and daily use.","_seopress_robots_index":""},"product_brand":[185],"product_cat":[188,29],"product_tag":[122],"class_list":{"0":"post-10088","1":"product","2":"type-product","3":"status-publish","4":"has-post-thumbnail","6":"product_brand-avecobaggie","7":"product_cat-custom-canvas-bag","8":"product_cat-tote-bag","9":"product_tag-canvas-bag","11":"first","12":"instock","13":"taxable","14":"shipping-taxable","15":"product-type-simple"},"_links":{"self":[{"href":"https:\/\/avecobaggie.com\/fr\/wp-json\/wp\/v2\/product\/10088","targetHints":{"allow":["GET"]}}],"collection":[{"href":"https:\/\/avecobaggie.com\/fr\/wp-json\/wp\/v2\/product"}],"about":[{"href":"https:\/\/avecobaggie.com\/fr\/wp-json\/wp\/v2\/types\/product"}],"replies":[{"embeddable":true,"href":"https:\/\/avecobaggie.com\/fr\/wp-json\/wp\/v2\/comments?post=10088"}],"wp:featuredmedia":[{"embeddable":true,"href":"https:\/\/avecobaggie.com\/fr\/wp-json\/wp\/v2\/media\/10093"}],"wp:attachment":[{"href":"https:\/\/avecobaggie.com\/fr\/wp-json\/wp\/v2\/media?parent=10088"}],"wp:term":[{"taxonomy":"product_brand","embeddable":true,"href":"https:\/\/avecobaggie.com\/fr\/wp-json\/wp\/v2\/product_brand?post=10088"},{"taxonomy":"product_cat","embeddable":true,"href":"https:\/\/avecobaggie.com\/fr\/wp-json\/wp\/v2\/product_cat?post=10088"},{"taxonomy":"product_tag","embeddable":true,"href":"https:\/\/avecobaggie.com\/fr\/wp-json\/wp\/v2\/product_tag?post=10088"}],"curies":[{"name":"wp","href":"https:\/\/api.w.org\/{rel}","templated":true}]}}