{"id":10140,"date":"2025-05-06T13:58:07","date_gmt":"2025-05-06T05:58:07","guid":{"rendered":"https:\/\/avecobaggie.com\/?post_type=product&#038;p=10140"},"modified":"2026-01-09T11:49:57","modified_gmt":"2026-01-09T03:49:57","slug":"custom-16oz-cotton-tote-bag-black-polka-dots","status":"publish","type":"product","link":"https:\/\/avecobaggie.com\/fr\/produit\/custom-16oz-cotton-tote-bag-black-polka-dots\/","title":{"rendered":"Custom 16oz Cotton Black Polka Dots Tote Bag"},"content":{"rendered":"<p><strong>Premium Material &amp; Design<\/strong><br> &nbsp;<strong>16oz Cotton Canvas<\/strong>&nbsp;\u2013 Durable tight weave, naturally biodegradable, develops soft patina over time.<br> &nbsp;<strong>Timeless Aesthetic<\/strong>&nbsp;\u2013 Neutral base with black polka dots for versatile styling across seasons.<\/p>\n\n\n\n<p><strong>Functional Details<\/strong><br> &nbsp;<strong>Metal Snap Closure<\/strong>&nbsp;\u2013 Rust-proof alloy clasp secures contents during commutes or campus activities.<br> &nbsp;<strong>Structured Base<\/strong>&nbsp;\u2013 6cm depth holds shape for laptops, books, or lunch containers.<br> &nbsp;<strong>Poign\u00e9es ergonomiques<\/strong>&nbsp;\u2013 25cm black cotton straps fit comfortably over shoulders.<\/p>\n\n\n\n<p><strong>Custom Branding Options<\/strong><br> &nbsp;<strong>Print Flexibility<\/strong>:<\/p>\n\n\n\n<ul class=\"wp-block-list\">\n<li><strong>Polka Dot Variations<\/strong>: Adjust dot size (5-15mm) and spacing<\/li>\n\n\n\n<li><strong>Logo Integration<\/strong>: Screen\/digital\/sublimation print over dots<\/li>\n\n\n\n<li><strong>Contrast Accents<\/strong>: Add colored stitching or edge binding<\/li>\n<\/ul>\n\n\n\n<p><strong>Multi-Scenario Use<\/strong><br> &nbsp;<strong>Campus Life<\/strong>: Lightweight 8oz version for notebooks and stationery.<br> &nbsp;<strong>Office Commute<\/strong>: 16oz fabric fits 13&#8243; laptops + documents securely.<br> &nbsp;<strong>Branded Gifting<\/strong>: Print QR codes linking to loyalty programs or event details.<\/p>\n\n\n\n<p><strong>Options de personnalisation<\/strong>: Si vous souhaitez personnaliser le design, les couleurs ou ajouter un logo, nous offrons des options de personnalisation compl\u00e8tes. Des diff\u00e9rents imprim\u00e9s aux diff\u00e9rents styles de poign\u00e9es, nous pouvons cr\u00e9er le sac parfait pour les besoins de votre marque.<\/p>\n\n\n\n<p><strong>R\u00e9sum\u00e9<\/strong>:<br>Whether you prefer this vibrant cartoon design or need something more tailored, we can help create a custom tote bag that reflects your brand\u2019s identity. Contact us today to begin designing your eco-friendly bags!<\/p>\n\n\n\n<p class=\"has-text-align-center\"><a href=\"https:\/\/avecobaggie.com\/fr\/whats-the-difference-between-cotton-bag-or-canvas-bag\/\">Coton et toile<\/a><\/p>\n\n\n\n<figure class=\"wp-block-table\"><table class=\"has-fixed-layout\"><tbody><tr><td><\/td><td><strong>Coton<\/strong><strong><\/strong><\/td><td><strong>Toile<\/strong><strong><\/strong><\/td><\/tr><tr><td><strong>Mat\u00e9riau<\/strong><strong><\/strong><\/td><td>normalement 100% coton<\/td><td>normalement 35%coton ou chanvre, 65%polyester (peut aussi \u00eatre 100%coton)<\/td><\/tr><tr><td><strong>Fil \u00e0 tisser<\/strong><strong><\/strong><\/td><td>Fils de cha\u00eene et de trame simples<\/td><td>Plus de 2 fils de cha\u00eene et de trame, aspect plus \u00e9pais<\/td><\/tr><tr><td><strong>M\u00e9thode de tissage<\/strong><strong><\/strong><\/td><td>Tissage uni ou serg\u00e9<\/td><td>Essentiellement un tissage uni<\/td><\/tr><tr><td><strong>Texture du tissu<\/strong><strong><\/strong><\/td><td>des petites taches \u00e0 la surface qui sont en fait les graines naturelles<\/td><td>Pas de taches, plus rugueux que le coton<\/td><\/tr><tr><td><strong>Poids :<\/strong><strong><\/strong><\/td><td>peut \u00eatre cir\u00e9 pour \u00eatre imperm\u00e9able, peut \u00eatre semi-blanchi ou totalement blanchi<\/td><td>au-dessus de 8oz, pour la m\u00eame \u00e9paisseur, la toile est moins ch\u00e8re, et peut \u00e9galement supporter un poids plus important.<\/td><\/tr><tr><td>De 4 oz \u00e0 16 oz, l\u00e9ger, mieux vaut choisir le coton.<\/td><td>Plus durable et 100% biod\u00e9gradable<\/td><td>durable, mais pas enti\u00e8rement biod\u00e9gradable<\/td><\/tr><tr><td><strong>Imperm\u00e9able \u00e0 l'eau<\/strong><strong><\/strong><\/td><td>N'est pas imperm\u00e9able s'il n'est pas lamin\u00e9\uff0cpeut \u00eatre semi-blanchi ou enti\u00e8rement blanchi<\/td><td>Au-del\u00e0 de 8oz, pour la m\u00eame \u00e9paisseur, la toile est moins ch\u00e8re et peut \u00e9galement supporter un poids plus important.<\/td><\/tr><tr><td><strong>Respirabilit\u00e9<\/strong><strong><\/strong><\/td><td>Douceur et excellente respirabilit\u00e9<\/td><td>\u00e9pais et moins ventil\u00e9, convient aux sacs st\u00e9r\u00e9otyp\u00e9s<\/td><\/tr><tr><td><strong>Imprimabilit\u00e9<\/strong><strong><\/strong><\/td><td>pour l'impression par transfert thermique, pas aussi bien que la toile<\/td><td>Presque compatible avec toutes les m\u00e9thodes d'impression, le dessin sera magnifiquement mis en valeur.<\/td><\/tr><tr><td><strong>Lavage<\/strong><strong><\/strong><\/td><td>r\u00e9tr\u00e9cira de 2% \u00e0 5% apr\u00e8s lavage<\/td><td>R\u00e9tr\u00e9cissement inf\u00e9rieur \u00e0 100%. Le coton<\/td><\/tr><tr><td><strong>Durabilit\u00e9<\/strong><strong><\/strong><\/td><td>facile \u00e0 froisser et \u00e0 d\u00e9former, facile \u00e0 coller les cheveux<\/td><td>Facile \u00e0 salir et \u00e0 d\u00e9former,<\/td><\/tr><tr><td><strong>Application :<\/strong><strong><\/strong><\/td><td>sacs en coton \u00e0 cordon de petite taille, sacs pour produits, sacs d'emballage alimentaire, sacs fourre-tout en coton l\u00e9ger, etc.<\/td><td>sac \u00e0 provisions, sac d'\u00e9picerie, sac \u00e0 usage intensif, sac fourre-tout en toile, sac de sport, sac de tous les jours, etc.<\/td><\/tr><\/tbody><\/table><\/figure>","protected":false},"excerpt":{"rendered":"<p><strong>28x31x6cm | Metal Snap Closure | Custom Printing | 8-16oz Fabric | MOQ 500<\/strong><\/p>","protected":false},"featured_media":10145,"comment_status":"open","ping_status":"closed","template":"","meta":{"_seopress_robots_primary_cat":"none","_seopress_titles_title":"Korean-Style Cotton Canvas Tote Bags | Custom Polka Dot Design | Bulk Orders","_seopress_titles_desc":"Chic 28x31x6cm cotton tote bag with black polka dots. Metal snap closure, 8-16oz fabric options. MOQ 500 for schools, offices, and promotional campaigns.","_seopress_robots_index":""},"product_brand":[185],"product_cat":[188,29],"product_tag":[122],"class_list":{"0":"post-10140","1":"product","2":"type-product","3":"status-publish","4":"has-post-thumbnail","6":"product_brand-avecobaggie","7":"product_cat-custom-canvas-bag","8":"product_cat-tote-bag","9":"product_tag-canvas-bag","11":"first","12":"instock","13":"taxable","14":"shipping-taxable","15":"product-type-simple"},"_links":{"self":[{"href":"https:\/\/avecobaggie.com\/fr\/wp-json\/wp\/v2\/product\/10140","targetHints":{"allow":["GET"]}}],"collection":[{"href":"https:\/\/avecobaggie.com\/fr\/wp-json\/wp\/v2\/product"}],"about":[{"href":"https:\/\/avecobaggie.com\/fr\/wp-json\/wp\/v2\/types\/product"}],"replies":[{"embeddable":true,"href":"https:\/\/avecobaggie.com\/fr\/wp-json\/wp\/v2\/comments?post=10140"}],"wp:featuredmedia":[{"embeddable":true,"href":"https:\/\/avecobaggie.com\/fr\/wp-json\/wp\/v2\/media\/10145"}],"wp:attachment":[{"href":"https:\/\/avecobaggie.com\/fr\/wp-json\/wp\/v2\/media?parent=10140"}],"wp:term":[{"taxonomy":"product_brand","embeddable":true,"href":"https:\/\/avecobaggie.com\/fr\/wp-json\/wp\/v2\/product_brand?post=10140"},{"taxonomy":"product_cat","embeddable":true,"href":"https:\/\/avecobaggie.com\/fr\/wp-json\/wp\/v2\/product_cat?post=10140"},{"taxonomy":"product_tag","embeddable":true,"href":"https:\/\/avecobaggie.com\/fr\/wp-json\/wp\/v2\/product_tag?post=10140"}],"curies":[{"name":"wp","href":"https:\/\/api.w.org\/{rel}","templated":true}]}}