{"id":1024,"date":"2021-02-22T11:06:16","date_gmt":"2021-02-22T03:06:16","guid":{"rendered":"https:\/\/avecobaggie.com\/?post_type=product&#038;p=1024"},"modified":"2021-03-30T11:20:52","modified_gmt":"2021-03-30T03:20:52","slug":"custom-double-drawstring-linen-bagcustom-double-drawstring-cotton-bag","status":"publish","type":"product","link":"https:\/\/avecobaggie.com\/fr\/produit\/custom-double-drawstring-linen-bagcustom-double-drawstring-cotton-bag\/","title":{"rendered":"Sac en lin \u00e0 double cordon personnalis\u00e9"},"content":{"rendered":"<p>Aveco fournit principalement des sacs \u00e9cologiques personnalis\u00e9s avec un service de solution \u00e0 guichet unique. Nous avons \u00e9galement quelques formes de base de sacs pour un d\u00e9marrage facile, comme indiqu\u00e9 sur le site Web de\u00a0\u00a0<a href=\"https:\/\/avecobaggie.com\/fr\/categorie-produit\/bags-in-stock\/\"> Sacs en stock <\/a>. la plupart des sacs en stock sont vierges de toute impression, ce qui vous permet d'apposer plus facilement un logo ou une \u00e9tiquette priv\u00e9e pour vos clients, sans minimum.<\/p>\n<p><span class=\"Apple-converted-space\">\u00a0 \u00a0 Si vous souhaitez personnaliser ces sacs \u00e9cologiques, c'est \u00e9galement facile, certains de ces sacs \u00e9tant m\u00eame dot\u00e9s d'un prix extr\u00eamement bas. <\/span>MOQ pour les surfaces personnalis\u00e9es. En particulier, les sacs en coton ou en toile sont extr\u00eamement bas, \u00e0 100 pi\u00e8ces ou m\u00eame moins, pour soutenir les d\u00e9butants. <a href=\"https:\/\/avecobaggie.com\/fr\/custom-solutions\/\"><strong>SOLUTIONS SUR MESURE<\/strong><\/a> pour en savoir plus sur les \u00e9tapes des sacs personnalis\u00e9s.<\/p>\n<p>&nbsp;<\/p>\n<p>La diff\u00e9rence entre le lin et le coton est que le tissu de lin est tiss\u00e9 de mani\u00e8re plus l\u00e2che, tandis que le coton est tiss\u00e9 de mani\u00e8re plus serr\u00e9e.<\/p>\n<p><img fetchpriority=\"high\" class=\"size-medium wp-image-2528 aligncenter\" src=\"https:\/\/avecobaggie.com\/wp-content\/uploads\/2021\/02\/cotton-linen-300x193.jpg\" alt=\"\" width=\"300\" height=\"193\" srcset=\"https:\/\/avecobaggie.com\/wp-content\/uploads\/2021\/02\/cotton-linen-300x193.jpg 300w, https:\/\/avecobaggie.com\/wp-content\/uploads\/2021\/02\/cotton-linen.jpg 498w\" sizes=\"(max-width: 300px) 100vw, 300px\" \/><\/p>\n<h3 class=\"p1\"><span style=\"color: #333333;\">\u00a0 \u00a0 Caract\u00e9ristiques du sac en lin \u00e0 double cordon personnalis\u00e9<\/span><\/h3>\n<ul>\n<li><strong>Style du sac<\/strong>: Sac \u00e0 cordon<\/li>\n<li><strong>Type de mat\u00e9riau<\/strong>: Lin naturel<\/li>\n<li><strong>Mat\u00e9riau Poids<\/strong>: 6oz<\/li>\n<li><strong>Couleur du mat\u00e9riau<\/strong>: Beige fonc\u00e9, Beige clair<\/li>\n<li><strong>Taille du sac<\/strong>: 4\u2033W x 6\u2033H |6\u2033W x 8\u2033H|10\u2033W x 12\u2033H\uff08 liste avec la taille populaire, nous acceptons les sacs de taille personnalis\u00e9e \uff09<\/li>\n<li><strong>Surface d'impression<\/strong>: 1 couleur | 2 couleurs | plus de couleurs| Impression compl\u00e8te, impression d'un c\u00f4t\u00e9 ou de deux c\u00f4t\u00e9s<\/li>\n<li><strong>Fermeture<\/strong>: Cordon de serrage<\/li>\n<li><strong>Instructions d'entretien<\/strong>: Lavage \u00e0 la main recommand\u00e9, lavage en machine possible, s\u00e9chage \u00e0 plat.<\/li>\n<\/ul>\n<p>&nbsp;<\/p>","protected":false},"excerpt":{"rendered":"<p>Un peu plus rugueux que le sac en coton 100%, mais durable et moins cher pour la m\u00eame taille, il convient \u00e0 l'emballage des c\u00e9r\u00e9ales, du riz et des haricots. Si vous recherchez un aspect naturel, le sac en lin \u00e0 cordon est parfait.<\/p>","protected":false},"featured_media":1643,"comment_status":"open","ping_status":"closed","template":"","meta":{"_seopress_robots_primary_cat":"none","_seopress_titles_title":"%%post_title%% %%sep%%Low MOQ %%sep%%Fast Shipping","_seopress_titles_desc":"Drawstring Linen Bag is a bit rougher than drawstring cotton bag, easy to print logo or pattern.MOQ 100Pieces,Fast Shipment.24 Hours service.","_seopress_robots_index":""},"product_brand":[],"product_cat":[92,103,111],"product_tag":[114,116,115],"class_list":{"0":"post-1024","1":"product","2":"type-product","3":"status-publish","4":"has-post-thumbnail","6":"product_cat-drawstring-bag","7":"product_cat-other-fabric-bag","8":"product_cat-promotional-events","9":"product_tag-cotton-bag","10":"product_tag-eco-friendly","11":"product_tag-promotional-bag","13":"first","14":"instock","15":"taxable","16":"shipping-taxable","17":"product-type-simple"},"_links":{"self":[{"href":"https:\/\/avecobaggie.com\/fr\/wp-json\/wp\/v2\/product\/1024","targetHints":{"allow":["GET"]}}],"collection":[{"href":"https:\/\/avecobaggie.com\/fr\/wp-json\/wp\/v2\/product"}],"about":[{"href":"https:\/\/avecobaggie.com\/fr\/wp-json\/wp\/v2\/types\/product"}],"replies":[{"embeddable":true,"href":"https:\/\/avecobaggie.com\/fr\/wp-json\/wp\/v2\/comments?post=1024"}],"wp:featuredmedia":[{"embeddable":true,"href":"https:\/\/avecobaggie.com\/fr\/wp-json\/wp\/v2\/media\/1643"}],"wp:attachment":[{"href":"https:\/\/avecobaggie.com\/fr\/wp-json\/wp\/v2\/media?parent=1024"}],"wp:term":[{"taxonomy":"product_brand","embeddable":true,"href":"https:\/\/avecobaggie.com\/fr\/wp-json\/wp\/v2\/product_brand?post=1024"},{"taxonomy":"product_cat","embeddable":true,"href":"https:\/\/avecobaggie.com\/fr\/wp-json\/wp\/v2\/product_cat?post=1024"},{"taxonomy":"product_tag","embeddable":true,"href":"https:\/\/avecobaggie.com\/fr\/wp-json\/wp\/v2\/product_tag?post=1024"}],"curies":[{"name":"wp","href":"https:\/\/api.w.org\/{rel}","templated":true}]}}