{"id":10273,"date":"2025-05-12T15:34:42","date_gmt":"2025-05-12T07:34:42","guid":{"rendered":"https:\/\/avecobaggie.com\/?post_type=product&#038;p=10273"},"modified":"2025-05-15T13:59:14","modified_gmt":"2025-05-15T05:59:14","slug":"cotton-business-suit-dust-cover-bag-foldable-customizable","status":"publish","type":"product","link":"https:\/\/avecobaggie.com\/fr\/produit\/cotton-business-suit-dust-cover-bag-foldable-customizable\/","title":{"rendered":"Housse de costume en coton | Pliable et personnalisable"},"content":{"rendered":"<h3 class=\"wp-block-heading has-text-align-center\"><strong>Description de la page produit<\/strong><\/h3>\n\n\n\n<p><strong>Protection \u00e9cologique des v\u00eatements<\/strong><\/p>\n\n\n\n<ul class=\"wp-block-list\">\n<li><strong>100% coton respirant<\/strong>&nbsp;avec&nbsp;<strong>bordures vertes contrast\u00e9es<\/strong>&nbsp;garantit un stockage respectueux des tissus et biod\u00e9gradable.<\/li>\n\n\n\n<li><strong>Coutures doublement cousues<\/strong>&nbsp;renforcer les points de tension pour une utilisation commerciale \u00e0 long terme.<\/li>\n<\/ul>\n\n\n\n<p><strong>Conception fonctionnelle intuitive<\/strong><\/p>\n\n\n\n<ul class=\"wp-block-list\">\n<li><strong>Deux poign\u00e9es pliables<\/strong>&nbsp;(en haut\/en bas) permettent un transport compact ou&nbsp;<strong>suspension verticale<\/strong>&nbsp;dans les espaces commerciaux.<\/li>\n\n\n\n<li><strong>Fermeture \u00e0 bouton-pression m\u00e9tallique s\u00e9curis\u00e9e<\/strong>&nbsp;remplace les fermetures \u00e0 glissi\u00e8re pour un acc\u00e8s rapide et un fonctionnement silencieux dans les environnements silencieux.<\/li>\n\n\n\n<li><strong>Construction sans doublure<\/strong>&nbsp;r\u00e9duit l'encombrement tout en maintenant l'efficacit\u00e9 du blocage de la poussi\u00e8re.<\/li>\n<\/ul>\n\n\n\n<p><strong>Potentiel de personnalisation B2B<\/strong><\/p>\n\n\n\n<ul class=\"wp-block-list\">\n<li><strong>Personnaliser les couleurs des garnitures, les finitions des boutons-pression ou les poids de coton.<\/strong>&nbsp;pour s'aligner sur les lignes directrices de la marque.<\/li>\n\n\n\n<li><strong>Ajouter des poches int\u00e9rieures ou des logos<\/strong>&nbsp;pour l'organisation de la client\u00e8le des boutiques.<\/li>\n\n\n\n<li><strong>Commandes en vrac \u00e0 partir de 500 unit\u00e9s<\/strong>\u00a0- optimis\u00e9 pour les grossistes et les programmes de cadeaux d'entreprise.<\/li>\n<\/ul>\n\n\n\n<p><strong>Sc\u00e9narios d'utilisation commerciale<\/strong><br> &nbsp;<strong>Nettoyeurs \u00e0 sec<\/strong>: La conception pliable permet d'\u00e9conomiser de l'espace de stockage 50% par rapport aux sacs \u00e0 v\u00eatements rigides.<br> &nbsp;<strong>Ateliers de couture<\/strong>: Les boutons-pression en m\u00e9tal permettent une fermeture silencieuse lors de l'essayage par le client.<br> &nbsp;<strong>Eco-d\u00e9taillants<\/strong>: Commercialiser les propri\u00e9t\u00e9s biod\u00e9gradables aupr\u00e8s des clients soucieux du d\u00e9veloppement durable.<br> &nbsp;<strong>Organisateurs de maison<\/strong>: La conception empilable permet de maintenir l'uniformit\u00e9 des placards.<\/p>\n\n\n\n<p><strong>6. Votre vision, notre savoir-faire<\/strong><br><em>Besoin de fermetures diff\u00e9rentes, de certifications biologiques ou de doublures de qualit\u00e9 sup\u00e9rieure ?<\/em>&nbsp;De&nbsp;<strong>housses en chanvre<\/strong>&nbsp;\u00e0&nbsp;<strong>sacs \u00e0 v\u00eatements en feutre de luxe<\/strong>Nous concevons des solutions de stockage qui mettent en valeur votre marque. Demandez un kit d'\u00e9chantillons gratuit pour explorer les mat\u00e9riaux - livraison mondiale, prix comp\u00e9titifs, pas de minimum pour les \u00e9chantillons personnalis\u00e9s.<\/p>\n\n\n\n<p class=\"has-text-align-center\"><a href=\"https:\/\/avecobaggie.com\/fr\/whats-the-difference-between-cotton-bag-or-canvas-bag\/\">Coton et toile<\/a><\/p>\n\n\n\n<figure class=\"wp-block-table\"><table class=\"has-fixed-layout\"><tbody><tr><td><\/td><td><strong>Coton<\/strong><strong><\/strong><\/td><td><strong>Toile<\/strong><strong><\/strong><\/td><\/tr><tr><td><strong>Mat\u00e9riau<\/strong><strong><\/strong><\/td><td>normalement 100% coton<\/td><td>normalement 35%coton ou chanvre, 65%polyester (peut aussi \u00eatre 100%coton)<\/td><\/tr><tr><td><strong>Fil \u00e0 tisser<\/strong><strong><\/strong><\/td><td>Fils de cha\u00eene et de trame simples<\/td><td>Plus de 2 fils de cha\u00eene et de trame, aspect plus \u00e9pais<\/td><\/tr><tr><td><strong>M\u00e9thode de tissage<\/strong><strong><\/strong><\/td><td>Tissage uni ou serg\u00e9<\/td><td>Essentiellement un tissage uni<\/td><\/tr><tr><td><strong>Texture du tissu<\/strong><strong><\/strong><\/td><td>des petites taches \u00e0 la surface qui sont en fait les graines naturelles<\/td><td>Pas de taches, plus rugueux que le coton<\/td><\/tr><tr><td><strong>Poids :<\/strong><strong><\/strong><\/td><td>peut \u00eatre cir\u00e9 pour \u00eatre imperm\u00e9able, peut \u00eatre semi-blanchi ou totalement blanchi<\/td><td>au-dessus de 8oz, pour la m\u00eame \u00e9paisseur, la toile est moins ch\u00e8re, et peut \u00e9galement supporter un poids plus important.<\/td><\/tr><tr><td>De 4 oz \u00e0 16 oz, l\u00e9ger, mieux vaut choisir le coton.<\/td><td>Plus durable et 100% biod\u00e9gradable<\/td><td>durable, mais pas enti\u00e8rement biod\u00e9gradable<\/td><\/tr><tr><td><strong>Imperm\u00e9able \u00e0 l'eau<\/strong><strong><\/strong><\/td><td>N'est pas imperm\u00e9able s'il n'est pas lamin\u00e9\uff0cpeut \u00eatre semi-blanchi ou enti\u00e8rement blanchi<\/td><td>Au-del\u00e0 de 8oz, pour la m\u00eame \u00e9paisseur, la toile est moins ch\u00e8re et peut \u00e9galement supporter un poids plus important.<\/td><\/tr><tr><td><strong>Respirabilit\u00e9<\/strong><strong><\/strong><\/td><td>Douceur et excellente respirabilit\u00e9<\/td><td>\u00e9pais et moins ventil\u00e9, convient aux sacs st\u00e9r\u00e9otyp\u00e9s<\/td><\/tr><tr><td><strong>Imprimabilit\u00e9<\/strong><strong><\/strong><\/td><td>pour l'impression par transfert thermique, pas aussi bien que la toile<\/td><td>Presque compatible avec toutes les m\u00e9thodes d'impression, le dessin sera magnifiquement mis en valeur.<\/td><\/tr><tr><td><strong>Lavage<\/strong><strong><\/strong><\/td><td>r\u00e9tr\u00e9cira de 2% \u00e0 5% apr\u00e8s lavage<\/td><td>R\u00e9tr\u00e9cissement inf\u00e9rieur \u00e0 100%. Le coton<\/td><\/tr><tr><td><strong>Durabilit\u00e9<\/strong><strong><\/strong><\/td><td>facile \u00e0 froisser et \u00e0 d\u00e9former, facile \u00e0 coller les cheveux<\/td><td>Facile \u00e0 salir et \u00e0 d\u00e9former,<\/td><\/tr><tr><td><strong>Application :<\/strong><strong><\/strong><\/td><td>sacs en coton \u00e0 cordon de petite taille, sacs pour produits, sacs d'emballage alimentaire, sacs fourre-tout en coton l\u00e9ger, etc.<\/td><td>sac \u00e0 provisions, sac d'\u00e9picerie, sac \u00e0 usage intensif, sac fourre-tout en toile, sac de sport, sac de tous les jours, etc.<\/td><\/tr><\/tbody><\/table><\/figure>","protected":false},"excerpt":{"rendered":"<p><strong>Garniture verte | Fermeture \u00e0 bouton-pression | Poign\u00e9es pliables | Pas de fermeture \u00e0 glissi\u00e8re | Marquage personnalis\u00e9<\/strong><\/p>","protected":false},"featured_media":10274,"comment_status":"open","ping_status":"closed","template":"","meta":{"_seopress_robots_primary_cat":"none","_seopress_titles_title":"Eco-Friendly Cotton Garment Bags with Snap Closure \u2013 Foldable Dust Covers","_seopress_titles_desc":"Natural cotton garment dust cover with green trim & metal snap closure. Foldable handles ideal for dry cleaners, boutiques, and home storage. Custom branding available.","_seopress_robots_index":""},"product_brand":[185],"product_cat":[188,100],"product_tag":[201],"class_list":{"0":"post-10273","1":"product","2":"type-product","3":"status-publish","4":"has-post-thumbnail","6":"product_brand-avecobaggie","7":"product_cat-custom-canvas-bag","8":"product_cat-other-creative-bag","9":"product_tag-dust-proof-bag","11":"first","12":"instock","13":"taxable","14":"shipping-taxable","15":"product-type-simple"},"_links":{"self":[{"href":"https:\/\/avecobaggie.com\/fr\/wp-json\/wp\/v2\/product\/10273","targetHints":{"allow":["GET"]}}],"collection":[{"href":"https:\/\/avecobaggie.com\/fr\/wp-json\/wp\/v2\/product"}],"about":[{"href":"https:\/\/avecobaggie.com\/fr\/wp-json\/wp\/v2\/types\/product"}],"replies":[{"embeddable":true,"href":"https:\/\/avecobaggie.com\/fr\/wp-json\/wp\/v2\/comments?post=10273"}],"wp:featuredmedia":[{"embeddable":true,"href":"https:\/\/avecobaggie.com\/fr\/wp-json\/wp\/v2\/media\/10274"}],"wp:attachment":[{"href":"https:\/\/avecobaggie.com\/fr\/wp-json\/wp\/v2\/media?parent=10273"}],"wp:term":[{"taxonomy":"product_brand","embeddable":true,"href":"https:\/\/avecobaggie.com\/fr\/wp-json\/wp\/v2\/product_brand?post=10273"},{"taxonomy":"product_cat","embeddable":true,"href":"https:\/\/avecobaggie.com\/fr\/wp-json\/wp\/v2\/product_cat?post=10273"},{"taxonomy":"product_tag","embeddable":true,"href":"https:\/\/avecobaggie.com\/fr\/wp-json\/wp\/v2\/product_tag?post=10273"}],"curies":[{"name":"wp","href":"https:\/\/api.w.org\/{rel}","templated":true}]}}