{"id":10338,"date":"2025-05-13T16:19:48","date_gmt":"2025-05-13T08:19:48","guid":{"rendered":"https:\/\/avecobaggie.com\/?post_type=product&#038;p=10338"},"modified":"2025-05-15T16:40:36","modified_gmt":"2025-05-15T08:40:36","slug":"cartoon-printed-potato-sack-race-bags-for-kids","status":"publish","type":"product","link":"https:\/\/avecobaggie.com\/fr\/produit\/cartoon-printed-potato-sack-race-bags-for-kids\/","title":{"rendered":"Sacs de course en sac \u00e0 patates imprim\u00e9s de dessins anim\u00e9s pour les enfants"},"content":{"rendered":"<p><strong>Commercial-Grade Play Durability<\/strong><\/p>\n\n\n\n<ul class=\"wp-block-list\">\n<li><strong>16oz high-density canvas<\/strong>&nbsp;resists abrasion from frequent jumps and outdoor use.<\/li>\n\n\n\n<li><strong>Triple-stitched seams<\/strong>&nbsp;prevent bursting during high-energy activities.<\/li>\n<\/ul>\n\n\n\n<p><strong>Child-Safe Design Features<\/strong><\/p>\n\n\n\n<ul class=\"wp-block-list\">\n<li><strong>4 Progressive Sizes<\/strong>:<br> &nbsp;<strong>Small (\u00d850x50cm)<\/strong>: Ages 3-5<br> &nbsp;<strong>Medium (\u00d850x70cm)<\/strong>: Ages 5-7<br> &nbsp;<strong>Large (\u00d870x100cm)<\/strong>: Group activities<br> &nbsp;<strong>X-Large (Customizable)<\/strong>: Special events<\/li>\n\n\n\n<li><strong>Short reinforced nylon handles<\/strong>&nbsp;allow secure grip for small hands.<\/li>\n\n\n\n<li><strong>Rounded base design<\/strong>&nbsp;prevents tripping hazards during jumps.<\/li>\n<\/ul>\n\n\n\n<p><strong>Custom Branding for Bulk Buyers<\/strong><\/p>\n\n\n\n<ul class=\"wp-block-list\">\n<li><strong>Vibrant cartoon prints<\/strong>&nbsp;(customizable designs) appeal to children\u2019s themes.<\/li>\n\n\n\n<li><strong>Add school logos\/educational graphics<\/strong>&nbsp;for institutional branding.<\/li>\n<\/ul>\n\n\n\n<p><strong>Application Scenarios<\/strong><br> &nbsp;<strong>Kindergarten events<\/strong>: Organize sack races during sports days.<br> &nbsp;<strong>Toy wholesalers<\/strong>: Bundle with educational activity kits.<br> &nbsp;<strong>Event planners<\/strong>: Use as branded giveaways at family festivals.<br> &nbsp;<strong>Daycare centers<\/strong>: Develop motor skills through guided hopping games.<\/p>\n\n\n\n<p><strong>6. Beyond Standard Options<\/strong><br><em>Need glow-in-the-dark prints, adjustable straps, or eco-friendly materials?<\/em>&nbsp;De&nbsp;<strong>waterproof PEVA hopping bags<\/strong>&nbsp;\u00e0&nbsp;<strong>interactive QR-code enabled designs<\/strong>, we engineer playful solutions that align with your brand. Request a free sample for quality testing \u2013 global logistics, competitive MOQs, no idea too creative.<\/p>\n\n\n\n<p class=\"has-text-align-center\"><a href=\"https:\/\/avecobaggie.com\/fr\/whats-the-difference-between-cotton-bag-or-canvas-bag\/\">Coton et toile<\/a><\/p>\n\n\n\n<figure class=\"wp-block-table\"><table class=\"has-fixed-layout\"><tbody><tr><td><\/td><td><strong>Coton<\/strong><strong><\/strong><\/td><td><strong>Toile<\/strong><strong><\/strong><\/td><\/tr><tr><td><strong>Mat\u00e9riau<\/strong><strong><\/strong><\/td><td>normalement 100% coton<\/td><td>normalement 35%coton ou chanvre, 65%polyester (peut aussi \u00eatre 100%coton)<\/td><\/tr><tr><td><strong>Fil \u00e0 tisser<\/strong><strong><\/strong><\/td><td>Fils de cha\u00eene et de trame simples<\/td><td>Plus de 2 fils de cha\u00eene et de trame, aspect plus \u00e9pais<\/td><\/tr><tr><td><strong>M\u00e9thode de tissage<\/strong><strong><\/strong><\/td><td>Tissage uni ou serg\u00e9<\/td><td>Essentiellement un tissage uni<\/td><\/tr><tr><td><strong>Texture du tissu<\/strong><strong><\/strong><\/td><td>des petites taches \u00e0 la surface qui sont en fait les graines naturelles<\/td><td>Pas de taches, plus rugueux que le coton<\/td><\/tr><tr><td><strong>Poids :<\/strong><strong><\/strong><\/td><td>peut \u00eatre cir\u00e9 pour \u00eatre imperm\u00e9able, peut \u00eatre semi-blanchi ou totalement blanchi<\/td><td>au-dessus de 8oz, pour la m\u00eame \u00e9paisseur, la toile est moins ch\u00e8re, et peut \u00e9galement supporter un poids plus important.<\/td><\/tr><tr><td>De 4 oz \u00e0 16 oz, l\u00e9ger, mieux vaut choisir le coton.<\/td><td>Plus durable et 100% biod\u00e9gradable<\/td><td>durable, mais pas enti\u00e8rement biod\u00e9gradable<\/td><\/tr><tr><td><strong>Imperm\u00e9able \u00e0 l'eau<\/strong><strong><\/strong><\/td><td>N'est pas imperm\u00e9able s'il n'est pas lamin\u00e9\uff0cpeut \u00eatre semi-blanchi ou enti\u00e8rement blanchi<\/td><td>Au-del\u00e0 de 8oz, pour la m\u00eame \u00e9paisseur, la toile est moins ch\u00e8re et peut \u00e9galement supporter un poids plus important.<\/td><\/tr><tr><td><strong>Respirabilit\u00e9<\/strong><strong><\/strong><\/td><td>Douceur et excellente respirabilit\u00e9<\/td><td>\u00e9pais et moins ventil\u00e9, convient aux sacs st\u00e9r\u00e9otyp\u00e9s<\/td><\/tr><tr><td><strong>Imprimabilit\u00e9<\/strong><strong><\/strong><\/td><td>pour l'impression par transfert thermique, pas aussi bien que la toile<\/td><td>Presque compatible avec toutes les m\u00e9thodes d'impression, le dessin sera magnifiquement mis en valeur.<\/td><\/tr><tr><td><strong>Lavage<\/strong><strong><\/strong><\/td><td>r\u00e9tr\u00e9cira de 2% \u00e0 5% apr\u00e8s lavage<\/td><td>R\u00e9tr\u00e9cissement inf\u00e9rieur \u00e0 100%. Le coton<\/td><\/tr><tr><td><strong>Durabilit\u00e9<\/strong><strong><\/strong><\/td><td>facile \u00e0 froisser et \u00e0 d\u00e9former, facile \u00e0 coller les cheveux<\/td><td>Facile \u00e0 salir et \u00e0 d\u00e9former,<\/td><\/tr><tr><td><strong>Application :<\/strong><strong><\/strong><\/td><td>sacs en coton \u00e0 cordon de petite taille, sacs pour produits, sacs d'emballage alimentaire, sacs fourre-tout en coton l\u00e9ger, etc.<\/td><td>sac \u00e0 provisions, sac d'\u00e9picerie, sac \u00e0 usage intensif, sac fourre-tout en toile, sac de sport, sac de tous les jours, etc.<\/td><\/tr><\/tbody><\/table><\/figure>","protected":false},"excerpt":{"rendered":"<p><strong>4 sizes | Cartoon prints | Nylon handles | Heavy-duty canvas\u00a0<\/strong><\/p>","protected":false},"featured_media":10342,"comment_status":"open","ping_status":"closed","template":"","meta":{"_seopress_robots_primary_cat":"none","_seopress_titles_title":"Custom kids Sack Race Bags for Schools & Events","_seopress_titles_desc":"Heavy-duty canvas hopping bags with cartoon prints, 4 sizes (\u00d850-70cm). Ideal for kindergarten games, sports days & bulk orders. Custom designs supported.","_seopress_robots_index":""},"product_brand":[185],"product_cat":[188,100],"product_tag":[],"class_list":{"0":"post-10338","1":"product","2":"type-product","3":"status-publish","4":"has-post-thumbnail","6":"product_brand-avecobaggie","7":"product_cat-custom-canvas-bag","8":"product_cat-other-creative-bag","10":"first","11":"instock","12":"taxable","13":"shipping-taxable","14":"product-type-simple"},"_links":{"self":[{"href":"https:\/\/avecobaggie.com\/fr\/wp-json\/wp\/v2\/product\/10338","targetHints":{"allow":["GET"]}}],"collection":[{"href":"https:\/\/avecobaggie.com\/fr\/wp-json\/wp\/v2\/product"}],"about":[{"href":"https:\/\/avecobaggie.com\/fr\/wp-json\/wp\/v2\/types\/product"}],"replies":[{"embeddable":true,"href":"https:\/\/avecobaggie.com\/fr\/wp-json\/wp\/v2\/comments?post=10338"}],"wp:featuredmedia":[{"embeddable":true,"href":"https:\/\/avecobaggie.com\/fr\/wp-json\/wp\/v2\/media\/10342"}],"wp:attachment":[{"href":"https:\/\/avecobaggie.com\/fr\/wp-json\/wp\/v2\/media?parent=10338"}],"wp:term":[{"taxonomy":"product_brand","embeddable":true,"href":"https:\/\/avecobaggie.com\/fr\/wp-json\/wp\/v2\/product_brand?post=10338"},{"taxonomy":"product_cat","embeddable":true,"href":"https:\/\/avecobaggie.com\/fr\/wp-json\/wp\/v2\/product_cat?post=10338"},{"taxonomy":"product_tag","embeddable":true,"href":"https:\/\/avecobaggie.com\/fr\/wp-json\/wp\/v2\/product_tag?post=10338"}],"curies":[{"name":"wp","href":"https:\/\/api.w.org\/{rel}","templated":true}]}}