{"id":10812,"date":"2025-06-19T17:26:17","date_gmt":"2025-06-19T09:26:17","guid":{"rendered":"https:\/\/avecobaggie.com\/?post_type=product&#038;p=10812"},"modified":"2025-06-19T17:44:08","modified_gmt":"2025-06-19T09:44:08","slug":"portable-insulated-non-woven-cooler-bag-multi-sizes-available","status":"publish","type":"product","link":"https:\/\/avecobaggie.com\/fr\/produit\/portable-insulated-non-woven-cooler-bag-multi-sizes-available\/","title":{"rendered":"Sac isotherme non tiss\u00e9 portable - Plusieurs tailles disponibles"},"content":{"rendered":"<p>La soci\u00e9t\u00e9 Aveco fabrique principalement des sacs \u00e9cologiques et des sacs OEM de diff\u00e9rents types, avec un service de solutions \u00e0 guichet unique. Nos sacs sont durables, de haute qualit\u00e9 et abordables pour r\u00e9pondre \u00e0 diff\u00e9rents besoins.<\/p>\n<p>Tous les mat\u00e9riaux que nous utilisons sont respectueux de l'environnement, notamment le coton, la toile, le lin, le jute, le feutre, etc. Si vous cherchez \u00e0 fabriquer des sacs pour votre marque de distributeur ou pour des \u00e9v\u00e9nements promotionnels, nous pouvons r\u00e9pondre \u00e0 vos besoins en vrac avec un MOQ assez bas et une livraison rapide.<\/p>\n<p>Ce sac isotherme portable est disponible en plusieurs tailles, avec un ext\u00e9rieur en non-tiss\u00e9 et une doublure en feuille d'aluminium. Pour le mat\u00e9riau ext\u00e9rieur, vous pouvez \u00e9galement demander une personnalisation sur d'autres mat\u00e9riaux tels que le RPET, l'oxford, le polyester ou la toile. Les sangles peuvent \u00e9galement \u00eatre OEM avec une version plus longue, ou changer en sangle avec une couleur unie, ou m\u00eame avec une lettre imprim\u00e9e ou tiss\u00e9e.<\/p>\n<p>Le MOQ pour ces sacs est de 1000 pi\u00e8ces.<\/p>\n<h5><span style=\"color: #333333;\">CARACT\u00c9RISTIQUES DU PRODUIT\u00a0<\/span><\/h5>\n<ul>\n<li><strong>Style du sac<\/strong>: Sac isotherme<\/li>\n<li><strong>Type de mat\u00e9riau<\/strong>: Non tiss\u00e9 avec feuille d'aluminium<\/li>\n<li><strong>Couleur du mat\u00e9riau<\/strong>: personnalisable<\/li>\n<li><strong>Taille du sac<\/strong>: 23*22*18CM,27*26*21CM,30*30*21CM... ( liste avec taille standard, nous acceptons les sacs de taille personnalis\u00e9e \uff09<\/li>\n<li><strong>Surface d'impression<\/strong>: 1 couleur | 2 couleurs | plus de couleurs| Impression compl\u00e8te, impression d'un c\u00f4t\u00e9 ou de deux c\u00f4t\u00e9s<\/li>\n<li><strong>Fermeture<\/strong>: Avec fermeture \u00e0 glissi\u00e8re<\/li>\n<li><strong>Instructions d'entretien<\/strong>: Lavage \u00e0 la main recommand\u00e9, lavage en machine possible, s\u00e9chage \u00e0 plat.<\/li>\n<\/ul>\n<p>Avant de d\u00e9cider de fabriquer un sac isotherme, il convient de savoir ce qui suit<\/p>","protected":false},"excerpt":{"rendered":"<p>Ce sac isotherme est assez grand pour les voyages, les mat\u00e9riaux non-tiss\u00e9s \u00e0 l'ext\u00e9rieur peuvent \u00eatre personnalis\u00e9s en couleur ou en motif, l'int\u00e9rieur en aluminium garde la chaleur.<\/p>","protected":false},"featured_media":10815,"comment_status":"open","ping_status":"closed","template":"","meta":{"_seopress_robots_primary_cat":"none","_seopress_titles_title":"Portable Insulated Non-Woven Cooler Bag | Multi Sizes & OEM Custom","_seopress_titles_desc":"Durable non-woven cooler bags with aluminum foil lining, available in multiple sizes. Custom logo, strap & material options. OEM service with 1000 pcs MOQ.","_seopress_robots_index":""},"product_brand":[185],"product_cat":[30,105,110],"product_tag":[],"class_list":{"0":"post-10812","1":"product","2":"type-product","3":"status-publish","4":"has-post-thumbnail","6":"product_brand-avecobaggie","7":"product_cat-cooler-bag","8":"product_cat-non-woven-bag","9":"product_cat-travel","11":"first","12":"instock","13":"taxable","14":"shipping-taxable","15":"product-type-simple"},"_links":{"self":[{"href":"https:\/\/avecobaggie.com\/fr\/wp-json\/wp\/v2\/product\/10812","targetHints":{"allow":["GET"]}}],"collection":[{"href":"https:\/\/avecobaggie.com\/fr\/wp-json\/wp\/v2\/product"}],"about":[{"href":"https:\/\/avecobaggie.com\/fr\/wp-json\/wp\/v2\/types\/product"}],"replies":[{"embeddable":true,"href":"https:\/\/avecobaggie.com\/fr\/wp-json\/wp\/v2\/comments?post=10812"}],"wp:featuredmedia":[{"embeddable":true,"href":"https:\/\/avecobaggie.com\/fr\/wp-json\/wp\/v2\/media\/10815"}],"wp:attachment":[{"href":"https:\/\/avecobaggie.com\/fr\/wp-json\/wp\/v2\/media?parent=10812"}],"wp:term":[{"taxonomy":"product_brand","embeddable":true,"href":"https:\/\/avecobaggie.com\/fr\/wp-json\/wp\/v2\/product_brand?post=10812"},{"taxonomy":"product_cat","embeddable":true,"href":"https:\/\/avecobaggie.com\/fr\/wp-json\/wp\/v2\/product_cat?post=10812"},{"taxonomy":"product_tag","embeddable":true,"href":"https:\/\/avecobaggie.com\/fr\/wp-json\/wp\/v2\/product_tag?post=10812"}],"curies":[{"name":"wp","href":"https:\/\/api.w.org\/{rel}","templated":true}]}}