{"id":10829,"date":"2025-06-23T11:25:11","date_gmt":"2025-06-23T03:25:11","guid":{"rendered":"https:\/\/avecobaggie.com\/?post_type=product&#038;p=10829"},"modified":"2025-06-25T11:09:51","modified_gmt":"2025-06-25T03:09:51","slug":"portable-insulated-non-woven-cooler-bag-for-takeaway","status":"publish","type":"product","link":"https:\/\/avecobaggie.com\/fr\/produit\/portable-insulated-non-woven-cooler-bag-for-takeaway\/","title":{"rendered":"Sac isotherme non tiss\u00e9 portable pour emporter"},"content":{"rendered":"<p>La soci\u00e9t\u00e9 Aveco fabrique principalement des sacs \u00e9cologiques et des sacs OEM de diff\u00e9rents types, avec un service de solutions \u00e0 guichet unique. Nos sacs sont durables, de haute qualit\u00e9 et abordables pour r\u00e9pondre \u00e0 diff\u00e9rents besoins.<\/p>\n<p>Tous les mat\u00e9riaux que nous utilisons sont respectueux de l'environnement, notamment le coton, la toile, le lin, le jute, le feutre, etc. Si vous cherchez \u00e0 fabriquer des sacs pour votre marque de distributeur ou pour des \u00e9v\u00e9nements promotionnels, nous pouvons r\u00e9pondre \u00e0 vos besoins en vrac avec un MOQ assez bas et une livraison rapide.<\/p>\n<p>Ce sac isotherme portable est disponible en plusieurs tailles, avec un ext\u00e9rieur en non-tiss\u00e9 et une doublure en feuille d'aluminium. Pour le mat\u00e9riau ext\u00e9rieur, vous pouvez \u00e9galement demander une personnalisation sur d'autres mat\u00e9riaux tels que le RPET, l'oxford, le polyester ou la toile. Les sangles peuvent \u00e9galement \u00eatre OEM avec une version plus longue, ou changer en sangle avec une couleur unie, ou m\u00eame avec une lettre imprim\u00e9e ou tiss\u00e9e.<\/p>\n<p>Le MOQ pour ces sacs est de 1000 pi\u00e8ces.<\/p>\n<h5><span style=\"color: #333333;\">CARACT\u00c9RISTIQUES DU PRODUIT\u00a0<\/span><\/h5>\n<ul>\n<li><strong>Style du sac<\/strong>: Cooler Takeaway Bag<\/li>\n<li><strong>Type de mat\u00e9riau<\/strong>: Non tiss\u00e9 avec feuille d'aluminium<\/li>\n<li><strong>Couleur du mat\u00e9riau<\/strong>: personnalisable<\/li>\n<li><strong>Taille du sac<\/strong>: 20*11*26CM,24*15*24CM,26*17*26CM&#8230; ( list with standard size, we accept customized size bag \uff09<\/li>\n<li><strong>Surface d'impression<\/strong>: 1 couleur | 2 couleurs | plus de couleurs| Impression compl\u00e8te, impression d'un c\u00f4t\u00e9 ou de deux c\u00f4t\u00e9s<\/li>\n<li><strong>Fermeture<\/strong>: With\u00a0tape<\/li>\n<\/ul>\n<p>Avant de d\u00e9cider de fabriquer un sac isotherme, il convient de savoir ce qui suit<\/p>\n\n\n<p><\/p>","protected":false},"excerpt":{"rendered":"<p>This insulated cooler bag for Takeaway, the non-woven materials outside can custom pure color or pattern, inside Aluminum foil keep warm.<\/p>","protected":false},"featured_media":10833,"comment_status":"open","ping_status":"closed","template":"","meta":{"_seopress_robots_primary_cat":"none","_seopress_titles_title":"Portable Non-Woven Cooler Bag | Custom Takeaway Bag","_seopress_titles_desc":"Custom insulated cooler bags for food delivery. Non-woven, RPET or canvas options. OEM straps, low MOQ, fast shipping, ideal for takeaway packaging.","_seopress_robots_index":""},"product_brand":[185],"product_cat":[30,105,110],"product_tag":[139],"class_list":{"0":"post-10829","1":"product","2":"type-product","3":"status-publish","4":"has-post-thumbnail","6":"product_brand-avecobaggie","7":"product_cat-cooler-bag","8":"product_cat-non-woven-bag","9":"product_cat-travel","10":"product_tag-non-woven-bag","12":"first","13":"instock","14":"taxable","15":"shipping-taxable","16":"product-type-simple"},"_links":{"self":[{"href":"https:\/\/avecobaggie.com\/fr\/wp-json\/wp\/v2\/product\/10829","targetHints":{"allow":["GET"]}}],"collection":[{"href":"https:\/\/avecobaggie.com\/fr\/wp-json\/wp\/v2\/product"}],"about":[{"href":"https:\/\/avecobaggie.com\/fr\/wp-json\/wp\/v2\/types\/product"}],"replies":[{"embeddable":true,"href":"https:\/\/avecobaggie.com\/fr\/wp-json\/wp\/v2\/comments?post=10829"}],"wp:featuredmedia":[{"embeddable":true,"href":"https:\/\/avecobaggie.com\/fr\/wp-json\/wp\/v2\/media\/10833"}],"wp:attachment":[{"href":"https:\/\/avecobaggie.com\/fr\/wp-json\/wp\/v2\/media?parent=10829"}],"wp:term":[{"taxonomy":"product_brand","embeddable":true,"href":"https:\/\/avecobaggie.com\/fr\/wp-json\/wp\/v2\/product_brand?post=10829"},{"taxonomy":"product_cat","embeddable":true,"href":"https:\/\/avecobaggie.com\/fr\/wp-json\/wp\/v2\/product_cat?post=10829"},{"taxonomy":"product_tag","embeddable":true,"href":"https:\/\/avecobaggie.com\/fr\/wp-json\/wp\/v2\/product_tag?post=10829"}],"curies":[{"name":"wp","href":"https:\/\/api.w.org\/{rel}","templated":true}]}}