{"id":10926,"date":"2025-06-30T15:36:19","date_gmt":"2025-06-30T07:36:19","guid":{"rendered":"https:\/\/avecobaggie.com\/?post_type=product&#038;p=10926"},"modified":"2025-06-30T15:46:44","modified_gmt":"2025-06-30T07:46:44","slug":"custom-muslin-tote-bag-eco-friendly-cotton-carry-bag-for-shopping-packaging","status":"publish","type":"product","link":"https:\/\/avecobaggie.com\/fr\/produit\/custom-muslin-tote-bag-eco-friendly-cotton-carry-bag-for-shopping-packaging\/","title":{"rendered":"Custom Muslin Tote Bag | Eco-Friendly Cotton Carry Bag for Shopping &amp; Packaging"},"content":{"rendered":"<p>La soci\u00e9t\u00e9 Aveco peut personnaliser et vendre en gros des sacs fourre-tout en toile avec un service de solution unique. Nous avons \u00e9galement quelques formes de base de sacs pour un d\u00e9marrage facile, comme indiqu\u00e9 sur le site Web de la soci\u00e9t\u00e9 Aveco.\u00a0\u00a0<a href=\"https:\/\/avecobaggie.com\/fr\/categorie-produit\/bags-in-stock\/\"> Sacs en stock <\/a>. la plupart des sacs en stock sont vierges de toute impression, ce qui vous permet d'apposer plus facilement un logo ou une \u00e9tiquette priv\u00e9e pour vos clients, sans minimum.<\/p>\n<p><span class=\"Apple-converted-space\">\u00a0 \u00a0 Si vous souhaitez personnaliser ces sacs \u00e9cologiques, c'est \u00e9galement facile, certains de ces sacs \u00e9tant m\u00eame dot\u00e9s d'un prix extr\u00eamement bas. <\/span>MOQ for customized surfaces. Especially cotton or canvas bag is extremely low at 200pieces or even less to support beginners, go to <a href=\"https:\/\/avecobaggie.com\/fr\/custom-solutions\/\"><strong>SOLUTIONS SUR MESURE<\/strong><\/a> pour en savoir plus sur les \u00e9tapes des sacs personnalis\u00e9s.<\/p>\n<p data-start=\"580\" data-end=\"1053\">This muslin tote bag is made from 100% natural cotton fabric, lightweight, breathable, and biodegradable\u2014perfect for sustainable packaging and daily use. Whether for eco-conscious retail packaging, event giveaways, or brand promotion, this tote provides a stylish and reusable solution. Custom sizes, printing, and handles are available to meet your business needs.<\/p>\n<h4 class=\"p1\"><span style=\"color: #333333;\">Caract\u00e9ristiques du produit<\/span><\/h4>\n<ul>\n<li data-start=\"1084\" data-end=\"1143\">\n<p data-start=\"1086\" data-end=\"1143\"><strong data-start=\"1086\" data-end=\"1100\">Bag Style:<\/strong> Muslin Tote Bag (No lining, soft handle)<\/p>\n<\/li>\n<li data-start=\"1144\" data-end=\"1210\">\n<p data-start=\"1146\" data-end=\"1210\"><strong data-start=\"1146\" data-end=\"1159\">Mat\u00e9riau :<\/strong> 100% Cotton Muslin (Unbleached \/ Dyed available)<\/p>\n<\/li>\n<li data-start=\"1211\" data-end=\"1274\">\n<p data-start=\"1213\" data-end=\"1274\"><strong data-start=\"1213\" data-end=\"1222\">Taille :<\/strong> Standard sizes or customized dimensions available<\/p>\n<\/li>\n<li data-start=\"1275\" data-end=\"1326\">\n<p data-start=\"1277\" data-end=\"1326\"><strong data-start=\"1277\" data-end=\"1295\">Color Options:<\/strong> Natural cotton \/ Custom dyed<\/p>\n<\/li>\n<li data-start=\"1327\" data-end=\"1378\">\n<p data-start=\"1329\" data-end=\"1378\"><strong data-start=\"1329\" data-end=\"1341\">Closure:<\/strong> Open top (no zipper or drawstring)<\/p>\n<\/li>\n<li data-start=\"1379\" data-end=\"1456\">\n<p data-start=\"1381\" data-end=\"1456\"><strong data-start=\"1381\" data-end=\"1394\">Features:<\/strong> Reusable, breathable, washable, biodegradable, plastic-free<\/p>\n<\/li>\n<li data-start=\"1457\" data-end=\"1535\">\n<p data-start=\"1459\" data-end=\"1535\"><strong data-start=\"1459\" data-end=\"1476\">Applications:<\/strong> Eco packaging, grocery shopping, gifts, brand promotions<\/p>\n<\/li>\n<li data-start=\"1536\" data-end=\"1604\">\n<p data-start=\"1538\" data-end=\"1604\"><strong data-start=\"1538\" data-end=\"1556\">Personnalisation :<\/strong> Logo printing, size, handle length, packaging<\/p>\n<\/li>\n<li data-start=\"1605\" data-end=\"1644\">\n<p data-start=\"1607\" data-end=\"1644\"><strong data-start=\"1607\" data-end=\"1615\">MOQ:<\/strong> Low minimum order accepted<\/p>\n<\/li>\n<li data-start=\"1645\" data-end=\"1717\">\n<p data-start=\"1647\" data-end=\"1717\"><strong data-start=\"1647\" data-end=\"1669\">Care Instructions:<\/strong> Hand or machine washable; air dry recommended<\/p>\n<\/li>\n<\/ul>","protected":false},"excerpt":{"rendered":"<p>Reusable muslin tote bag made from natural cotton. Ideal for eco-conscious packaging, promotions, and daily shopping. Soft, breathable, and customizable with your logo.<\/p>","protected":false},"featured_media":10928,"comment_status":"open","ping_status":"closed","template":"","meta":{"_seopress_robots_primary_cat":"none","_seopress_titles_title":"Custom Muslin Tote Bags | Eco-Friendly Cotton Shopping Bags","_seopress_titles_desc":"Reusable muslin tote bag made from soft cotton. Ideal for eco-friendly packaging, retail, or gifts. Supports custom logo printing and low MOQ orders.","_seopress_robots_index":""},"product_brand":[],"product_cat":[29,102,108,110],"product_tag":[],"class_list":{"0":"post-10926","1":"product","2":"type-product","3":"status-publish","4":"has-post-thumbnail","6":"product_cat-tote-bag","7":"product_cat-cotton-canvas-bag","8":"product_cat-work-school","9":"product_cat-travel","11":"first","12":"instock","13":"taxable","14":"shipping-taxable","15":"product-type-simple"},"_links":{"self":[{"href":"https:\/\/avecobaggie.com\/fr\/wp-json\/wp\/v2\/product\/10926","targetHints":{"allow":["GET"]}}],"collection":[{"href":"https:\/\/avecobaggie.com\/fr\/wp-json\/wp\/v2\/product"}],"about":[{"href":"https:\/\/avecobaggie.com\/fr\/wp-json\/wp\/v2\/types\/product"}],"replies":[{"embeddable":true,"href":"https:\/\/avecobaggie.com\/fr\/wp-json\/wp\/v2\/comments?post=10926"}],"wp:featuredmedia":[{"embeddable":true,"href":"https:\/\/avecobaggie.com\/fr\/wp-json\/wp\/v2\/media\/10928"}],"wp:attachment":[{"href":"https:\/\/avecobaggie.com\/fr\/wp-json\/wp\/v2\/media?parent=10926"}],"wp:term":[{"taxonomy":"product_brand","embeddable":true,"href":"https:\/\/avecobaggie.com\/fr\/wp-json\/wp\/v2\/product_brand?post=10926"},{"taxonomy":"product_cat","embeddable":true,"href":"https:\/\/avecobaggie.com\/fr\/wp-json\/wp\/v2\/product_cat?post=10926"},{"taxonomy":"product_tag","embeddable":true,"href":"https:\/\/avecobaggie.com\/fr\/wp-json\/wp\/v2\/product_tag?post=10926"}],"curies":[{"name":"wp","href":"https:\/\/api.w.org\/{rel}","templated":true}]}}