{"id":10931,"date":"2025-06-30T16:20:03","date_gmt":"2025-06-30T08:20:03","guid":{"rendered":"https:\/\/avecobaggie.com\/?post_type=product&#038;p=10931"},"modified":"2025-06-30T16:25:46","modified_gmt":"2025-06-30T08:25:46","slug":"custom-muslin-drawstring-bags-reusable-cotton-pouches-for-eco-packaging","status":"publish","type":"product","link":"https:\/\/avecobaggie.com\/fr\/produit\/custom-muslin-drawstring-bags-reusable-cotton-pouches-for-eco-packaging\/","title":{"rendered":"Sacs \u00e0 cordon en mousseline personnalis\u00e9s - Pochettes en coton r\u00e9utilisables pour l'emballage \u00e9cologique"},"content":{"rendered":"<p>La soci\u00e9t\u00e9 Aveco peut personnaliser et vendre en gros des sacs fourre-tout en toile avec un service de solution unique. Nous avons \u00e9galement quelques formes de base de sacs pour un d\u00e9marrage facile, comme indiqu\u00e9 sur le site Web de la soci\u00e9t\u00e9 Aveco.\u00a0\u00a0<a href=\"https:\/\/avecobaggie.com\/fr\/categorie-produit\/bags-in-stock\/\"> Sacs en stock <\/a>. la plupart des sacs en stock sont vierges de toute impression, ce qui vous permet d'apposer plus facilement un logo ou une \u00e9tiquette priv\u00e9e pour vos clients, sans minimum.<\/p>\n<p><span class=\"Apple-converted-space\">\u00a0 \u00a0 Si vous souhaitez personnaliser ces sacs \u00e9cologiques, c'est \u00e9galement facile, certains de ces sacs \u00e9tant m\u00eame dot\u00e9s d'un prix extr\u00eamement bas. <\/span>MOQ for customized surfaces. Especially cotton or canvas bag is extremely low at 200pieces or even less to support beginners, go to <a href=\"https:\/\/avecobaggie.com\/fr\/custom-solutions\/\"><strong>SOLUTIONS SUR MESURE<\/strong><\/a> pour en savoir plus sur les \u00e9tapes des sacs personnalis\u00e9s.<\/p>\n<p data-start=\"580\" data-end=\"1053\">This muslin drawstring bag is made from 100% natural cotton, featuring a soft and breathable texture ideal for storing small items like soap, tea, herbs, jewelry, or cosmetics. With a secure double-drawstring closure and customizable printing options, it&#8217;s perfect for retail packaging, wedding favors, or promotional gifts. These bags are washable, reusable, and biodegradable\u2014supporting your brand\u2019s commitment to sustainability.<\/p>\n<h4 class=\"p1\"><span style=\"color: #333333;\">Caract\u00e9ristiques du produit<\/span><\/h4>\n<ul>\n<li data-start=\"1196\" data-end=\"1236\">\n<p data-start=\"1198\" data-end=\"1236\"><strong data-start=\"1198\" data-end=\"1212\">Bag Style:<\/strong> Muslin Drawstring Bag<\/p>\n<\/li>\n<li data-start=\"1237\" data-end=\"1304\">\n<p data-start=\"1239\" data-end=\"1304\"><strong data-start=\"1239\" data-end=\"1252\">Mat\u00e9riau :<\/strong> 100% Cotton Muslin (Unbleached or Dyed Available)<\/p>\n<\/li>\n<li data-start=\"1305\" data-end=\"1367\">\n<p data-start=\"1307\" data-end=\"1367\"><strong data-start=\"1307\" data-end=\"1316\">Taille :<\/strong> Various standard sizes (custom sizing available)<\/p>\n<\/li>\n<li data-start=\"1368\" data-end=\"1426\">\n<p data-start=\"1370\" data-end=\"1426\"><strong data-start=\"1370\" data-end=\"1388\">Color Options:<\/strong> Natural beige \/ White \/ Custom dyed<\/p>\n<\/li>\n<li data-start=\"1427\" data-end=\"1469\">\n<p data-start=\"1429\" data-end=\"1469\"><strong data-start=\"1429\" data-end=\"1441\">Closure:<\/strong> Double drawstring closure<\/p>\n<\/li>\n<li data-start=\"1470\" data-end=\"1562\">\n<p data-start=\"1472\" data-end=\"1562\"><strong data-start=\"1472\" data-end=\"1489\">Applications:<\/strong> Soap packaging, tea storage, wedding favors, jewelry pouch, spice bags<\/p>\n<\/li>\n<li data-start=\"1563\" data-end=\"1630\">\n<p data-start=\"1565\" data-end=\"1630\"><strong data-start=\"1565\" data-end=\"1578\">Features:<\/strong> Reusable, breathable, biodegradable, eco-friendly<\/p>\n<\/li>\n<li data-start=\"1631\" data-end=\"1695\">\n<p data-start=\"1633\" data-end=\"1695\"><strong data-start=\"1633\" data-end=\"1651\">Personnalisation :<\/strong> Logo printing, label tag, packaging, size<\/p>\n<\/li>\n<li data-start=\"1696\" data-end=\"1735\">\n<p data-start=\"1698\" data-end=\"1735\"><strong data-start=\"1698\" data-end=\"1706\">MOQ:<\/strong> Low minimum order accepted<\/p>\n<\/li>\n<li data-start=\"1736\" data-end=\"1791\">\n<p data-start=\"1738\" data-end=\"1791\"><strong data-start=\"1738\" data-end=\"1760\">Care Instructions:<\/strong> Hand wash recommended; air dry<\/p>\n<\/li>\n<\/ul>","protected":false},"excerpt":{"rendered":"<p>Reusable cotton muslin drawstring bags, perfect for packaging soap, tea, jewelry, or handmade gifts. Soft, breathable, and customizable with your logo.<\/p>","protected":false},"featured_media":10932,"comment_status":"open","ping_status":"closed","template":"","meta":{"_seopress_robots_primary_cat":"none","_seopress_titles_title":"Custom Muslin Drawstring Bags | Eco-Friendly Cotton Gift Pouches","_seopress_titles_desc":"Reusable muslin drawstring bags made of 100% cotton. Ideal for packaging soap, tea, or small gifts. Custom logo and size available. Low MOQ. Eco-friendly.","_seopress_robots_index":""},"product_brand":[],"product_cat":[92,102,108,110],"product_tag":[],"class_list":{"0":"post-10931","1":"product","2":"type-product","3":"status-publish","4":"has-post-thumbnail","6":"product_cat-drawstring-bag","7":"product_cat-cotton-canvas-bag","8":"product_cat-work-school","9":"product_cat-travel","11":"first","12":"instock","13":"taxable","14":"shipping-taxable","15":"product-type-simple"},"_links":{"self":[{"href":"https:\/\/avecobaggie.com\/fr\/wp-json\/wp\/v2\/product\/10931","targetHints":{"allow":["GET"]}}],"collection":[{"href":"https:\/\/avecobaggie.com\/fr\/wp-json\/wp\/v2\/product"}],"about":[{"href":"https:\/\/avecobaggie.com\/fr\/wp-json\/wp\/v2\/types\/product"}],"replies":[{"embeddable":true,"href":"https:\/\/avecobaggie.com\/fr\/wp-json\/wp\/v2\/comments?post=10931"}],"wp:featuredmedia":[{"embeddable":true,"href":"https:\/\/avecobaggie.com\/fr\/wp-json\/wp\/v2\/media\/10932"}],"wp:attachment":[{"href":"https:\/\/avecobaggie.com\/fr\/wp-json\/wp\/v2\/media?parent=10931"}],"wp:term":[{"taxonomy":"product_brand","embeddable":true,"href":"https:\/\/avecobaggie.com\/fr\/wp-json\/wp\/v2\/product_brand?post=10931"},{"taxonomy":"product_cat","embeddable":true,"href":"https:\/\/avecobaggie.com\/fr\/wp-json\/wp\/v2\/product_cat?post=10931"},{"taxonomy":"product_tag","embeddable":true,"href":"https:\/\/avecobaggie.com\/fr\/wp-json\/wp\/v2\/product_tag?post=10931"}],"curies":[{"name":"wp","href":"https:\/\/api.w.org\/{rel}","templated":true}]}}