{"id":11014,"date":"2025-07-08T11:04:47","date_gmt":"2025-07-08T03:04:47","guid":{"rendered":"https:\/\/avecobaggie.com\/?post_type=product&#038;p=11014"},"modified":"2025-07-08T11:12:50","modified_gmt":"2025-07-08T03:12:50","slug":"embroidered-canvas-tote-bag-floral-bloom-collection","status":"publish","type":"product","link":"https:\/\/avecobaggie.com\/fr\/produit\/embroidered-canvas-tote-bag-floral-bloom-collection\/","title":{"rendered":"Embroidered Canvas Tote Bag \u2013 Floral Bloom Collection"},"content":{"rendered":"<p>La soci\u00e9t\u00e9 Aveco peut personnaliser et vendre en gros des sacs fourre-tout en toile avec un service de solution unique. Nous avons \u00e9galement quelques formes de base de sacs pour un d\u00e9marrage facile, comme indiqu\u00e9 sur le site Web de la soci\u00e9t\u00e9 Aveco.\u00a0\u00a0<a href=\"https:\/\/avecobaggie.com\/fr\/categorie-produit\/bags-in-stock\/\"> Sacs en stock <\/a>. la plupart des sacs en stock sont vierges de toute impression, ce qui vous permet d'apposer plus facilement un logo ou une \u00e9tiquette priv\u00e9e pour vos clients, sans minimum.<\/p>\n<p><span class=\"Apple-converted-space\">\u00a0 \u00a0 Si vous souhaitez personnaliser ces sacs \u00e9cologiques, c'est \u00e9galement facile, certains de ces sacs \u00e9tant m\u00eame dot\u00e9s d'un prix extr\u00eamement bas. <\/span>MOQ for customized surfaces. Especially cotton or canvas bag is extremely low at 200pieces or even less to support beginners, go to <a href=\"https:\/\/avecobaggie.com\/fr\/custom-solutions\/\"><strong>SOLUTIONS SUR MESURE<\/strong><\/a> pour en savoir plus sur les \u00e9tapes des sacs personnalis\u00e9s.<\/p>\n<p data-start=\"580\" data-end=\"1053\">Le pr\u00e9sent <strong data-start=\"674\" data-end=\"705\">embroidered canvas tote bag<\/strong> blends artistry with utility. The elegant <strong data-start=\"748\" data-end=\"769\">floral embroidery<\/strong> adds a handcrafted, stylish touch\u2014making it perfect for daily use, casual outings, or boutique gifting. The <strong data-start=\"878\" data-end=\"903\">thick canvas material<\/strong> ensures durability, while the spacious structure comfortably fits books, tablets, and everyday essentials.<\/p>\n<h3 data-start=\"1017\" data-end=\"1041\"><strong data-start=\"1021\" data-end=\"1041\">CARACT\u00c9RISTIQUES DU PRODUIT<\/strong><\/h3>\n<ul data-start=\"1043\" data-end=\"1546\">\n<li data-start=\"1043\" data-end=\"1081\">\n<p data-start=\"1045\" data-end=\"1081\"><strong data-start=\"1045\" data-end=\"1058\">Bag Type:<\/strong> Embroidered Tote Bag<\/p>\n<\/li>\n<li data-start=\"1082\" data-end=\"1124\">\n<p data-start=\"1084\" data-end=\"1124\"><strong data-start=\"1084\" data-end=\"1097\">Mat\u00e9riau :<\/strong> Heavy-duty cotton canvas<\/p>\n<\/li>\n<li data-start=\"1125\" data-end=\"1205\">\n<p data-start=\"1127\" data-end=\"1205\"><strong data-start=\"1127\" data-end=\"1150\">Embroidery Pattern:<\/strong> Delicate floral design (custom embroidery available)<\/p>\n<\/li>\n<li data-start=\"1206\" data-end=\"1263\">\n<p data-start=\"1208\" data-end=\"1263\"><strong data-start=\"1208\" data-end=\"1226\">Color Options:<\/strong> Natural beige or customized colors<\/p>\n<\/li>\n<li data-start=\"1264\" data-end=\"1326\">\n<p data-start=\"1266\" data-end=\"1326\"><strong data-start=\"1266\" data-end=\"1275\">Taille :<\/strong> Standard 29 \u00d7 24 cm (custom sizes accepted)<\/p>\n<\/li>\n<li data-start=\"1327\" data-end=\"1383\">\n<p data-start=\"1329\" data-end=\"1383\"><strong data-start=\"1329\" data-end=\"1340\">Poign\u00e9e :<\/strong> Reinforced shoulder-length canvas straps<\/p>\n<\/li>\n<li data-start=\"1384\" data-end=\"1462\">\n<p data-start=\"1386\" data-end=\"1462\"><strong data-start=\"1386\" data-end=\"1404\">Personnalisation :<\/strong> Logo embroidery, woven labels, or tag add-ons available<\/p>\n<\/li>\n<li data-start=\"1463\" data-end=\"1546\">\n<p data-start=\"1465\" data-end=\"1546\"><strong data-start=\"1465\" data-end=\"1478\">Use Case:<\/strong> Fashion retail, lifestyle brands, event gifting, or eco packaging<\/p>\n<\/li>\n<\/ul>","protected":false},"excerpt":{"rendered":"<p>An eco-friendly canvas tote bag featuring elegant floral embroidery\u2014ideal for daily use, gifting, or custom branding. Durable, stylish, and customizable for your brand.<\/p>","protected":false},"featured_media":11015,"comment_status":"open","ping_status":"closed","template":"","meta":{"_seopress_robots_primary_cat":"none","_seopress_titles_title":"Floral Embroidered Canvas Tote Bag | Custom Eco-Friendly Totes Wholesale","_seopress_titles_desc":"Discover our floral embroidered canvas tote\u2014made from eco-friendly cotton, perfect for fashion brands, gift shops, and promotions. Custom logo and size available with low MOQ.","_seopress_robots_index":""},"product_brand":[],"product_cat":[29,102,108,110],"product_tag":[],"class_list":{"0":"post-11014","1":"product","2":"type-product","3":"status-publish","4":"has-post-thumbnail","6":"product_cat-tote-bag","7":"product_cat-cotton-canvas-bag","8":"product_cat-work-school","9":"product_cat-travel","11":"first","12":"instock","13":"taxable","14":"shipping-taxable","15":"product-type-simple"},"_links":{"self":[{"href":"https:\/\/avecobaggie.com\/fr\/wp-json\/wp\/v2\/product\/11014","targetHints":{"allow":["GET"]}}],"collection":[{"href":"https:\/\/avecobaggie.com\/fr\/wp-json\/wp\/v2\/product"}],"about":[{"href":"https:\/\/avecobaggie.com\/fr\/wp-json\/wp\/v2\/types\/product"}],"replies":[{"embeddable":true,"href":"https:\/\/avecobaggie.com\/fr\/wp-json\/wp\/v2\/comments?post=11014"}],"wp:featuredmedia":[{"embeddable":true,"href":"https:\/\/avecobaggie.com\/fr\/wp-json\/wp\/v2\/media\/11015"}],"wp:attachment":[{"href":"https:\/\/avecobaggie.com\/fr\/wp-json\/wp\/v2\/media?parent=11014"}],"wp:term":[{"taxonomy":"product_brand","embeddable":true,"href":"https:\/\/avecobaggie.com\/fr\/wp-json\/wp\/v2\/product_brand?post=11014"},{"taxonomy":"product_cat","embeddable":true,"href":"https:\/\/avecobaggie.com\/fr\/wp-json\/wp\/v2\/product_cat?post=11014"},{"taxonomy":"product_tag","embeddable":true,"href":"https:\/\/avecobaggie.com\/fr\/wp-json\/wp\/v2\/product_tag?post=11014"}],"curies":[{"name":"wp","href":"https:\/\/api.w.org\/{rel}","templated":true}]}}