{"id":1734,"date":"2021-03-02T11:21:26","date_gmt":"2021-03-02T03:21:26","guid":{"rendered":"https:\/\/avecobaggie.com\/?post_type=product&#038;p=1734"},"modified":"2021-03-30T11:13:53","modified_gmt":"2021-03-30T03:13:53","slug":"custom-zipper-canvas-tote-bag","status":"publish","type":"product","link":"https:\/\/avecobaggie.com\/fr\/produit\/custom-zipper-canvas-tote-bag\/","title":{"rendered":"Fourre-tout en toile \u00e0 fermeture \u00e9clair personnalis\u00e9"},"content":{"rendered":"<p>Aveco fournit principalement des sacs fourre-tout \u00e9cologiques personnalis\u00e9s avec un service de solution \u00e0 guichet unique. Nos sacs sont durables, de haute qualit\u00e9 et abordables pour r\u00e9pondre \u00e0 diff\u00e9rents besoins. Tous les mat\u00e9riaux que nous utilisons sont \u00e9cologiques, notamment le coton, la toile, le lin, le jute, le feutre, etc. Si vous cherchez \u00e0 fabriquer des sacs pour votre marque priv\u00e9e ou pour des \u00e9v\u00e9nements promotionnels, nous pouvons r\u00e9pondre \u00e0 vos besoins en vrac avec un MOQ assez bas et une livraison rapide.<\/p>\n<h3 class=\"p1\"><span style=\"color: #333333;\">Caract\u00e9ristiques du produit Fourre-tout en toile \u00e0 fermeture \u00e9clair personnalis\u00e9<\/span><\/h3>\n<ul>\n<li><strong>Style du sac<\/strong>: Fourre-tout avec fermeture \u00e0 glissi\u00e8re et poches int\u00e9rieures<\/li>\n<li><strong>Type de mat\u00e9riau<\/strong>: Toile<\/li>\n<li><strong>Mat\u00e9riau Poids<\/strong>:  12oz \/ nous pouvons \u00e9galement r\u00e9aliser d'autres \u00e9paisseurs selon votre demande, <a href=\"https:\/\/avecobaggie.com\/fr\/custom-solutions\/\">Cliquez pour voir le tableau des poids des tissus<\/a><\/li>\n<li><strong>Couleur du mat\u00e9riau<\/strong>: Beige naturel<\/li>\n<li><strong>Taille du sac<\/strong>: 40X31X8CM (liste des dimensions standard, nous acceptons les dimensions personnalis\u00e9es) \uff09<\/li>\n<li><strong>Surface d'impression<\/strong>: 1 couleur | 2 couleurs | plus de couleurs| Impression compl\u00e8te, impression d'un c\u00f4t\u00e9 ou de deux c\u00f4t\u00e9s<\/li>\n<li><strong>Fermeture<\/strong>: Avec fermeture \u00e0 glissi\u00e8re\/avec bouton pression<\/li>\n<li><strong>Instructions d'entretien<\/strong>: Lavage \u00e0 la main recommand\u00e9, lavage en machine possible, s\u00e9chage \u00e0 plat.<\/li>\n<\/ul>\n<p><strong>Remarques : Pour les tissus en coton, il y aura un l\u00e9ger r\u00e9tr\u00e9cissement apr\u00e8s le lavage.<\/strong><\/p>","protected":false},"excerpt":{"rendered":"<p>Toile de premi\u00e8re qualit\u00e9 pour la protection de l'environnement, style simple et attrayant, faible co\u00fbt de production, exp\u00e9dition rapide.<\/p>","protected":false},"featured_media":1762,"comment_status":"open","ping_status":"closed","template":"","meta":{"_seopress_robots_primary_cat":"none","_seopress_titles_title":"Custom zipper canvas tote bag - OEM &amp; ODM - Low MOQ","_seopress_titles_desc":"Canvas tote bag designed with zipper, one inside pocket and easy to carry.with gusset, easy to print your brand or do a full printing is workable,Ask us Now","_seopress_robots_index":""},"product_brand":[],"product_cat":[29,102,109],"product_tag":[],"class_list":{"0":"post-1734","1":"product","2":"type-product","3":"status-publish","4":"has-post-thumbnail","6":"product_cat-tote-bag","7":"product_cat-cotton-canvas-bag","8":"product_cat-everyday","10":"first","11":"instock","12":"taxable","13":"shipping-taxable","14":"product-type-simple"},"_links":{"self":[{"href":"https:\/\/avecobaggie.com\/fr\/wp-json\/wp\/v2\/product\/1734","targetHints":{"allow":["GET"]}}],"collection":[{"href":"https:\/\/avecobaggie.com\/fr\/wp-json\/wp\/v2\/product"}],"about":[{"href":"https:\/\/avecobaggie.com\/fr\/wp-json\/wp\/v2\/types\/product"}],"replies":[{"embeddable":true,"href":"https:\/\/avecobaggie.com\/fr\/wp-json\/wp\/v2\/comments?post=1734"}],"wp:featuredmedia":[{"embeddable":true,"href":"https:\/\/avecobaggie.com\/fr\/wp-json\/wp\/v2\/media\/1762"}],"wp:attachment":[{"href":"https:\/\/avecobaggie.com\/fr\/wp-json\/wp\/v2\/media?parent=1734"}],"wp:term":[{"taxonomy":"product_brand","embeddable":true,"href":"https:\/\/avecobaggie.com\/fr\/wp-json\/wp\/v2\/product_brand?post=1734"},{"taxonomy":"product_cat","embeddable":true,"href":"https:\/\/avecobaggie.com\/fr\/wp-json\/wp\/v2\/product_cat?post=1734"},{"taxonomy":"product_tag","embeddable":true,"href":"https:\/\/avecobaggie.com\/fr\/wp-json\/wp\/v2\/product_tag?post=1734"}],"curies":[{"name":"wp","href":"https:\/\/api.w.org\/{rel}","templated":true}]}}