{"id":1773,"date":"2021-03-02T14:46:16","date_gmt":"2021-03-02T06:46:16","guid":{"rendered":"https:\/\/avecobaggie.com\/?post_type=product&#038;p=1773"},"modified":"2021-03-30T11:11:34","modified_gmt":"2021-03-30T03:11:34","slug":"customized-large-storage-felt-tote-bag","status":"publish","type":"product","link":"https:\/\/avecobaggie.com\/fr\/produit\/customized-large-storage-felt-tote-bag\/","title":{"rendered":"Grand sac de rangement en feutre personnalis\u00e9"},"content":{"rendered":"<p>Aveco mainly manufacturer all kinds of\u00a0 customized eco tote bags with one stop shop solution service. Our\u00a0 bags are durable, high quality and affordable to meet different purposes. All the materials we use are eco-friendly including cotton, canvas, linen, jute, felt ,oxford etc. and If you are looking to make bags with your private label brand or promotional events, then we can serve your bulk needs with quite a low MOQ and fast delivery.<\/p>\n<p>This felt tote bags is oversize, the color is grey but can customize other color,we can also print your logo on the bag.<\/p>\n<p>CARACT\u00c9RISTIQUES DU PRODUIT<\/p>\n<ul>\n<li><strong>Style du sac<\/strong>: Felt Totes<\/li>\n<li><strong>Type de mat\u00e9riau<\/strong>: Made pf Grade-A felt 100% 3MM<span class=\"a-list-item\">\u00a0thick felt material which makes it a suitable option for shopping, carrying small items, lunch, and other items<\/span><\/li>\n<li><strong>Mat\u00e9riau Poids<\/strong>:\u00a0 3MM<\/li>\n<li><strong>Couleur du mat\u00e9riau<\/strong>: gray<\/li>\n<li><strong>Taille du sac<\/strong>: 35X28X15CM ( list with standard size, we accept customized size bag \uff09<\/li>\n<li><strong>Surface d'impression<\/strong>: 1 couleur | 2 couleurs | plus de couleurs| Impression compl\u00e8te, impression d'un c\u00f4t\u00e9 ou de deux c\u00f4t\u00e9s<\/li>\n<li><strong>Fermeture<\/strong>: Ouvrir<\/li>\n<li><strong>Handle<\/strong>: PU handles, durable very soft yet lightweight, with two handles for easily toting and carrying around.<\/li>\n<li><strong>Instructions d'entretien<\/strong>: Lavage \u00e0 la main recommand\u00e9, s\u00e9chage \u00e0 l'air libre.<\/li>\n<\/ul>\n<p>&nbsp;<\/p>","protected":false},"excerpt":{"rendered":"<p>Made of Grade-A felt 100% 3MM thickness felt and PU handles, durable very soft yet lightweight, Nice to customize with our own request.<\/p>","protected":false},"featured_media":1775,"comment_status":"open","ping_status":"closed","template":"","meta":{"_seopress_robots_primary_cat":"none","_seopress_titles_title":"","_seopress_titles_desc":"","_seopress_robots_index":""},"product_brand":[],"product_cat":[29,103,110],"product_tag":[133],"class_list":{"0":"post-1773","1":"product","2":"type-product","3":"status-publish","4":"has-post-thumbnail","6":"product_cat-tote-bag","7":"product_cat-other-fabric-bag","8":"product_cat-travel","9":"product_tag-felt-bag","11":"first","12":"instock","13":"taxable","14":"shipping-taxable","15":"product-type-simple"},"_links":{"self":[{"href":"https:\/\/avecobaggie.com\/fr\/wp-json\/wp\/v2\/product\/1773","targetHints":{"allow":["GET"]}}],"collection":[{"href":"https:\/\/avecobaggie.com\/fr\/wp-json\/wp\/v2\/product"}],"about":[{"href":"https:\/\/avecobaggie.com\/fr\/wp-json\/wp\/v2\/types\/product"}],"replies":[{"embeddable":true,"href":"https:\/\/avecobaggie.com\/fr\/wp-json\/wp\/v2\/comments?post=1773"}],"wp:featuredmedia":[{"embeddable":true,"href":"https:\/\/avecobaggie.com\/fr\/wp-json\/wp\/v2\/media\/1775"}],"wp:attachment":[{"href":"https:\/\/avecobaggie.com\/fr\/wp-json\/wp\/v2\/media?parent=1773"}],"wp:term":[{"taxonomy":"product_brand","embeddable":true,"href":"https:\/\/avecobaggie.com\/fr\/wp-json\/wp\/v2\/product_brand?post=1773"},{"taxonomy":"product_cat","embeddable":true,"href":"https:\/\/avecobaggie.com\/fr\/wp-json\/wp\/v2\/product_cat?post=1773"},{"taxonomy":"product_tag","embeddable":true,"href":"https:\/\/avecobaggie.com\/fr\/wp-json\/wp\/v2\/product_tag?post=1773"}],"curies":[{"name":"wp","href":"https:\/\/api.w.org\/{rel}","templated":true}]}}