{"id":1788,"date":"2021-03-02T15:29:49","date_gmt":"2021-03-02T07:29:49","guid":{"rendered":"https:\/\/avecobaggie.com\/?post_type=product&#038;p=1788"},"modified":"2021-03-30T11:10:12","modified_gmt":"2021-03-30T03:10:12","slug":"full-print-cotton-canvas-crossbody-bag","status":"publish","type":"product","link":"https:\/\/avecobaggie.com\/fr\/produit\/full-print-cotton-canvas-crossbody-bag\/","title":{"rendered":"Sac fourre-tout en toile \u00e0 imprim\u00e9 complet"},"content":{"rendered":"<p>Aveco fournit principalement des sacs \u00e9cologiques personnalis\u00e9s avec un service de solution \u00e0 guichet unique. Nous avons \u00e9galement quelques formes de base de sacs pour un d\u00e9marrage facile, comme indiqu\u00e9 sur le site Web de\u00a0\u00a0<a href=\"https:\/\/avecobaggie.com\/fr\/categorie-produit\/bags-in-stock\/\"> Sacs en stock <\/a>. la plupart des sacs en stock sont vierges de toute impression, ce qui vous permet d'apposer plus facilement un logo ou une \u00e9tiquette priv\u00e9e pour vos clients, sans minimum.<\/p>\n<p><span class=\"Apple-converted-space\">\u00a0 \u00a0 Si vous souhaitez personnaliser ces sacs \u00e9cologiques, c'est \u00e9galement facile, certains de ces sacs \u00e9tant m\u00eame dot\u00e9s d'un prix extr\u00eamement bas. <\/span>MOQ pour les surfaces personnalis\u00e9es. En particulier, les sacs en coton ou en toile sont extr\u00eamement bas, \u00e0 100 pi\u00e8ces ou m\u00eame moins, pour soutenir les d\u00e9butants. <a href=\"https:\/\/avecobaggie.com\/fr\/custom-solutions\/\"><strong>SOLUTIONS SUR MESURE<\/strong><\/a> pour en savoir plus sur les \u00e9tapes des sacs personnalis\u00e9s.<\/p>\n<h3 class=\"p1\"><span style=\"color: #333333;\">Caract\u00e9ristiques du produit pour le sac fourre-tout en toile \u00e0 imprim\u00e9 complet<\/span><\/h3>\n<ul>\n<li><strong>Style du sac<\/strong>: Fourre-tout avec fermeture \u00e9clair<\/li>\n<li><strong>Type de mat\u00e9riau<\/strong>: Toile<\/li>\n<li><strong>Mat\u00e9riau Poids<\/strong>:  12oz \/ nous pouvons \u00e9galement r\u00e9aliser d'autres \u00e9paisseurs selon votre demande, <a href=\"https:\/\/avecobaggie.com\/fr\/custom-solutions\/\">Cliquez pour voir le tableau des poids des tissus<\/a><\/li>\n<li><strong>Couleur du mat\u00e9riau<\/strong>: impressions compl\u00e8tes<\/li>\n<li><strong>Taille du sac<\/strong>: 38X30CM (liste des dimensions standard, nous acceptons les dimensions personnalis\u00e9es) \uff09<\/li>\n<li><strong>Surface d'impression<\/strong>: 1 couleur | 2 couleurs | plus de couleurs| Impression compl\u00e8te, impression d'un c\u00f4t\u00e9 ou de deux c\u00f4t\u00e9s<\/li>\n<li><strong>Fermeture<\/strong>: Avec fermeture \u00e0 glissi\u00e8re<\/li>\n<li><strong>Instructions d'entretien<\/strong>: Lavage \u00e0 la main recommand\u00e9, lavage en machine possible, s\u00e9chage \u00e0 plat.<\/li>\n<\/ul>\n<p><strong>Remarques : Pour les tissus en coton, il y aura un l\u00e9ger r\u00e9tr\u00e9cissement apr\u00e8s le lavage.<\/strong><\/p>","protected":false},"excerpt":{"rendered":"<p>Le sac est d'un style nouveau, d'une forme unique et d'une fabrication exquise. Il peut \u00eatre imprim\u00e9 d'un simple logo ou d'une impression compl\u00e8te, les bretelles peuvent \u00eatre en toile ou en coton.<\/p>","protected":false},"featured_media":1789,"comment_status":"open","ping_status":"closed","template":"","meta":{"_seopress_robots_primary_cat":"none","_seopress_titles_title":"China Crossbody Canvas Tote Bag Manufacturer and Wholesaler","_seopress_titles_desc":"The  Crossbody Canvas Tote Bag is novel in style, unique in shape and exquisite in workmanship, both simple logo and  full prints, easy to Customize.","_seopress_robots_index":""},"product_brand":[],"product_cat":[29],"product_tag":[],"class_list":{"0":"post-1788","1":"product","2":"type-product","3":"status-publish","4":"has-post-thumbnail","6":"product_cat-tote-bag","8":"first","9":"instock","10":"taxable","11":"shipping-taxable","12":"product-type-simple"},"_links":{"self":[{"href":"https:\/\/avecobaggie.com\/fr\/wp-json\/wp\/v2\/product\/1788","targetHints":{"allow":["GET"]}}],"collection":[{"href":"https:\/\/avecobaggie.com\/fr\/wp-json\/wp\/v2\/product"}],"about":[{"href":"https:\/\/avecobaggie.com\/fr\/wp-json\/wp\/v2\/types\/product"}],"replies":[{"embeddable":true,"href":"https:\/\/avecobaggie.com\/fr\/wp-json\/wp\/v2\/comments?post=1788"}],"wp:featuredmedia":[{"embeddable":true,"href":"https:\/\/avecobaggie.com\/fr\/wp-json\/wp\/v2\/media\/1789"}],"wp:attachment":[{"href":"https:\/\/avecobaggie.com\/fr\/wp-json\/wp\/v2\/media?parent=1788"}],"wp:term":[{"taxonomy":"product_brand","embeddable":true,"href":"https:\/\/avecobaggie.com\/fr\/wp-json\/wp\/v2\/product_brand?post=1788"},{"taxonomy":"product_cat","embeddable":true,"href":"https:\/\/avecobaggie.com\/fr\/wp-json\/wp\/v2\/product_cat?post=1788"},{"taxonomy":"product_tag","embeddable":true,"href":"https:\/\/avecobaggie.com\/fr\/wp-json\/wp\/v2\/product_tag?post=1788"}],"curies":[{"name":"wp","href":"https:\/\/api.w.org\/{rel}","templated":true}]}}