{"id":1794,"date":"2021-03-02T15:49:15","date_gmt":"2021-03-02T07:49:15","guid":{"rendered":"https:\/\/avecobaggie.com\/?post_type=product&#038;p=1794"},"modified":"2021-03-30T11:09:34","modified_gmt":"2021-03-30T03:09:34","slug":"full-print-linen-tote","status":"publish","type":"product","link":"https:\/\/avecobaggie.com\/fr\/produit\/full-print-linen-tote\/","title":{"rendered":"Fourre-tout en lin enti\u00e8rement imprim\u00e9"},"content":{"rendered":"<p>Aveco mainly provide customized eco bags with one stop shop solution service. we can OEM with\u00a0 a full range of cotton bag, canvas bag,l inen bag, jute bag, oxford bag, tote bag, lunch bag, beach bag, gym bags cooler bags, and other creative bags.We also have some basic shape of eco bags for an easy start as listed on the website of\u00a0\u00a0<a href=\"https:\/\/avecobaggie.com\/fr\/categorie-produit\/bags-in-stock\/\"> Sacs en stock <\/a>. la plupart des sacs en stock sont vierges de toute impression, ce qui vous permet d'apposer plus facilement un logo ou une \u00e9tiquette priv\u00e9e pour vos clients, sans minimum.<\/p>\n<p><span class=\"Apple-converted-space\">\u00a0 \u00a0 Si vous souhaitez personnaliser ces sacs \u00e9cologiques, c'est \u00e9galement facile, certains de ces sacs \u00e9tant m\u00eame dot\u00e9s d'un prix extr\u00eamement bas. <\/span>MOQ pour les surfaces personnalis\u00e9es. En particulier, les sacs en coton ou en toile sont extr\u00eamement bas, \u00e0 100 pi\u00e8ces ou m\u00eame moins, pour soutenir les d\u00e9butants. <a href=\"https:\/\/avecobaggie.com\/fr\/custom-solutions\/\"><strong>SOLUTIONS SUR MESURE<\/strong><\/a> pour en savoir plus sur les \u00e9tapes des sacs personnalis\u00e9s.<\/p>\n<h3 class=\"p1\"><span style=\"color: #333333;\">Product Features for Full Print Linen Tote<\/span><\/h3>\n<ul>\n<li><strong>Style du sac<\/strong>: Totes shoulder bag<\/li>\n<li><strong>Type de mat\u00e9riau<\/strong>: Natural Linen with full printing<\/li>\n<li><strong>Couleur du mat\u00e9riau<\/strong>: Beige naturel<\/li>\n<li><strong>Taille du sac<\/strong>:34X43CM ( list with standard size, we accept customized size bag \uff09<\/li>\n<li><strong>Surface d'impression<\/strong>: 1 couleur | 2 couleurs | plus de couleurs| Impression compl\u00e8te, impression d'un c\u00f4t\u00e9 ou de deux c\u00f4t\u00e9s<\/li>\n<li><strong>Fermeture<\/strong>: Ouvrir<\/li>\n<li><strong>Instructions d'entretien<\/strong>: Lavage \u00e0 la main recommand\u00e9, lavage en machine possible, s\u00e9chage \u00e0 plat.<\/li>\n<\/ul>","protected":false},"excerpt":{"rendered":"<p>Novel in style, unique in shape and exquisite in workmanship, custom any color or full design on the linen tote bag with an MOQ of 100 pieces,Fast Mockup,Free Design,Your best choice on promotional totes<\/p>","protected":false},"featured_media":1795,"comment_status":"open","ping_status":"closed","template":"","meta":{"_seopress_robots_primary_cat":"none","_seopress_titles_title":"%%post_title%% %%sep%%Free Sample %%sep%%OEM%%sep%%Avecobaggie","_seopress_titles_desc":"Aveco can custom any color or full design on the linen tote bag with an MOQ of 100 pieces,Fast Mockup,Free Design,Ask for a quote now. ","_seopress_robots_index":""},"product_brand":[],"product_cat":[29,103,111],"product_tag":[131],"class_list":{"0":"post-1794","1":"product","2":"type-product","3":"status-publish","4":"has-post-thumbnail","6":"product_cat-tote-bag","7":"product_cat-other-fabric-bag","8":"product_cat-promotional-events","9":"product_tag-linen-bag","11":"first","12":"instock","13":"taxable","14":"shipping-taxable","15":"product-type-simple"},"_links":{"self":[{"href":"https:\/\/avecobaggie.com\/fr\/wp-json\/wp\/v2\/product\/1794","targetHints":{"allow":["GET"]}}],"collection":[{"href":"https:\/\/avecobaggie.com\/fr\/wp-json\/wp\/v2\/product"}],"about":[{"href":"https:\/\/avecobaggie.com\/fr\/wp-json\/wp\/v2\/types\/product"}],"replies":[{"embeddable":true,"href":"https:\/\/avecobaggie.com\/fr\/wp-json\/wp\/v2\/comments?post=1794"}],"wp:featuredmedia":[{"embeddable":true,"href":"https:\/\/avecobaggie.com\/fr\/wp-json\/wp\/v2\/media\/1795"}],"wp:attachment":[{"href":"https:\/\/avecobaggie.com\/fr\/wp-json\/wp\/v2\/media?parent=1794"}],"wp:term":[{"taxonomy":"product_brand","embeddable":true,"href":"https:\/\/avecobaggie.com\/fr\/wp-json\/wp\/v2\/product_brand?post=1794"},{"taxonomy":"product_cat","embeddable":true,"href":"https:\/\/avecobaggie.com\/fr\/wp-json\/wp\/v2\/product_cat?post=1794"},{"taxonomy":"product_tag","embeddable":true,"href":"https:\/\/avecobaggie.com\/fr\/wp-json\/wp\/v2\/product_tag?post=1794"}],"curies":[{"name":"wp","href":"https:\/\/api.w.org\/{rel}","templated":true}]}}