{"id":1854,"date":"2021-03-03T15:02:23","date_gmt":"2021-03-03T07:02:23","guid":{"rendered":"https:\/\/avecobaggie.com\/?post_type=product&#038;p=1854"},"modified":"2021-03-30T11:04:52","modified_gmt":"2021-03-30T03:04:52","slug":"custom-cotton-single-drawstring-bag","status":"publish","type":"product","link":"https:\/\/avecobaggie.com\/fr\/produit\/custom-cotton-single-drawstring-bag\/","title":{"rendered":"Sac \u00e0 cordon simple en coton personnalis\u00e9"},"content":{"rendered":"<p>Aveco fournit principalement des sacs \u00e9cologiques personnalis\u00e9s avec un service de solution \u00e0 guichet unique. Nos sacs sont durables, de haute qualit\u00e9 et abordables pour r\u00e9pondre \u00e0 diff\u00e9rents besoins. Tous les mat\u00e9riaux que nous utilisons sont respectueux de l'environnement, notamment le coton, la toile, le lin, le jute, le feutre, etc. Si vous cherchez \u00e0 fabriquer des sacs pour votre marque priv\u00e9e ou pour des \u00e9v\u00e9nements promotionnels, nous pouvons r\u00e9pondre \u00e0 vos besoins en vrac avec un MOQ assez bas et une livraison rapide.<\/p>\n<p>CARACT\u00c9RISTIQUES DU PRODUIT<\/p>\n<ul>\n<li><strong>Style du sac<\/strong>: Sac \u00e0 cordon<\/li>\n<li><strong>Type de mat\u00e9riau<\/strong>: coton<\/li>\n<li><strong>Mat\u00e9riau Poids<\/strong>: 6oz<\/li>\n<li><strong>Couleur du mat\u00e9riau<\/strong>: Beige naturel<\/li>\n<li><strong>Taille du sac<\/strong>: 10X15CM |15X20CM|20X30CM|30X40CM\uff08 list with popular size, we accept customized size bag \uff09<\/li>\n<li><strong>Surface d'impression<\/strong>: 1 couleur | 2 couleurs | plus de couleurs| Impression compl\u00e8te, impression d'un c\u00f4t\u00e9 ou de deux c\u00f4t\u00e9s<\/li>\n<li><strong>Fermeture<\/strong>: Cordon de serrage<\/li>\n<li><strong>Instructions d'entretien<\/strong>: Lavage \u00e0 la main recommand\u00e9, lavage en machine possible, s\u00e9chage \u00e0 plat.<\/li>\n<\/ul>\n<p><strong>Remarques : Pour les tissus en coton, il y aura un l\u00e9ger r\u00e9tr\u00e9cissement apr\u00e8s le lavage.<\/strong><\/p>","protected":false},"excerpt":{"rendered":"<p>Parfait pour les programmes de cadeaux avec achat et les cadeaux publicitaires, personnalisez votre logo sur le sac \u00e0 cordon en coton et d\u00e9veloppez la notori\u00e9t\u00e9 de votre marque.<\/p>","protected":false},"featured_media":1855,"comment_status":"open","ping_status":"closed","template":"","meta":{"_seopress_robots_primary_cat":"none","_seopress_titles_title":"","_seopress_titles_desc":"","_seopress_robots_index":""},"product_brand":[],"product_cat":[92,102,111],"product_tag":[],"class_list":{"0":"post-1854","1":"product","2":"type-product","3":"status-publish","4":"has-post-thumbnail","6":"product_cat-drawstring-bag","7":"product_cat-cotton-canvas-bag","8":"product_cat-promotional-events","10":"first","11":"instock","12":"taxable","13":"shipping-taxable","14":"product-type-simple"},"_links":{"self":[{"href":"https:\/\/avecobaggie.com\/fr\/wp-json\/wp\/v2\/product\/1854","targetHints":{"allow":["GET"]}}],"collection":[{"href":"https:\/\/avecobaggie.com\/fr\/wp-json\/wp\/v2\/product"}],"about":[{"href":"https:\/\/avecobaggie.com\/fr\/wp-json\/wp\/v2\/types\/product"}],"replies":[{"embeddable":true,"href":"https:\/\/avecobaggie.com\/fr\/wp-json\/wp\/v2\/comments?post=1854"}],"wp:featuredmedia":[{"embeddable":true,"href":"https:\/\/avecobaggie.com\/fr\/wp-json\/wp\/v2\/media\/1855"}],"wp:attachment":[{"href":"https:\/\/avecobaggie.com\/fr\/wp-json\/wp\/v2\/media?parent=1854"}],"wp:term":[{"taxonomy":"product_brand","embeddable":true,"href":"https:\/\/avecobaggie.com\/fr\/wp-json\/wp\/v2\/product_brand?post=1854"},{"taxonomy":"product_cat","embeddable":true,"href":"https:\/\/avecobaggie.com\/fr\/wp-json\/wp\/v2\/product_cat?post=1854"},{"taxonomy":"product_tag","embeddable":true,"href":"https:\/\/avecobaggie.com\/fr\/wp-json\/wp\/v2\/product_tag?post=1854"}],"curies":[{"name":"wp","href":"https:\/\/api.w.org\/{rel}","templated":true}]}}