{"id":1873,"date":"2021-03-03T17:07:29","date_gmt":"2021-03-03T09:07:29","guid":{"rendered":"https:\/\/avecobaggie.com\/?post_type=product&#038;p=1873"},"modified":"2021-03-30T11:02:44","modified_gmt":"2021-03-30T03:02:44","slug":"small-draw-string-sack-of-jewelry-and-joyful","status":"publish","type":"product","link":"https:\/\/avecobaggie.com\/fr\/produit\/small-draw-string-sack-of-jewelry-and-joyful\/","title":{"rendered":"Le cordon de sac en toile de jute en gros"},"content":{"rendered":"<p>Aveco fournit principalement des sacs \u00e9cologiques personnalis\u00e9s avec un service de solution \u00e0 guichet unique. Nos sacs sont durables, de haute qualit\u00e9 et abordables pour r\u00e9pondre \u00e0 diff\u00e9rents besoins. Tous les mat\u00e9riaux que nous utilisons sont respectueux de l'environnement, notamment le coton, la toile, le lin, le jute, le feutre, etc. Si vous cherchez \u00e0 fabriquer des sacs pour votre marque priv\u00e9e ou pour des \u00e9v\u00e9nements promotionnels, nous pouvons r\u00e9pondre \u00e0 vos besoins en vrac avec un MOQ assez bas et une livraison rapide.<\/p>\n<p>Le petit sac en toile de jute peut \u00eatre personnalis\u00e9 avec diff\u00e9rentes tailles, de la plus petite \u00e0 la plus grande, et si vous voulez un soufflet, c'est \u00e9galement possible. Il a de nombreuses occasions d'\u00eatre utilis\u00e9 comme sac \u00e0 caf\u00e9 en toile de jute, sac \u00e0 maquillage en toile de jute, sac \u00e0 argent, sac pour les bougies et ainsi de suite.<\/p>\n<p>Pour les sacs plus grands, il convient pour les cadeaux, les herbes et les l\u00e9gumes,<\/p>\n<h3 class=\"p1\"><span style=\"color: #333333;\">Caract\u00e9ristiques du produit pour le sac en toile de jute en gros<\/span><\/h3>\n<ul>\n<li><strong>Style du sac<\/strong>: Sac en toile de jute<\/li>\n<li><strong>Type de mat\u00e9riau<\/strong>: Jute<\/li>\n<li><strong>Mat\u00e9riau Poids<\/strong>: &#8212;<\/li>\n<li><strong>Couleur du mat\u00e9riau<\/strong>: Jute naturel<\/li>\n<li><strong>Taille du sac<\/strong>: 10X15CM\uff08 liste avec la taille populaire, nous acceptons les sacs de taille personnalis\u00e9e \uff09<\/li>\n<li><strong>Surface d'impression<\/strong>: 1 couleur | 2 couleurs | plus de couleurs| Impression compl\u00e8te, impression d'un c\u00f4t\u00e9 ou de deux c\u00f4t\u00e9s<\/li>\n<li><strong>Fermeture<\/strong>: Cordon de serrage<\/li>\n<li><strong>Instructions d'entretien<\/strong>: Lavage \u00e0 la main recommand\u00e9, lavage en machine possible, s\u00e9chage \u00e0 plat.<\/li>\n<\/ul>\n<p><strong>Remarques : Pour les tissus en coton, il y aura un l\u00e9ger r\u00e9tr\u00e9cissement apr\u00e8s le lavage.<\/strong><\/p>","protected":false},"excerpt":{"rendered":"<p>Parfait pour les programmes de cadeaux avec achat et les cadeaux publicitaires, personnalisez votre logo sur le sac \u00e0 cordon en coton et d\u00e9veloppez la notori\u00e9t\u00e9 de votre marque.<\/p>","protected":false},"featured_media":1874,"comment_status":"open","ping_status":"closed","template":"","meta":{"_seopress_robots_primary_cat":"none","_seopress_titles_title":"%%post_title%% - OEM - Aveco","_seopress_titles_desc":"Eco friendly Jute Material Burlap bag, with drawstring ,can print logo or pattern. Multiple Sizes.Get Custom Easily With MOQ 100pieces.Let&#039;s Work Now","_seopress_robots_index":""},"product_brand":[],"product_cat":[92,104,111],"product_tag":[],"class_list":{"0":"post-1873","1":"product","2":"type-product","3":"status-publish","4":"has-post-thumbnail","6":"product_cat-drawstring-bag","7":"product_cat-jute-burlap-bag","8":"product_cat-promotional-events","10":"first","11":"instock","12":"taxable","13":"shipping-taxable","14":"product-type-simple"},"_links":{"self":[{"href":"https:\/\/avecobaggie.com\/fr\/wp-json\/wp\/v2\/product\/1873","targetHints":{"allow":["GET"]}}],"collection":[{"href":"https:\/\/avecobaggie.com\/fr\/wp-json\/wp\/v2\/product"}],"about":[{"href":"https:\/\/avecobaggie.com\/fr\/wp-json\/wp\/v2\/types\/product"}],"replies":[{"embeddable":true,"href":"https:\/\/avecobaggie.com\/fr\/wp-json\/wp\/v2\/comments?post=1873"}],"wp:featuredmedia":[{"embeddable":true,"href":"https:\/\/avecobaggie.com\/fr\/wp-json\/wp\/v2\/media\/1874"}],"wp:attachment":[{"href":"https:\/\/avecobaggie.com\/fr\/wp-json\/wp\/v2\/media?parent=1873"}],"wp:term":[{"taxonomy":"product_brand","embeddable":true,"href":"https:\/\/avecobaggie.com\/fr\/wp-json\/wp\/v2\/product_brand?post=1873"},{"taxonomy":"product_cat","embeddable":true,"href":"https:\/\/avecobaggie.com\/fr\/wp-json\/wp\/v2\/product_cat?post=1873"},{"taxonomy":"product_tag","embeddable":true,"href":"https:\/\/avecobaggie.com\/fr\/wp-json\/wp\/v2\/product_tag?post=1873"}],"curies":[{"name":"wp","href":"https:\/\/api.w.org\/{rel}","templated":true}]}}