{"id":1879,"date":"2021-03-03T17:34:15","date_gmt":"2021-03-03T09:34:15","guid":{"rendered":"https:\/\/avecobaggie.com\/?post_type=product&#038;p=1879"},"modified":"2021-03-30T11:01:40","modified_gmt":"2021-03-30T03:01:40","slug":"customized-velvet-pouch","status":"publish","type":"product","link":"https:\/\/avecobaggie.com\/fr\/produit\/customized-velvet-pouch\/","title":{"rendered":"Pochette en velours personnalis\u00e9e de diff\u00e9rentes couleurs"},"content":{"rendered":"<p>Aveco fournit principalement des sacs \u00e9cologiques personnalis\u00e9s avec un service de solution \u00e0 guichet unique. Nous avons \u00e9galement quelques formes de base de sacs pour un d\u00e9marrage facile, comme indiqu\u00e9 sur le site Web de\u00a0\u00a0<a href=\"https:\/\/avecobaggie.com\/fr\/categorie-produit\/bags-in-stock\/\"> Sacs en stock <\/a>. la plupart des sacs en stock sont vierges de toute impression, ce qui vous permet d'apposer plus facilement un logo ou une \u00e9tiquette priv\u00e9e pour vos clients, sans minimum.<\/p>\n<p><span class=\"Apple-converted-space\">\u00a0 \u00a0 Si vous souhaitez personnaliser ces sacs \u00e9cologiques, c'est \u00e9galement facile, certains de ces sacs \u00e9tant m\u00eame dot\u00e9s d'un prix extr\u00eamement bas. <\/span>MOQ pour les surfaces personnalis\u00e9es. En particulier, les sacs en coton ou en toile sont extr\u00eamement bas, \u00e0 100 pi\u00e8ces ou m\u00eame moins, pour soutenir les d\u00e9butants. <a href=\"https:\/\/avecobaggie.com\/fr\/custom-solutions\/\"><strong>SOLUTIONS SUR MESURE<\/strong><\/a> pour en savoir plus sur les \u00e9tapes des sacs personnalis\u00e9s.<\/p>\n<h3 class=\"p1\"><span style=\"color: #333333;\">Product Features for the Various Color Customized Velvet Pouch<\/span><\/h3>\n<ul>\n<li><strong>Style du sac<\/strong>: Velvet Pouch<\/li>\n<li><strong>Type de mat\u00e9riau<\/strong>: velvet<\/li>\n<li><strong>Mat\u00e9riau Poids<\/strong>: &#8212;<\/li>\n<li><strong>Couleur du mat\u00e9riau<\/strong>: Red\/blue\/black\/brown\/custom<\/li>\n<li><strong>Taille du sac<\/strong>: 12X18CM\uff08 list with popular size, we accept customized size bag \uff09<\/li>\n<li><strong>Surface d'impression<\/strong>: 1 couleur | 2 couleurs | plus de couleurs| Impression compl\u00e8te, impression d'un c\u00f4t\u00e9 ou de deux c\u00f4t\u00e9s<\/li>\n<li><strong>Fermeture<\/strong>: Cordon de serrage<\/li>\n<li><strong>Instructions d'entretien<\/strong>: Lavage \u00e0 la main recommand\u00e9, lavage en machine possible, s\u00e9chage \u00e0 plat.<\/li>\n<\/ul>\n<p>&nbsp;<\/p>","protected":false},"excerpt":{"rendered":"<p>Perfect for gifts with purchase programs and giveaways,Get customized with your logo on the the drawstring velvet pouch and expand your brand awareness<\/p>","protected":false},"featured_media":1880,"comment_status":"open","ping_status":"closed","template":"","meta":{"_seopress_robots_primary_cat":"none","_seopress_titles_title":"China Bag Supplier | Customized Velvet Pouch | Low MOQ","_seopress_titles_desc":"Perfect for gifts with purchase programs and giveaways,Get customized with your logo on the the drawstring velvet pouch and expand your brand awareness","_seopress_robots_index":""},"product_brand":[],"product_cat":[92,103,111],"product_tag":[],"class_list":{"0":"post-1879","1":"product","2":"type-product","3":"status-publish","4":"has-post-thumbnail","6":"product_cat-drawstring-bag","7":"product_cat-other-fabric-bag","8":"product_cat-promotional-events","10":"first","11":"instock","12":"taxable","13":"shipping-taxable","14":"product-type-simple"},"_links":{"self":[{"href":"https:\/\/avecobaggie.com\/fr\/wp-json\/wp\/v2\/product\/1879","targetHints":{"allow":["GET"]}}],"collection":[{"href":"https:\/\/avecobaggie.com\/fr\/wp-json\/wp\/v2\/product"}],"about":[{"href":"https:\/\/avecobaggie.com\/fr\/wp-json\/wp\/v2\/types\/product"}],"replies":[{"embeddable":true,"href":"https:\/\/avecobaggie.com\/fr\/wp-json\/wp\/v2\/comments?post=1879"}],"wp:featuredmedia":[{"embeddable":true,"href":"https:\/\/avecobaggie.com\/fr\/wp-json\/wp\/v2\/media\/1880"}],"wp:attachment":[{"href":"https:\/\/avecobaggie.com\/fr\/wp-json\/wp\/v2\/media?parent=1879"}],"wp:term":[{"taxonomy":"product_brand","embeddable":true,"href":"https:\/\/avecobaggie.com\/fr\/wp-json\/wp\/v2\/product_brand?post=1879"},{"taxonomy":"product_cat","embeddable":true,"href":"https:\/\/avecobaggie.com\/fr\/wp-json\/wp\/v2\/product_cat?post=1879"},{"taxonomy":"product_tag","embeddable":true,"href":"https:\/\/avecobaggie.com\/fr\/wp-json\/wp\/v2\/product_tag?post=1879"}],"curies":[{"name":"wp","href":"https:\/\/api.w.org\/{rel}","templated":true}]}}