{"id":1898,"date":"2021-03-04T09:33:25","date_gmt":"2021-03-04T01:33:25","guid":{"rendered":"https:\/\/avecobaggie.com\/?post_type=product&#038;p=1898"},"modified":"2022-08-01T17:46:22","modified_gmt":"2022-08-01T09:46:22","slug":"custom-small-satin-gift-bag","status":"publish","type":"product","link":"https:\/\/avecobaggie.com\/fr\/produit\/custom-small-satin-gift-bag\/","title":{"rendered":"Petit sac cadeau en satin personnalis\u00e9"},"content":{"rendered":"<p>Aveco fournit principalement des sacs \u00e9cologiques personnalis\u00e9s avec un service de solution \u00e0 guichet unique. Nous avons \u00e9galement quelques formes de base de sacs pour un d\u00e9marrage facile, comme indiqu\u00e9 sur le site Web de\u00a0\u00a0<a href=\"https:\/\/avecobaggie.com\/fr\/categorie-produit\/bags-in-stock\/\"> Sacs en stock <\/a>. la plupart des sacs en stock sont vierges de toute impression, ce qui vous permet d'apposer plus facilement un logo ou une \u00e9tiquette priv\u00e9e pour vos clients, sans minimum.<\/p>\n<p><span class=\"Apple-converted-space\">\u00a0 \u00a0 Si vous souhaitez personnaliser ces sacs \u00e9cologiques, c'est \u00e9galement facile, certains de ces sacs \u00e9tant m\u00eame dot\u00e9s d'un prix extr\u00eamement bas. <\/span>MOQ pour les surfaces personnalis\u00e9es. En particulier, les sacs en coton ou en toile sont extr\u00eamement bas, \u00e0 100 pi\u00e8ces ou m\u00eame moins, pour soutenir les d\u00e9butants. <a href=\"https:\/\/avecobaggie.com\/fr\/custom-solutions\/\"><strong>SOLUTIONS SUR MESURE<\/strong><\/a> pour en savoir plus sur les \u00e9tapes des sacs personnalis\u00e9s.<\/p>\n<h3 class=\"p1\"><span style=\"color: #333333;\">\u00a0 \u00a0 Product Features for the Custom Small Satin Gift Bag<\/span><\/h3>\n<ul>\n<li><strong>Style du sac<\/strong>: Satin Gift Bag<\/li>\n<li><strong>Type de mat\u00e9riau<\/strong>: Satin,<span class=\"a-list-item\">Sturdy material keeps shape well, which prevent bags from deformation and getting wrinkled. Strong enough to hold heavier items<\/span><\/li>\n<li><strong>Couleur du mat\u00e9riau<\/strong>: Couleur<\/li>\n<li><strong>Taille du sac<\/strong>: 13X18CM\uff08 list with popular size, we accept customized size bag \uff09<\/li>\n<li><strong>Surface d'impression<\/strong>: 1 couleur | 2 couleurs | plus de couleurs| Impression compl\u00e8te, impression d'un c\u00f4t\u00e9 ou de deux c\u00f4t\u00e9s<\/li>\n<li><strong>Fermeture<\/strong>: Drawstring keeps your items safely stored and top quality double side stitching provide secure fit and long &#8211; lasting usage, <span class=\"a-list-item\">a good quality\u00a0 ribbon drawstring, make the bags easy to open and close, so it can help you to avoid object lost.<\/span><\/li>\n<li><strong>Instructions d'entretien<\/strong>: Lavage \u00e0 la main recommand\u00e9.<\/li>\n<li><strong>Wide Application:<\/strong><span class=\"a-list-item\">\u00a0The small satin gift bags are perfect for holidays, parties, baby showers, Halloween, Christmas, and any other special events. Good for packaging store gifts, jewelry, makeup bottle, candies, snacks, sachets favors, samples, gifts, soaps, cards, coins other slightly heavier items, etc.<\/span><\/li>\n<\/ul>","protected":false},"excerpt":{"rendered":"<p>Made of Smooth Quality Satin Fabric, Lightweight and Ultra Soft. Perfect for gifts with purchase programs and giveaways,Get customized with your logo on from the satin bag manufacturer and expand your brand.<\/p>","protected":false},"featured_media":1899,"comment_status":"open","ping_status":"closed","template":"","meta":{"_seopress_robots_primary_cat":"none","_seopress_titles_title":"Custom Small Satin Gift Bags - Free Sample - Fast Proofing","_seopress_titles_desc":"Smooth Satin Fabric, Lightweight and Ultra Soft.Perfect for promotional events. Get customized Now on small satin gift bags and expand your brand.","_seopress_robots_index":""},"product_brand":[],"product_cat":[92,103,109,111],"product_tag":[],"class_list":{"0":"post-1898","1":"product","2":"type-product","3":"status-publish","4":"has-post-thumbnail","6":"product_cat-drawstring-bag","7":"product_cat-other-fabric-bag","8":"product_cat-everyday","9":"product_cat-promotional-events","11":"first","12":"instock","13":"taxable","14":"shipping-taxable","15":"product-type-simple"},"_links":{"self":[{"href":"https:\/\/avecobaggie.com\/fr\/wp-json\/wp\/v2\/product\/1898","targetHints":{"allow":["GET"]}}],"collection":[{"href":"https:\/\/avecobaggie.com\/fr\/wp-json\/wp\/v2\/product"}],"about":[{"href":"https:\/\/avecobaggie.com\/fr\/wp-json\/wp\/v2\/types\/product"}],"replies":[{"embeddable":true,"href":"https:\/\/avecobaggie.com\/fr\/wp-json\/wp\/v2\/comments?post=1898"}],"wp:featuredmedia":[{"embeddable":true,"href":"https:\/\/avecobaggie.com\/fr\/wp-json\/wp\/v2\/media\/1899"}],"wp:attachment":[{"href":"https:\/\/avecobaggie.com\/fr\/wp-json\/wp\/v2\/media?parent=1898"}],"wp:term":[{"taxonomy":"product_brand","embeddable":true,"href":"https:\/\/avecobaggie.com\/fr\/wp-json\/wp\/v2\/product_brand?post=1898"},{"taxonomy":"product_cat","embeddable":true,"href":"https:\/\/avecobaggie.com\/fr\/wp-json\/wp\/v2\/product_cat?post=1898"},{"taxonomy":"product_tag","embeddable":true,"href":"https:\/\/avecobaggie.com\/fr\/wp-json\/wp\/v2\/product_tag?post=1898"}],"curies":[{"name":"wp","href":"https:\/\/api.w.org\/{rel}","templated":true}]}}