{"id":1916,"date":"2021-03-04T11:20:42","date_gmt":"2021-03-04T03:20:42","guid":{"rendered":"https:\/\/avecobaggie.com\/?post_type=product&#038;p=1916"},"modified":"2021-03-30T10:58:46","modified_gmt":"2021-03-30T02:58:46","slug":"drawstring-jute-wine-gift-bag-wholesale","status":"publish","type":"product","link":"https:\/\/avecobaggie.com\/fr\/produit\/drawstring-jute-wine-gift-bag-wholesale\/","title":{"rendered":"Sac \u00e0 cordon en jute pour cadeaux de vin Wholesale"},"content":{"rendered":"<p>Aveco fournit principalement des sacs \u00e9cologiques personnalis\u00e9s avec un service de solution \u00e0 guichet unique. Nos sacs sont durables, de haute qualit\u00e9 et abordables pour r\u00e9pondre \u00e0 diff\u00e9rents besoins. Tous les mat\u00e9riaux que nous utilisons sont respectueux de l'environnement, notamment le coton, la toile, le lin, le jute, le feutre, etc. Si vous cherchez \u00e0 fabriquer des sacs pour votre marque priv\u00e9e ou pour des \u00e9v\u00e9nements promotionnels, nous pouvons r\u00e9pondre \u00e0 vos besoins en vrac avec un MOQ assez bas et une livraison rapide.<\/p>\n<h3 class=\"p1\"><span style=\"color: #333333;\">\u00a0Caract\u00e9ristiques du produit Sac \u00e0 vin en jute avec cordon de serrage<\/span><\/h3>\n<ul>\n<li><strong>Style du sac<\/strong>: Sac cadeau pour le vin<\/li>\n<li><strong>Type de mat\u00e9riau<\/strong>: Jute,<span class=\"a-list-item\">Tissu lavable et r\u00e9utilisable - Les sacs \u00e0 vin en jute sont fabriqu\u00e9s \u00e0 partir de fibres de jute naturelles m\u00e9lang\u00e9es \u00e0 du polyester, ils ne perdent pas de fibres comme la toile de jute rustique et sont lavables, plus durables et adorables, vintage et \u00e9l\u00e9gants.<\/span><\/li>\n<li><strong>Couleur du mat\u00e9riau<\/strong>: Jute naturel,<span class=\"a-list-item\">Couleur marron en toile de jute pour offrir tout au long de l'ann\u00e9e - Les sacs \u00e0 vin en toile de jute sont de couleur marron, ils rendent n'importe quelle bouteille de vin plus jolie, et ont un bel effet de blocage de la lumi\u00e8re pour votre vin ; id\u00e9al pour pr\u00e9senter des cadeaux de vin, des f\u00eates de d\u00e9gustation \u00e0 l'aveugle, des d\u00e9corations de vin, etc.<\/span><\/li>\n<li><strong>Taille du sac<\/strong>:14\u2033 x 6 1\/4\u2033 \/ 35.5cm x 16cm, convient \u00e0 la plupart des bouteilles de vin standard de 750ml \/ 25.3oz et aux bouteilles de champagne, et les sacs peuvent \u00eatre d\u00e9cor\u00e9s avec du vinyle HTV, une fa\u00e7on tr\u00e8s classe de pr\u00e9senter un cadeau de vin.<\/li>\n<li><strong>Surface d'impression<\/strong>: 1 couleur | 2 couleurs | plus de couleurs| Impression compl\u00e8te, impression d'un c\u00f4t\u00e9 ou de deux c\u00f4t\u00e9s<\/li>\n<li><strong>Fermeture<\/strong>: Cordon de serrage,<span class=\"a-list-item\">Facile \u00e0 ouvrir et \u00e0 fermer - Les sacs cadeaux en toile de jute avec cordon de serrage sont plus faciles \u00e0 fermer et \u00e0 ouvrir. C'est une fa\u00e7on unique d'emballer du vin, de la bi\u00e8re, de la liqueur ou tout autre cadeau long ou haut de la taille d'une bouteille.<\/span><\/li>\n<li><strong>Instructions d'entretien<\/strong>: Lavage \u00e0 la main recommand\u00e9.<br \/>\n<span class=\"a-list-item\">Sacs en toile de jute pour bouteilles de verre - Ces sacs en toile pour bouteilles de vin habillent joliment les bouteilles d'alcool tout en les prot\u00e9geant de la poussi\u00e8re. Ils sont parfaits pour la d\u00e9coration de f\u00eates, l'emballage de cadeaux de vin, la d\u00e9gustation de vin, les d\u00e9corations de vacances comme No\u00ebl, etc.<\/span><\/li>\n<\/ul>","protected":false},"excerpt":{"rendered":"<p>Le stockage est pratique et simple, facile \u00e0 transporter. D\u00e9corations de vin parfaites pour les voyages, les mariages, les anniversaires, les pendaisons de cr\u00e9maill\u00e8re et les d\u00eeners.<\/p>","protected":false},"featured_media":1917,"comment_status":"open","ping_status":"closed","template":"","meta":{"_seopress_robots_primary_cat":"none","_seopress_titles_title":"Drawstring Jute Wine Gift Bag Wholesale - Free Sample","_seopress_titles_desc":"Washable Reusable Fabric,Brown Jute Color for Year Round Giving,Easy To Open And Close Nicely,Size and Logo Can be easily Customized.","_seopress_robots_index":""},"product_brand":[],"product_cat":[92,104,109],"product_tag":[124],"class_list":{"0":"post-1916","1":"product","2":"type-product","3":"status-publish","4":"has-post-thumbnail","6":"product_cat-drawstring-bag","7":"product_cat-jute-burlap-bag","8":"product_cat-everyday","9":"product_tag-wine-bag","11":"first","12":"instock","13":"taxable","14":"shipping-taxable","15":"product-type-simple"},"_links":{"self":[{"href":"https:\/\/avecobaggie.com\/fr\/wp-json\/wp\/v2\/product\/1916","targetHints":{"allow":["GET"]}}],"collection":[{"href":"https:\/\/avecobaggie.com\/fr\/wp-json\/wp\/v2\/product"}],"about":[{"href":"https:\/\/avecobaggie.com\/fr\/wp-json\/wp\/v2\/types\/product"}],"replies":[{"embeddable":true,"href":"https:\/\/avecobaggie.com\/fr\/wp-json\/wp\/v2\/comments?post=1916"}],"wp:featuredmedia":[{"embeddable":true,"href":"https:\/\/avecobaggie.com\/fr\/wp-json\/wp\/v2\/media\/1917"}],"wp:attachment":[{"href":"https:\/\/avecobaggie.com\/fr\/wp-json\/wp\/v2\/media?parent=1916"}],"wp:term":[{"taxonomy":"product_brand","embeddable":true,"href":"https:\/\/avecobaggie.com\/fr\/wp-json\/wp\/v2\/product_brand?post=1916"},{"taxonomy":"product_cat","embeddable":true,"href":"https:\/\/avecobaggie.com\/fr\/wp-json\/wp\/v2\/product_cat?post=1916"},{"taxonomy":"product_tag","embeddable":true,"href":"https:\/\/avecobaggie.com\/fr\/wp-json\/wp\/v2\/product_tag?post=1916"}],"curies":[{"name":"wp","href":"https:\/\/api.w.org\/{rel}","templated":true}]}}