{"id":1941,"date":"2021-03-04T14:36:27","date_gmt":"2021-03-04T06:36:27","guid":{"rendered":"https:\/\/avecobaggie.com\/?post_type=product&#038;p=1941"},"modified":"2021-03-30T10:57:16","modified_gmt":"2021-03-30T02:57:16","slug":"canvas-2-bottles-wine-totes","status":"publish","type":"product","link":"https:\/\/avecobaggie.com\/fr\/produit\/canvas-2-bottles-wine-totes\/","title":{"rendered":"Fourre-tout en toile pour le vin \u00e0 2 bouteilles"},"content":{"rendered":"<p>Aveco fournit principalement des sacs \u00e9cologiques personnalis\u00e9s avec un service de solution \u00e0 guichet unique. Nos sacs sont durables, de haute qualit\u00e9 et abordables pour r\u00e9pondre \u00e0 diff\u00e9rents besoins. Tous les mat\u00e9riaux que nous utilisons sont respectueux de l'environnement, notamment le coton, la toile, le lin, le jute, le feutre, etc. Si vous cherchez \u00e0 fabriquer des sacs pour votre marque priv\u00e9e ou pour des \u00e9v\u00e9nements promotionnels, nous pouvons r\u00e9pondre \u00e0 vos besoins en vrac avec un MOQ assez bas et une livraison rapide.<\/p>\n<p>CARACT\u00c9RISTIQUES DU PRODUIT<\/p>\n<ul>\n<li><strong>Style du sac<\/strong>: Heavy duty Wine Tote Bag<\/li>\n<li><strong>Type de mat\u00e9riau<\/strong>: Cotton Canvas ,other material can customize<\/li>\n<li><strong>Mat\u00e9riau Poids<\/strong>: Listed 16oz, can also custom 6oz\/174GSM, 8oz\/232GSM, Other-please specify below<\/li>\n<li><strong>Couleur du mat\u00e9riau<\/strong>: Splicing White with Other color<\/li>\n<li><strong>Taille du sac<\/strong>: 18X32X10CM\uff08\u00a0 We accept customized size bag \uff09<\/li>\n<li><strong>Surface d'impression<\/strong>: 1 couleur | 2 couleurs | plus de couleurs| Impression compl\u00e8te, impression d'un c\u00f4t\u00e9 ou de deux c\u00f4t\u00e9s<\/li>\n<li><strong>Fermeture<\/strong>: Ouvrir<\/li>\n<li><strong>Avantage :<\/strong> 1.A great alternative to ordinary gift boxes and carrying around bottled beverages,2.Perfect for <span class=\"a-list-item\">Gifting fancy bottled wine and alcohol to friends and family for weddings, birthdays, anniversaries, housewarming parties, celebrations, and dinner parties; Use for retail, shops, and supermarkets<\/span><\/li>\n<li><strong>Instructions d'entretien<\/strong>: Lavage \u00e0 la main recommand\u00e9, lavage en machine possible, s\u00e9chage \u00e0 plat.<\/li>\n<\/ul>\n<p><strong>Remarques : Pour les tissus en coton, il y aura un l\u00e9ger r\u00e9tr\u00e9cissement apr\u00e8s le lavage.<\/strong><\/p>","protected":false},"excerpt":{"rendered":"<p>Made of quality cotton that can be reliably re-used, time and time again.Convenient and simple storage, easy to carry, can be used for packaging wine, and other beverages.<\/p>","protected":false},"featured_media":1942,"comment_status":"open","ping_status":"closed","template":"","meta":{"_seopress_robots_primary_cat":"none","_seopress_titles_title":"","_seopress_titles_desc":"","_seopress_robots_index":""},"product_brand":[],"product_cat":[29,102,109],"product_tag":[],"class_list":{"0":"post-1941","1":"product","2":"type-product","3":"status-publish","4":"has-post-thumbnail","6":"product_cat-tote-bag","7":"product_cat-cotton-canvas-bag","8":"product_cat-everyday","10":"first","11":"instock","12":"taxable","13":"shipping-taxable","14":"product-type-simple"},"_links":{"self":[{"href":"https:\/\/avecobaggie.com\/fr\/wp-json\/wp\/v2\/product\/1941","targetHints":{"allow":["GET"]}}],"collection":[{"href":"https:\/\/avecobaggie.com\/fr\/wp-json\/wp\/v2\/product"}],"about":[{"href":"https:\/\/avecobaggie.com\/fr\/wp-json\/wp\/v2\/types\/product"}],"replies":[{"embeddable":true,"href":"https:\/\/avecobaggie.com\/fr\/wp-json\/wp\/v2\/comments?post=1941"}],"wp:featuredmedia":[{"embeddable":true,"href":"https:\/\/avecobaggie.com\/fr\/wp-json\/wp\/v2\/media\/1942"}],"wp:attachment":[{"href":"https:\/\/avecobaggie.com\/fr\/wp-json\/wp\/v2\/media?parent=1941"}],"wp:term":[{"taxonomy":"product_brand","embeddable":true,"href":"https:\/\/avecobaggie.com\/fr\/wp-json\/wp\/v2\/product_brand?post=1941"},{"taxonomy":"product_cat","embeddable":true,"href":"https:\/\/avecobaggie.com\/fr\/wp-json\/wp\/v2\/product_cat?post=1941"},{"taxonomy":"product_tag","embeddable":true,"href":"https:\/\/avecobaggie.com\/fr\/wp-json\/wp\/v2\/product_tag?post=1941"}],"curies":[{"name":"wp","href":"https:\/\/api.w.org\/{rel}","templated":true}]}}