{"id":1962,"date":"2021-03-04T15:57:56","date_gmt":"2021-03-04T07:57:56","guid":{"rendered":"https:\/\/avecobaggie.com\/?post_type=product&#038;p=1962"},"modified":"2021-03-30T10:55:45","modified_gmt":"2021-03-30T02:55:45","slug":"non-woven-drawstring-shoes-bag","status":"publish","type":"product","link":"https:\/\/avecobaggie.com\/fr\/produit\/non-woven-drawstring-shoes-bag\/","title":{"rendered":"sac \u00e0 chaussures \u00e0 cordon non tiss\u00e9"},"content":{"rendered":"<p>Aveco fournit principalement des sacs \u00e9cologiques personnalis\u00e9s avec un service de solution \u00e0 guichet unique. Nos sacs sont durables, de haute qualit\u00e9 et abordables pour r\u00e9pondre \u00e0 diff\u00e9rents besoins. Tous les mat\u00e9riaux que nous utilisons sont respectueux de l'environnement, notamment le coton, la toile, le lin, le jute, le feutre, etc. Si vous cherchez \u00e0 fabriquer des sacs pour votre marque priv\u00e9e ou pour des \u00e9v\u00e9nements promotionnels, nous pouvons r\u00e9pondre \u00e0 vos besoins en vrac avec un MOQ assez bas et une livraison rapide.<\/p>\n<p>The listed dust free shoe bag is Made from high quality non-woven fabric with thick drawstring for convenient organization.<\/p>\n<p>CARACT\u00c9RISTIQUES DU PRODUIT<\/p>\n<ul>\n<li><strong>Style du sac<\/strong>: Sac \u00e0 cordon<\/li>\n<li><strong>Type de mat\u00e9riau<\/strong>: Non woven + polyester clear window<\/li>\n<li><strong>Mat\u00e9riau Poids<\/strong>: 70g<\/li>\n<li><strong>Couleur du mat\u00e9riau<\/strong>: suggested black color, can also be rose, blue and other customized color<\/li>\n<li><strong>Taille du sac<\/strong>: 28X38CM\uff08 can customized size with your request\uff09<\/li>\n<li><strong>Surface d'impression<\/strong>: 1 couleur | 2 couleurs | plus de couleurs| Impression compl\u00e8te, impression d'un c\u00f4t\u00e9 ou de deux c\u00f4t\u00e9s<\/li>\n<li><strong>advantage<\/strong>: 1.Translucent clear Window Design, it will help you easier to identify which pair of shoes in it, save your time. Convenient for travel and life.2.The travel shoe bags has no smell, stain resistant, breathable, foldable, lightweight and portable, convenient to use.<\/li>\n<li><strong>MULTI -FUNCTION<\/strong>: Not just a shoe bag, also can be used as makeup bag, shoe accessories, traveling bags, toiletry bag, packing bags, gym accessories, laundry bags travel,,show bags, sport bags, drawstring Christmas gift bags and for other uses.<\/li>\n<li><strong>Instructions d'entretien<\/strong>: Lavage \u00e0 la main recommand\u00e9, lavage en machine possible, s\u00e9chage \u00e0 plat.<\/li>\n<\/ul>","protected":false},"excerpt":{"rendered":"<p>Protects your shoes against scuffs and scraps when storing in suite case, keeps well organized and dust free in the closet. Good design for home and travel use.<\/p>","protected":false},"featured_media":2179,"comment_status":"open","ping_status":"closed","template":"","meta":{"_seopress_robots_primary_cat":"none","_seopress_titles_title":"%%post_title%% %%sep%% %%sitetitle%%","_seopress_titles_desc":"","_seopress_robots_index":""},"product_brand":[],"product_cat":[92,105,110],"product_tag":[],"class_list":{"0":"post-1962","1":"product","2":"type-product","3":"status-publish","4":"has-post-thumbnail","6":"product_cat-drawstring-bag","7":"product_cat-non-woven-bag","8":"product_cat-travel","10":"first","11":"instock","12":"taxable","13":"shipping-taxable","14":"product-type-simple"},"_links":{"self":[{"href":"https:\/\/avecobaggie.com\/fr\/wp-json\/wp\/v2\/product\/1962","targetHints":{"allow":["GET"]}}],"collection":[{"href":"https:\/\/avecobaggie.com\/fr\/wp-json\/wp\/v2\/product"}],"about":[{"href":"https:\/\/avecobaggie.com\/fr\/wp-json\/wp\/v2\/types\/product"}],"replies":[{"embeddable":true,"href":"https:\/\/avecobaggie.com\/fr\/wp-json\/wp\/v2\/comments?post=1962"}],"wp:featuredmedia":[{"embeddable":true,"href":"https:\/\/avecobaggie.com\/fr\/wp-json\/wp\/v2\/media\/2179"}],"wp:attachment":[{"href":"https:\/\/avecobaggie.com\/fr\/wp-json\/wp\/v2\/media?parent=1962"}],"wp:term":[{"taxonomy":"product_brand","embeddable":true,"href":"https:\/\/avecobaggie.com\/fr\/wp-json\/wp\/v2\/product_brand?post=1962"},{"taxonomy":"product_cat","embeddable":true,"href":"https:\/\/avecobaggie.com\/fr\/wp-json\/wp\/v2\/product_cat?post=1962"},{"taxonomy":"product_tag","embeddable":true,"href":"https:\/\/avecobaggie.com\/fr\/wp-json\/wp\/v2\/product_tag?post=1962"}],"curies":[{"name":"wp","href":"https:\/\/api.w.org\/{rel}","templated":true}]}}