{"id":1978,"date":"2021-03-04T17:17:16","date_gmt":"2021-03-04T09:17:16","guid":{"rendered":"https:\/\/avecobaggie.com\/?post_type=product&#038;p=1978"},"modified":"2021-03-30T10:52:37","modified_gmt":"2021-03-30T02:52:37","slug":"black-waterproof-oxford-sports-backpack","status":"publish","type":"product","link":"https:\/\/avecobaggie.com\/fr\/produit\/black-waterproof-oxford-sports-backpack\/","title":{"rendered":"Sac \u00e0 dos de sport Oxford imperm\u00e9able noir"},"content":{"rendered":"<p>Aveco fournit principalement des sacs \u00e9cologiques personnalis\u00e9s avec un service de solution \u00e0 guichet unique. Nous avons \u00e9galement quelques formes de base de sacs pour un d\u00e9marrage facile, comme indiqu\u00e9 sur le site Web de\u00a0\u00a0<a href=\"https:\/\/avecobaggie.com\/fr\/categorie-produit\/bags-in-stock\/\"> Sacs en stock <\/a>. la plupart des sacs en stock sont vierges de toute impression, ce qui vous permet d'apposer plus facilement un logo ou une \u00e9tiquette priv\u00e9e pour vos clients, sans minimum.<\/p>\n<p><span class=\"Apple-converted-space\">\u00a0 \u00a0Si vous souhaitez personnaliser ces sacs \u00e9cologiques, c'est \u00e9galement facile, certains de ces sacs \u00e9tant m\u00eame dot\u00e9s d'un prix extr\u00eamement bas. <\/span>MOQ pour les surfaces personnalis\u00e9es. En particulier, les sacs en coton ou en toile sont extr\u00eamement bas, \u00e0 100 pi\u00e8ces ou m\u00eame moins, pour soutenir les d\u00e9butants. <a href=\"https:\/\/avecobaggie.com\/fr\/custom-solutions\/\"><strong>SOLUTIONS SUR MESURE<\/strong><\/a> pour en savoir plus sur les \u00e9tapes des sacs personnalis\u00e9s.<\/p>\n<h3 class=\"p1\"><span style=\"color: #333333;\">Caract\u00e9ristiques du produit Sac \u00e0 dos de sport Oxford imperm\u00e9able<\/span><\/h3>\n<ul>\n<li><strong>Style du sac<\/strong>: Sac \u00e0 dos \u00e0 cordon de serrage<\/li>\n<li><strong>Type de mat\u00e9riau<\/strong>: Oxford 260D <span class=\"a-list-item\">avec coins renforc\u00e9s en cuir PU<\/span><\/li>\n<li><strong>Couleur du mat\u00e9riau<\/strong>: Bleu, rose, noir ou couleur personnalis\u00e9e.<\/li>\n<li><strong>Taille du sac<\/strong>: 34X39CM\uff08 liste avec la taille populaire, nous acceptons les sacs de taille personnalis\u00e9e \uff09<\/li>\n<li><strong>Surface d'impression<\/strong>Impression : vierge, 1 couleur, 2 couleurs, plus de couleurs, impression compl\u00e8te, impression d'un c\u00f4t\u00e9 ou de deux c\u00f4t\u00e9s.<\/li>\n<li><strong>Fermeture<\/strong>: Cordon de serrage<\/li>\n<li><strong>Instructions d'entretien<\/strong>: Lavage \u00e0 la main recommand\u00e9, lavage en machine possible, s\u00e9chage \u00e0 plat.<\/li>\n<li><span class=\"a-list-item\">Belle et durable<\/span><\/li>\n<li><span class=\"a-list-item\">Facile \u00e0 utiliser : tirez la ficelle pour fermer le sac, c'est s\u00fbr et pratique.<\/span><\/li>\n<li><span class=\"a-list-item\">Nombreuses applications : ce type de sac est tr\u00e8s utile dans notre vie quotidienne, il convient au gymnase, \u00e0 l'\u00e9cole, aux enfants, au sac \u00e0 dos \u00e0 cordon, au sac de sieste, au sac \u00e0 v\u00eatements, \u00e0 l'athl\u00e9tisme, aux voyages, etc.<\/span><\/li>\n<li><span class=\"a-list-item\"><img fetchpriority=\"high\" class=\"wp-image-2165 alignleft\" src=\"https:\/\/avecobaggie.com\/wp-content\/uploads\/2021\/03\/gym-backpack-300x186.jpg\" alt=\"\" width=\"867\" height=\"538\" srcset=\"https:\/\/avecobaggie.com\/wp-content\/uploads\/2021\/03\/gym-backpack-300x186.jpg 300w, https:\/\/avecobaggie.com\/wp-content\/uploads\/2021\/03\/gym-backpack-600x372.jpg 600w, https:\/\/avecobaggie.com\/wp-content\/uploads\/2021\/03\/gym-backpack-768x476.jpg 768w, https:\/\/avecobaggie.com\/wp-content\/uploads\/2021\/03\/gym-backpack.jpg 976w\" sizes=\"(max-width: 867px) 100vw, 867px\" \/><\/span><\/li>\n<\/ul>\n<p>&nbsp;<\/p>","protected":false},"excerpt":{"rendered":"<p><span class=\"a-list-item\">Conception avec cordon de serrage, 2 sangles de chaque c\u00f4t\u00e9, l\u00e9ger et facile \u00e0 transporter,<\/span><span class=\"a-list-item\">Parfait pour la gym, les voyages, la randonn\u00e9e, le camping, les camps d'\u00e9t\u00e9 et d'autres activit\u00e9s de plein air.<\/span><\/p>","protected":false},"featured_media":1992,"comment_status":"open","ping_status":"closed","template":"","meta":{"_seopress_robots_primary_cat":"none","_seopress_titles_title":"%%post_title%% %%sep%% Low MOQ %%sep%% Fast Ship","_seopress_titles_desc":"","_seopress_robots_index":""},"product_brand":[],"product_cat":[98,106,112,110,111],"product_tag":[],"class_list":{"0":"post-1978","1":"product","2":"type-product","3":"status-publish","4":"has-post-thumbnail","6":"product_cat-backpack-bag","7":"product_cat-oxford-bag","8":"product_cat-sports","9":"product_cat-travel","10":"product_cat-promotional-events","12":"first","13":"instock","14":"taxable","15":"shipping-taxable","16":"product-type-simple"},"_links":{"self":[{"href":"https:\/\/avecobaggie.com\/fr\/wp-json\/wp\/v2\/product\/1978","targetHints":{"allow":["GET"]}}],"collection":[{"href":"https:\/\/avecobaggie.com\/fr\/wp-json\/wp\/v2\/product"}],"about":[{"href":"https:\/\/avecobaggie.com\/fr\/wp-json\/wp\/v2\/types\/product"}],"replies":[{"embeddable":true,"href":"https:\/\/avecobaggie.com\/fr\/wp-json\/wp\/v2\/comments?post=1978"}],"wp:featuredmedia":[{"embeddable":true,"href":"https:\/\/avecobaggie.com\/fr\/wp-json\/wp\/v2\/media\/1992"}],"wp:attachment":[{"href":"https:\/\/avecobaggie.com\/fr\/wp-json\/wp\/v2\/media?parent=1978"}],"wp:term":[{"taxonomy":"product_brand","embeddable":true,"href":"https:\/\/avecobaggie.com\/fr\/wp-json\/wp\/v2\/product_brand?post=1978"},{"taxonomy":"product_cat","embeddable":true,"href":"https:\/\/avecobaggie.com\/fr\/wp-json\/wp\/v2\/product_cat?post=1978"},{"taxonomy":"product_tag","embeddable":true,"href":"https:\/\/avecobaggie.com\/fr\/wp-json\/wp\/v2\/product_tag?post=1978"}],"curies":[{"name":"wp","href":"https:\/\/api.w.org\/{rel}","templated":true}]}}