{"id":2001,"date":"2021-03-05T10:43:16","date_gmt":"2021-03-05T02:43:16","guid":{"rendered":"https:\/\/avecobaggie.com\/?post_type=product&#038;p=2001"},"modified":"2022-08-19T11:29:16","modified_gmt":"2022-08-19T03:29:16","slug":"drawstring-calico-bag-wholesale","status":"publish","type":"product","link":"https:\/\/avecobaggie.com\/fr\/produit\/drawstring-calico-bag-wholesale\/","title":{"rendered":"Sac \u00e0 cordon Calico Wholesale"},"content":{"rendered":"<p>Aveco fournit principalement des sacs \u00e9cologiques personnalis\u00e9s avec un service de solution \u00e0 guichet unique. Nous avons \u00e9galement quelques formes de base de sacs pour un d\u00e9marrage facile, comme indiqu\u00e9 sur le site Web de\u00a0\u00a0<a href=\"https:\/\/avecobaggie.com\/fr\/categorie-produit\/bags-in-stock\/\"> Sacs en stock <\/a>. la plupart des sacs en stock sont vierges de toute impression, ce qui vous permet d'apposer plus facilement un logo ou une \u00e9tiquette priv\u00e9e pour vos clients, sans minimum.<\/p>\n<p><span class=\"Apple-converted-space\">Si vous souhaitez personnaliser ces sacs \u00e9cologiques, c'est \u00e9galement facile, certains de ces sacs \u00e9tant m\u00eame dot\u00e9s d'un prix extr\u00eamement bas. <\/span>MOQ pour les surfaces personnalis\u00e9es. En particulier, les sacs en coton ou en toile sont extr\u00eamement bas, \u00e0 100 pi\u00e8ces ou m\u00eame moins, pour soutenir les d\u00e9butants. <a href=\"https:\/\/avecobaggie.com\/fr\/custom-solutions\/\"><strong>SOLUTIONS SUR MESURE<\/strong><\/a> pour en savoir plus sur les \u00e9tapes des sacs personnalis\u00e9s.<\/p>\n<p>Les sacs calicot \u00e0 cordon sont en stock pour \u00eatre livr\u00e9s rapidement et vous permettre de commencer plus facilement. Ils sont fabriqu\u00e9s \u00e0 partir de coton naturel, durable et non trait\u00e9, avec du polyester qui les rend plus robustes et durables. Les plus petits sont destin\u00e9s aux bijoux, aux herbes ou aux en-cas, les moyens aux haricots, aux cosm\u00e9tiques et aux articles de voyage. Les plus grands sont destin\u00e9s aux fruits et l\u00e9gumes, aux bougies, aux cadeaux votifs, aux chaussures, aux s\u00e8che-cheveux et \u00e0 bien d'autres choses encore.<\/p>\n<h3 class=\"p1\"><span style=\"color: #333333;\">Caract\u00e9ristiques du produit pour le sac \u00e0 cordon Calico Wholesale<\/span><\/h3>\n<ul>\n<li><strong>Style du sac<\/strong>: Sac \u00e0 cordon<\/li>\n<li><strong>Type de mat\u00e9riau<\/strong>: Toile<\/li>\n<li><strong>Mat\u00e9riau Poids<\/strong>Dur\u00e9e de vie : 8oz\/232GSM<\/li>\n<li><strong>Couleur du mat\u00e9riau<\/strong>: Blanc<\/li>\n<li><strong>Taille du sac<\/strong>: 12X15CM|17X25CM|20X30CM|30X40CM|40X50CM|58X76CM<\/li>\n<li><strong>Surface d'impression<\/strong>: couleur unie sans impression<\/li>\n<li><strong>Fermeture<\/strong>: Cordon de serrage<\/li>\n<li><strong>Instructions d'entretien<\/strong>: Lavage \u00e0 la main recommand\u00e9, lavage en machine possible, s\u00e9chage \u00e0 plat.<\/li>\n<\/ul>\n<p><strong>Remarques : Pour les tissus en coton, il y aura un l\u00e9ger r\u00e9tr\u00e9cissement apr\u00e8s le lavage.<\/strong><\/p>","protected":false},"excerpt":{"rendered":"<p>Les plus petits pour les bijoux, les herbes ou les snacks, les moyens pour les haricots, les cosm\u00e9tiques, les articles de voyage. Les plus grands sont destin\u00e9s aux fruits et l\u00e9gumes, aux bougies, aux cadeaux votifs, aux chaussures, aux s\u00e8che-cheveux, etc.<\/p>","protected":false},"featured_media":2004,"comment_status":"open","ping_status":"closed","template":"","meta":{"_seopress_robots_primary_cat":"none","_seopress_titles_title":"%%post_title%%  %%sep%% Fast Deliver in 3 Days","_seopress_titles_desc":"Multiple sizes in stock to suit all needs.8oz canvas make it durable. Get stocks fast or Custom drawstring calico bag to expand your business Now","_seopress_robots_index":""},"product_brand":[],"product_cat":[113],"product_tag":[],"class_list":{"0":"post-2001","1":"product","2":"type-product","3":"status-publish","4":"has-post-thumbnail","6":"product_cat-bags-in-stock","8":"first","9":"instock","10":"taxable","11":"shipping-taxable","12":"product-type-simple"},"_links":{"self":[{"href":"https:\/\/avecobaggie.com\/fr\/wp-json\/wp\/v2\/product\/2001","targetHints":{"allow":["GET"]}}],"collection":[{"href":"https:\/\/avecobaggie.com\/fr\/wp-json\/wp\/v2\/product"}],"about":[{"href":"https:\/\/avecobaggie.com\/fr\/wp-json\/wp\/v2\/types\/product"}],"replies":[{"embeddable":true,"href":"https:\/\/avecobaggie.com\/fr\/wp-json\/wp\/v2\/comments?post=2001"}],"wp:featuredmedia":[{"embeddable":true,"href":"https:\/\/avecobaggie.com\/fr\/wp-json\/wp\/v2\/media\/2004"}],"wp:attachment":[{"href":"https:\/\/avecobaggie.com\/fr\/wp-json\/wp\/v2\/media?parent=2001"}],"wp:term":[{"taxonomy":"product_brand","embeddable":true,"href":"https:\/\/avecobaggie.com\/fr\/wp-json\/wp\/v2\/product_brand?post=2001"},{"taxonomy":"product_cat","embeddable":true,"href":"https:\/\/avecobaggie.com\/fr\/wp-json\/wp\/v2\/product_cat?post=2001"},{"taxonomy":"product_tag","embeddable":true,"href":"https:\/\/avecobaggie.com\/fr\/wp-json\/wp\/v2\/product_tag?post=2001"}],"curies":[{"name":"wp","href":"https:\/\/api.w.org\/{rel}","templated":true}]}}