{"id":2098,"date":"2021-03-08T09:34:49","date_gmt":"2021-03-08T01:34:49","guid":{"rendered":"https:\/\/avecobaggie.com\/?post_type=product&#038;p=2098"},"modified":"2025-10-13T13:40:56","modified_gmt":"2025-10-13T05:40:56","slug":"blank-canvas-tote-bag-wholesale","status":"publish","type":"product","link":"https:\/\/avecobaggie.com\/fr\/produit\/blank-canvas-tote-bag-wholesale\/","title":{"rendered":"Sac de toile vierge en gros"},"content":{"rendered":"<p>Aveco fournit principalement des sacs \u00e9cologiques personnalis\u00e9s avec un service de solution \u00e0 guichet unique. Nous avons \u00e9galement quelques formes de base de sacs pour un d\u00e9marrage facile, comme indiqu\u00e9 sur le site Web de\u00a0\u00a0<a href=\"https:\/\/avecobaggie.com\/fr\/categorie-produit\/bags-in-stock\/\"> Sacs en stock <\/a>. la plupart des sacs en stock sont vierges de toute impression, il est donc plus facile pour vous d'apposer un logo ou une \u00e9tiquette priv\u00e9e pour vos clients sans minimum.<\/p>\n<p>Nous avons \u00e9galement des sacs en toile de forme standard sans impression pour les grossistes. Les sacs sont en stock et peuvent \u00eatre exp\u00e9di\u00e9s sous 3 jours.<\/p>\n<p>Tous les mat\u00e9riaux que nous utilisons sont respectueux de l'environnement, notamment le coton, la toile, le lin, le jute, le feutre, etc. Si vous cherchez \u00e0 fabriquer des sacs pour votre marque de distributeur ou pour des \u00e9v\u00e9nements promotionnels, nous pouvons r\u00e9pondre \u00e0 vos besoins en vrac avec un MOQ assez bas et une livraison rapide :<a href=\"https:\/\/avecobaggie.com\/fr\/categorie-produit\/by-style\/tote-bag\/\"><em><strong>Sacs fourre-tout personnalis\u00e9s<\/strong><\/em><\/a><\/p>\n<h3 class=\"p1\"><span style=\"color: #333333;\">Caract\u00e9ristiques du produit pour le fourre-tout en toile vierge en gros<\/span><\/h3>\n<ul>\n<li><strong>Style du sac<\/strong>: Fourre-tout<\/li>\n<li><strong>Type de mat\u00e9riau<\/strong>: Toile (65% polyester, 35% coton), \u00e9paisse et durable, elle ne r\u00e9tr\u00e9cit pas facilement au lavage.<\/li>\n<li><strong>Mat\u00e9riau Poids<\/strong>Tissu : 8 oz\/250GSM<\/li>\n<li><strong>Couleur du mat\u00e9riau<\/strong>: Blanc<\/li>\n<li><strong>Taille du sac<\/strong>DIMENSIONS : 21X26CM| 30X37CM| 35X40CM| 30X37X10CM| 35X40X10CM| 25X35X10CM| 32X42X10CM<\/li>\n<li><strong>Surface d'impression<\/strong>: blank<\/li>\n<li><strong>Fermeture<\/strong>: Ouvrir<\/li>\n<li><strong>Instructions d'entretien<\/strong>: Lavage \u00e0 la main recommand\u00e9, lavage en machine possible, s\u00e9chage \u00e0 plat.<\/li>\n<\/ul>\n<p><strong>Remarques : Pour les tissus en coton, il y aura un l\u00e9ger r\u00e9tr\u00e9cissement apr\u00e8s le lavage.<\/strong><\/p>","protected":false},"excerpt":{"rendered":"<p>Toile de haute qualit\u00e9, \u00e9paisse et souple, r\u00e9sistante \u00e0 l'usure et ne s'ab\u00eemant pas facilement.<\/p>","protected":false},"featured_media":2099,"comment_status":"open","ping_status":"closed","template":"","meta":{"_seopress_robots_primary_cat":"none","_seopress_titles_title":"Blank Tote Bags Wholesale - Stock & OEM - Fast Shipping","_seopress_titles_desc":"Popular Size of Canvas Blank Tote Bags in Stock,Fast Shipment for wholesale business,OEM is also easy with MOQ 100pieces, Get Quotes Now","_seopress_robots_index":""},"product_brand":[],"product_cat":[113],"product_tag":[123],"class_list":{"0":"post-2098","1":"product","2":"type-product","3":"status-publish","4":"has-post-thumbnail","6":"product_cat-bags-in-stock","7":"product_tag-in-stock","9":"first","10":"instock","11":"taxable","12":"shipping-taxable","13":"product-type-simple"},"_links":{"self":[{"href":"https:\/\/avecobaggie.com\/fr\/wp-json\/wp\/v2\/product\/2098","targetHints":{"allow":["GET"]}}],"collection":[{"href":"https:\/\/avecobaggie.com\/fr\/wp-json\/wp\/v2\/product"}],"about":[{"href":"https:\/\/avecobaggie.com\/fr\/wp-json\/wp\/v2\/types\/product"}],"replies":[{"embeddable":true,"href":"https:\/\/avecobaggie.com\/fr\/wp-json\/wp\/v2\/comments?post=2098"}],"wp:featuredmedia":[{"embeddable":true,"href":"https:\/\/avecobaggie.com\/fr\/wp-json\/wp\/v2\/media\/2099"}],"wp:attachment":[{"href":"https:\/\/avecobaggie.com\/fr\/wp-json\/wp\/v2\/media?parent=2098"}],"wp:term":[{"taxonomy":"product_brand","embeddable":true,"href":"https:\/\/avecobaggie.com\/fr\/wp-json\/wp\/v2\/product_brand?post=2098"},{"taxonomy":"product_cat","embeddable":true,"href":"https:\/\/avecobaggie.com\/fr\/wp-json\/wp\/v2\/product_cat?post=2098"},{"taxonomy":"product_tag","embeddable":true,"href":"https:\/\/avecobaggie.com\/fr\/wp-json\/wp\/v2\/product_tag?post=2098"}],"curies":[{"name":"wp","href":"https:\/\/api.w.org\/{rel}","templated":true}]}}