{"id":2104,"date":"2021-03-08T10:26:50","date_gmt":"2021-03-08T02:26:50","guid":{"rendered":"https:\/\/avecobaggie.com\/?post_type=product&#038;p=2104"},"modified":"2025-10-13T13:39:37","modified_gmt":"2025-10-13T05:39:37","slug":"cheap-drawstring-muslin-bag-wholesale","status":"publish","type":"product","link":"https:\/\/avecobaggie.com\/fr\/produit\/cheap-drawstring-muslin-bag-wholesale\/","title":{"rendered":"Sac en mousseline \u00e0 cordon bon march\u00e9 grossiste"},"content":{"rendered":"<p>Aveco fournit principalement des sacs \u00e9cologiques personnalis\u00e9s avec un service de solution unique.Mais nous avons \u00e9galement quelques mod\u00e8les de sacs de base en stock afin que vous puissiez commencer facilement.les sacs en stock sont pour la plupart vierges sans aucune impression.si vous voulez les personnaliser, cliquez ici : <strong><em><a href=\"https:\/\/avecobaggie.com\/fr\/produit\/\">sacs personnalis\u00e9s cat\u00e9gorie.<\/a><\/em><\/strong><\/p>\n<p>Nos sacs en mousseline sont durables, de haute qualit\u00e9 et abordables pour r\u00e9pondre \u00e0 diff\u00e9rents besoins. Pour les sacs \u00e0 cordon de listing, ils sont parfaits pour l'\u00e9picerie et le march\u00e9 fermier. Ils peuvent \u00eatre utilis\u00e9s comme sacs \u00e0 sachets, sacs \u00e0 fruits et l\u00e9gumes pour le stockage des fruits et l\u00e9gumes, sacs \u00e0 pochettes, pochettes en toile en vrac, etc. Ils sont \u00e9galement parfaits pour les sacs cadeaux de bricolage et les sacs \u00e0 lunch.<\/p>\n<h3 class=\"p1\"><span style=\"color: #333333;\">\u00a0 \u00a0 Caract\u00e9ristiques du produit pour le sac en mousseline<\/span><\/h3>\n<ul>\n<li><strong>Style du sac<\/strong>: Sac en mousseline \u00e0 cordon<\/li>\n<li><strong>Type de mat\u00e9riau<\/strong>: Toile<\/li>\n<li><strong>Mat\u00e9riau Poids<\/strong>: 8oz<\/li>\n<li><strong>Couleur du mat\u00e9riau<\/strong>: Beige naturel<\/li>\n<li><strong>Sac Taille du stock<\/strong>: 8X10CM|10X12CM|10X15CM|13X18CM|15X20CM|17X23CM|20X30CM|25X35CM<\/li>\n<li><strong>Surface d'impression<\/strong>: pas d'impression<\/li>\n<li><strong>Fermeture<\/strong>: Cordon de serrage<\/li>\n<li><strong>Instructions d'entretien<\/strong>: Lavage \u00e0 la main recommand\u00e9, lavage en machine possible, s\u00e9chage \u00e0 plat.<\/li>\n<\/ul>\n<p><strong>\u00a0 \u00a0 Remarques : Pour les tissus en coton ou en toile, il y aura un l\u00e9ger r\u00e9tr\u00e9cissement apr\u00e8s le lavage.<\/strong><\/p>","protected":false},"excerpt":{"rendered":"<p><span class=\"a-list-item\">Fabriqu\u00e9s en toile de coton naturelle, durable et non transform\u00e9e, les sacs sont compacts et l\u00e9gers et sont munis d'un cordon de serrage pour une fermeture facile.\u00a0<\/span><\/p>","protected":false},"featured_media":2105,"comment_status":"open","ping_status":"closed","template":"","meta":{"_seopress_robots_primary_cat":"none","_seopress_titles_title":"Plain Drawstring Muslin Bag - Various Sizes - Ready to Ship","_seopress_titles_desc":"Low MOQ and Ready to Ship Help You Start Muslin Business easily. More than 10 Years OEM Craftsman Experience With Customers All Over The World","_seopress_robots_index":""},"product_brand":[],"product_cat":[113],"product_tag":[123],"class_list":{"0":"post-2104","1":"product","2":"type-product","3":"status-publish","4":"has-post-thumbnail","6":"product_cat-bags-in-stock","7":"product_tag-in-stock","9":"first","10":"instock","11":"sold-individually","12":"taxable","13":"shipping-taxable","14":"product-type-simple"},"_links":{"self":[{"href":"https:\/\/avecobaggie.com\/fr\/wp-json\/wp\/v2\/product\/2104","targetHints":{"allow":["GET"]}}],"collection":[{"href":"https:\/\/avecobaggie.com\/fr\/wp-json\/wp\/v2\/product"}],"about":[{"href":"https:\/\/avecobaggie.com\/fr\/wp-json\/wp\/v2\/types\/product"}],"replies":[{"embeddable":true,"href":"https:\/\/avecobaggie.com\/fr\/wp-json\/wp\/v2\/comments?post=2104"}],"wp:featuredmedia":[{"embeddable":true,"href":"https:\/\/avecobaggie.com\/fr\/wp-json\/wp\/v2\/media\/2105"}],"wp:attachment":[{"href":"https:\/\/avecobaggie.com\/fr\/wp-json\/wp\/v2\/media?parent=2104"}],"wp:term":[{"taxonomy":"product_brand","embeddable":true,"href":"https:\/\/avecobaggie.com\/fr\/wp-json\/wp\/v2\/product_brand?post=2104"},{"taxonomy":"product_cat","embeddable":true,"href":"https:\/\/avecobaggie.com\/fr\/wp-json\/wp\/v2\/product_cat?post=2104"},{"taxonomy":"product_tag","embeddable":true,"href":"https:\/\/avecobaggie.com\/fr\/wp-json\/wp\/v2\/product_tag?post=2104"}],"curies":[{"name":"wp","href":"https:\/\/api.w.org\/{rel}","templated":true}]}}