{"id":2110,"date":"2021-03-08T11:38:56","date_gmt":"2021-03-08T03:38:56","guid":{"rendered":"https:\/\/avecobaggie.com\/?post_type=product&#038;p=2110"},"modified":"2025-10-13T13:39:10","modified_gmt":"2025-10-13T05:39:10","slug":"stock-jute-tote-bag-wholesale","status":"publish","type":"product","link":"https:\/\/avecobaggie.com\/fr\/produit\/stock-jute-tote-bag-wholesale\/","title":{"rendered":"Stock Jute Tote Bag Wholesale"},"content":{"rendered":"<p>Aveco fournit principalement des sacs \u00e9cologiques personnalis\u00e9s avec un service de solution \u00e0 guichet unique. Nous avons \u00e9galement quelques formes de base de sacs pour un d\u00e9marrage facile, comme indiqu\u00e9 sur le site Web de\u00a0\u00a0<a href=\"https:\/\/avecobaggie.com\/fr\/categorie-produit\/bags-in-stock\/\"> Sacs en stock <\/a>. la plupart des sacs en stock sont vierges de toute impression, ce qui vous permet d'apposer plus facilement un logo ou une \u00e9tiquette priv\u00e9e pour vos clients, sans minimum.<\/p>\n<p><span class=\"Apple-converted-space\">\u00a0 \u00a0 Si vous souhaitez personnaliser ces sacs \u00e9cologiques, c'est \u00e9galement facile, certains de ces sacs \u00e9tant m\u00eame dot\u00e9s d'un prix extr\u00eamement bas. <\/span>MOQ pour les surfaces personnalis\u00e9es. En particulier, les sacs en coton ou en toile sont extr\u00eamement bas, \u00e0 100 pi\u00e8ces ou m\u00eame moins, pour soutenir les d\u00e9butants. <a href=\"https:\/\/avecobaggie.com\/fr\/custom-solutions\/\"><strong>SOLUTIONS SUR MESURE<\/strong><\/a> pour en savoir plus sur les \u00e9tapes des sacs personnalis\u00e9s.<\/p>\n<p>The listed jute tote bags are\u00a0 made of jute, natural vintage brown, and lined with PVC ,which is waterproof, dirt-resistant, also shedding is minimal.Reinforced side sewing, and wide bottom gusset are helpful to keep bag in elegant shape.Handle straps are filled with cotton and tightly sewed to jute tote bags, soft, heavy duty and comfortable.With in stock for 4 sizes, fast delivery.<\/p>\n<h3 class=\"p1\"><span style=\"color: #333333;\">\u00a0Product Features for the Stock jute tote bag wholesale<\/span><\/h3>\n<ul>\n<li><strong>Style du sac<\/strong>: jute tote bag with bottom and side gusset<\/li>\n<li><strong>Type de mat\u00e9riau<\/strong>: Jute<\/li>\n<li><strong>Taille du sac<\/strong>: for stock ,we have 4 sized as\u00a0 26X27X10CM| 30X39X15CM| 31X25X10CM| 39X31X15CM| 45X35X18CM<\/li>\n<li><strong>Surface d'impression<\/strong>: blank in stock<\/li>\n<li><strong>Fermeture<\/strong>: Ouvrir<\/li>\n<li><strong>Instructions d'entretien<\/strong>: Hand wash recommend, <strong>machine wash not recommended.<\/strong><\/li>\n<\/ul>\n<p><span class=\"a-list-item\">Application &#8212; perfect jute gift bags with handles for wedding, bridesmaid, hotel, birthday, celebrations as giveaways, party favor bags; for women as shopping bags, for DIY ART Crafts like print crocheting writing embroidery.<\/span><\/p>","protected":false},"excerpt":{"rendered":"<p><span class=\"a-list-item\">Natural Burlap Fabric | waterproof PE film | Blank in Stock<\/span><\/p>","protected":false},"featured_media":2111,"comment_status":"open","ping_status":"closed","template":"","meta":{"_seopress_robots_primary_cat":"none","_seopress_titles_title":"Stock Jute Tote Bag Wholesale - Free Sample -Get Quote Now","_seopress_titles_desc":"Low MOQ and ready to ship help you start business right away. OEM\/ODM \u00b7 Free Sample \u00b7 Flexible Shipping Ways \u00b7 7X24hours Available","_seopress_robots_index":""},"product_brand":[],"product_cat":[104,109,113],"product_tag":[123],"class_list":{"0":"post-2110","1":"product","2":"type-product","3":"status-publish","4":"has-post-thumbnail","6":"product_cat-jute-burlap-bag","7":"product_cat-everyday","8":"product_cat-bags-in-stock","9":"product_tag-in-stock","11":"first","12":"outofstock","13":"taxable","14":"shipping-taxable","15":"product-type-simple"},"_links":{"self":[{"href":"https:\/\/avecobaggie.com\/fr\/wp-json\/wp\/v2\/product\/2110","targetHints":{"allow":["GET"]}}],"collection":[{"href":"https:\/\/avecobaggie.com\/fr\/wp-json\/wp\/v2\/product"}],"about":[{"href":"https:\/\/avecobaggie.com\/fr\/wp-json\/wp\/v2\/types\/product"}],"replies":[{"embeddable":true,"href":"https:\/\/avecobaggie.com\/fr\/wp-json\/wp\/v2\/comments?post=2110"}],"wp:featuredmedia":[{"embeddable":true,"href":"https:\/\/avecobaggie.com\/fr\/wp-json\/wp\/v2\/media\/2111"}],"wp:attachment":[{"href":"https:\/\/avecobaggie.com\/fr\/wp-json\/wp\/v2\/media?parent=2110"}],"wp:term":[{"taxonomy":"product_brand","embeddable":true,"href":"https:\/\/avecobaggie.com\/fr\/wp-json\/wp\/v2\/product_brand?post=2110"},{"taxonomy":"product_cat","embeddable":true,"href":"https:\/\/avecobaggie.com\/fr\/wp-json\/wp\/v2\/product_cat?post=2110"},{"taxonomy":"product_tag","embeddable":true,"href":"https:\/\/avecobaggie.com\/fr\/wp-json\/wp\/v2\/product_tag?post=2110"}],"curies":[{"name":"wp","href":"https:\/\/api.w.org\/{rel}","templated":true}]}}